{"id":1533,"date":"2016-12-23T10:18:32","date_gmt":"2016-12-23T10:18:32","guid":{"rendered":"http:\/\/uenf.br\/posgraduacao\/engenharia-civil\/?page_id=1533"},"modified":"2016-12-23T10:18:32","modified_gmt":"2016-12-23T10:18:32","slug":"topicos-especiais-em-engenharia-geotecnica-simulacao-computacional-via-programa-abaqus","status":"publish","type":"page","link":"https:\/\/uenf.br\/posgraduacao\/engenharia-civil\/topicos-especiais-em-engenharia-geotecnica-simulacao-computacional-via-programa-abaqus\/","title":{"rendered":"T\u00f3picos Especiais em Engenharia Geot\u00e9cnica\u2013 Simula\u00e7\u00e3o Computacional via Programa ABAQUS"},"content":{"rendered":"<p><\/p>\n<blockquote><p>M\u00e9todo dos Elementos Finitos (MEF), Programa ABAQUS.<\/p><\/blockquote>\n<p>&nbsp;<\/p>\n<p>Download aqui:\u00a0<a href=\"http:\/\/uenf.br\/posgraduacao\/engenharia-civil\/wp-content\/uploads\/sites\/3\/2016\/12\/CIV1693-T\u00f3picos-Especiais-em-engenharia-geot\u00e9cnica-Simula\u00e7\u00e3o-Computacional-via-Programa-ABAQUS.pdf\">T\u00f3picos Especiais em Engenharia Geot\u00e9cnica\u2013 Simula\u00e7\u00e3o Computacional via Programa ABAQUS<\/a><\/p>","protected":false},"excerpt":{"rendered":"<p>M\u00e9todo dos Elementos Finitos (MEF), Programa ABAQUS. &nbsp; Download aqui:\u00a0T\u00f3picos Especiais em Engenharia Geot\u00e9cnica\u2013 Simula\u00e7\u00e3o Computacional via Programa ABAQUS<\/p>\n","protected":false},"author":7,"featured_media":0,"parent":0,"menu_order":0,"comment_status":"closed","ping_status":"closed","template":"","meta":{"footnotes":""},"class_list":["post-1533","page","type-page","status-publish","hentry"],"_links":{"self":[{"href":"https:\/\/uenf.br\/posgraduacao\/engenharia-civil\/wp-json\/wp\/v2\/pages\/1533","targetHints":{"allow":["GET"]}}],"collection":[{"href":"https:\/\/uenf.br\/posgraduacao\/engenharia-civil\/wp-json\/wp\/v2\/pages"}],"about":[{"href":"https:\/\/uenf.br\/posgraduacao\/engenharia-civil\/wp-json\/wp\/v2\/types\/page"}],"author":[{"embeddable":true,"href":"https:\/\/uenf.br\/posgraduacao\/engenharia-civil\/wp-json\/wp\/v2\/users\/7"}],"replies":[{"embeddable":true,"href":"https:\/\/uenf.br\/posgraduacao\/engenharia-civil\/wp-json\/wp\/v2\/comments?post=1533"}],"version-history":[{"count":0,"href":"https:\/\/uenf.br\/posgraduacao\/engenharia-civil\/wp-json\/wp\/v2\/pages\/1533\/revisions"}],"wp:attachment":[{"href":"https:\/\/uenf.br\/posgraduacao\/engenharia-civil\/wp-json\/wp\/v2\/media?parent=1533"}],"curies":[{"name":"wp","href":"https:\/\/api.w.org\/{rel}","templated":true}]}}