{"id":1539,"date":"2016-12-24T17:52:49","date_gmt":"2016-12-24T17:52:49","guid":{"rendered":"http:\/\/uenf.br\/posgraduacao\/engenharia-civil\/?page_id=1539"},"modified":"2017-08-17T13:10:29","modified_gmt":"2017-08-17T13:10:29","slug":"dissertacoes-de-mestrado-2016","status":"publish","type":"page","link":"https:\/\/uenf.br\/posgraduacao\/engenharia-civil\/dissertacoes-de-mestrado-2016\/","title":{"rendered":"Disserta\u00e7\u00f5es de Mestrado 2016"},"content":{"rendered":"<p>&nbsp;<\/p>\n<form>\n<fieldset>\n<legend>APLICA\u00c7\u00c3O DE ANALISE LIMITE NUM\u00c9RICA A PROBLEMAS DE ARRANCAMENTO DE DUTOS ENTERRADOS<\/legend>\n<p style=\"text-align: left\"><strong>Autor:\u00a0<\/strong><strong>RAQUEL MILINA DE MORAES BEZERRA<\/strong><br \/>\n<strong>OrientadorA:<\/strong> Prof. Aldo Durand Farf\u00e1n<br \/>\n<strong>\u00c1rea de Concentra\u00e7\u00e3o:<\/strong>\u00a0Geotecnia<br \/>\n<strong>Situa\u00e7\u00e3o:<\/strong> Conclu\u00edda \u2013 DEZEMBRO\u00a0&#8211; 2016<br \/>\n<a href=\"http:\/\/uenf.br\/posgraduacao\/engenharia-civil\/dissertacoes-de-mestrado-2016-raquel-milina-de-moraes-bezerra\/?preview_id=1854&amp;preview_nonce=c1f6dda57c&amp;_thumbnail_id=-1&amp;preview=true\">Veja mais<\/a><\/p>\n<\/fieldset>\n<p>&nbsp;<\/p>\n<p>&nbsp;<\/p>\n<\/form>\n<form>\n<fieldset>\n<legend>ESTUDO DA VARIA\u00c7\u00c3O DO PREENCHIMENTO INTERNO, NO COMPORTAMENTO DE ESTACAS TUBULARES VAZADAS SUBMETIDAS AO ARRANCAMENTO ATRAV\u00c9S DE ENSAIOS EM CENTR\u00cdFUGA GEOT\u00c9CNICA<\/legend>\n<p style=\"text-align: left\"><strong>Autor: JALDAH MANHAES CORREA<\/strong><br \/>\n<strong>OrientadorA:<\/strong> Prof. Rodrigo Martins Reis<br \/>\n<strong>\u00c1rea de Concentra\u00e7\u00e3o:<\/strong>\u00a0Geotecnia<br \/>\n<strong>Situa\u00e7\u00e3o:<\/strong> Conclu\u00edda \u2013 DEZEMBRO\u00a0&#8211; 2016<br \/>\n<a href=\"http:\/\/uenf.br\/posgraduacao\/engenharia-civil\/dissertacoes-de-mestrado-2016\/dissertacoes-de-mestrado-2016-jaldah-manhaes-correa\/\">Veja mais<\/a><\/p>\n<\/fieldset>\n<p>&nbsp;<\/p>\n<p>&nbsp;<\/p>\n<\/form>\n<form>\n<fieldset>\n<legend>ESTUDO DA INTERA\u00c7\u00c3O SOLO X DUTO ATRAV\u00c9S DE MODELOS REDUZIDOS E VELOCIMETRIA DE PART\u00cdCULAS<\/legend>\n<p style=\"text-align: left\"><strong>Autor: FL\u00c1VIA CHRYS\u00d3STOMO SILVA<\/strong><br \/>\n<strong>OrientadorA:<\/strong> Prof. Fernando Saboya Albuquerque Junior<br \/>\n<strong>\u00c1rea de Concentra\u00e7\u00e3o:<\/strong>\u00a0Geotecnia<br \/>\n<strong>Situa\u00e7\u00e3o:<\/strong> Conclu\u00edda \u2013 DEZEMBRO\u00a0&#8211; 2016<br \/>\n<a href=\"http:\/\/uenf.br\/posgraduacao\/engenharia-civil\/dissertacoes-de-mestrado-2016\/dissertacoes-de-mestrado-2016-flavia-chrysostomo-silva\/\">Veja mais<\/a><\/p>\n<\/fieldset>\n<p>&nbsp;<\/p>\n<p>&nbsp;<\/p>\n<\/form>\n<form>\n<fieldset>\n<legend>PROJETO \u00d3TIMO DE P\u00d3RTICOS DE A\u00c7O UTILIZANDO PERFIS COMERCIAIS E ALGORITMOS GEN\u00c9TICOS<\/legend>\n<p style=\"text-align: left\"><strong>Autor: M\u00c1RCIO DOS SANTOS<\/strong><br \/>\n<strong>OrientadorA:<\/strong> Prof. Gines Arturo Santos Falc\u00f3n<br \/>\n<strong>\u00c1rea de Concentra\u00e7\u00e3o:<\/strong> Estruturas<br \/>\n<strong>Situa\u00e7\u00e3o:<\/strong> Conclu\u00edda \u2013 SETEMBRO &#8211; 2016<br \/>\n<a href=\"http:\/\/uenf.br\/posgraduacao\/engenharia-civil\/dissertacoes-de-mestrado-2016-marcio-dos-santos\/\">Veja mais<\/a><\/p>\n<\/fieldset>\n<p>&nbsp;<\/p>\n<\/form>\n<form>\n<fieldset>\n<legend>CARACTERIZA\u00c7\u00c3O DA DEGRADA\u00c7\u00c3O NATURAL DOS ENROCAMENTOS DE PROTE\u00c7\u00c3O DE BARRAGENS<\/legend>\n<p style=\"text-align: left\"><strong>Autor: KELLY DE OLIVEIRA BORGES DA COSTA<\/strong><br \/>\n<strong>Orientador:<\/strong> Prof. Gustavo de Castro Xavier<br \/>\n<strong>\u00c1rea de Concentra\u00e7\u00e3o:<\/strong> Geotecnia<br \/>\n<strong>Situa\u00e7\u00e3o:<\/strong> Conclu\u00edda \u2013 SETEMBRO \u2013 2016<br \/>\n<strong><a href=\"http:\/\/uenf.br\/posgraduacao\/engenharia-civil\/dissertacoes-de-mestrado-2016-kelly-de-oliveira-borges-da-costa\/\" target=\"_blank\">Veja mais.<\/a><\/strong><\/p>\n<\/fieldset>\n<\/form>\n<form>&nbsp;<\/p>\n<\/form>\n<form>\n<fieldset>\n<legend>MODELAGEM F\u00cdSICA DE ESCORREGAMENTOS SUBMARINOS A DIFERENTES N\u00cdVEIS DE ACELERA\u00c7\u00c3O GRAVITACIONAL<\/legend>\n<p style=\"text-align: left\"><strong>Autor: GABRIEL SAMAR\u00c3O DA MOTTA<\/strong><br \/>\n<strong>Orientador:<\/strong> Prof. Dr. S\u00e9rgio Tibana<br \/>\n<strong>\u00c1rea de Concentra\u00e7\u00e3o:<\/strong>\u00a0Geotecnia<br \/>\n<strong>Situa\u00e7\u00e3o:<\/strong> Conclu\u00edda \u2013 AGOSTO &#8211; 2016<br \/>\n<strong><a href=\"http:\/\/uenf.br\/posgraduacao\/engenharia-civil\/dissertacoes-de-mestrado-2016-gabriel-samarao-da-motta\/\" target=\"_blank\">Veja mais.<\/a><\/strong><\/p>\n<\/fieldset>\n<\/form>\n<form>&nbsp;<\/p>\n<\/form>\n<form>\n<fieldset>\n<legend>AVALIA\u00c7\u00c3O DA DURABILIDADE E PROPRIEDADES MEC\u00c2NICAS DE CONCRETOS EXPOSTOS AO ATAQUE \u00c1CIDO POR VINHOTO<\/legend>\n<p style=\"text-align: left\"><strong>Autor: ANA PAULA RIBEIRO SARMET MOREIRA SMIDERLE<\/strong><br \/>\n<strong>Orientador:<\/strong> Prof. Guilherme Chagas Cordeiro<br \/>\n<strong>\u00c1rea de Concentra\u00e7\u00e3o:<\/strong>\u00a0Estruturas<br \/>\n<strong>Situa\u00e7\u00e3o:<\/strong> Conclu\u00edda \u2013 JULHO \u2013 2016<br \/>\n<strong><a href=\"http:\/\/uenf.br\/posgraduacao\/engenharia-civil\/dissertacoes-de-mestrado-2016-ana-paula-ribeiro-sarmet-moreira-smiderle\/\" target=\"_blank\">Veja mais.<\/a><\/strong><\/p>\n<\/fieldset>\n<\/form>\n<form>&nbsp;<\/p>\n<\/form>\n<form>\n<fieldset>\n<legend>INFLU\u00caNCIA DO RES\u00cdDUO DE VIDRO NAS PROPRIEDADES DE UMA ARGAMASSA COLANTE<\/legend>\n<p style=\"text-align: left\"><strong>Autor: DIOGO PEREIRA DOS SANTOS<\/strong><br \/>\n<strong>Orientador:<\/strong> Prof. Dylmar Penteado Dias<br \/>\n<strong>\u00c1rea de Concentra\u00e7\u00e3o:<\/strong> Estruturas<br \/>\n<strong>Situa\u00e7\u00e3o:<\/strong> Conclu\u00edda \u2013\u00a0 JUNHO &#8211; 2016<br \/>\n<strong><a href=\"http:\/\/uenf.br\/posgraduacao\/engenharia-civil\/dissertacoes-de-mestrado-2016-diogo-pereira-dos-santos\/\" target=\"_blank\">Veja mais.<\/a><\/strong><\/p>\n<\/fieldset>\n<\/form>\n<form>&nbsp;<\/p>\n<\/form>\n<form>\n<fieldset>\n<legend>AVALIA\u00c7\u00c3O DA TEORIA ATRITO &#8211; CISALHAMENTO EM\u00a0CONCRETO LEVE E DE ALTA RESIST\u00caNCIA<\/legend>\n<p style=\"text-align: left\"><strong>Autor: PATRICIA DA SILVA PEREIRA<\/strong><br \/>\n<strong>Orientador:<\/strong> Prof. Sergio Luis Gonz\u00e1lez Garcia<br \/>\n<strong>\u00c1rea de Concentra\u00e7\u00e3o:<\/strong> Estruturas<br \/>\n<strong>Situa\u00e7\u00e3o:<\/strong> Conclu\u00edda \u2013 MAR\u00c7O &#8211; 2016<br \/>\n<strong><a href=\"http:\/\/uenf.br\/posgraduacao\/engenharia-civil\/dissertacoes-de-mestrado-2016-patricia-da-silva-pereira\/\" target=\"_blank\">Veja mais.<\/a><\/strong><\/p>\n<\/fieldset>\n<\/form>\n<form>&nbsp;<\/p>\n<\/form>\n<form>\n<fieldset>\n<legend>INFLU\u00caNCIA DO EMPREGO DE RES\u00cdDUO DA BRITAGEM DE GRANITO E DE CINZA DA CASCA DE ARROZ NAS PROPRIEDADES REOL\u00d3GICAS E MEC\u00c2NICAS DO CONCRETO<\/legend>\n<p style=\"text-align: left\"><strong>Autor: LAURA MONTEIRO SOARES CRESPO DE ALVARENGA<\/strong><br \/>\n<strong>Orientador:<\/strong> Prof. Guilherme Chagas Cordeiro<br \/>\n<strong>\u00c1rea de Concentra\u00e7\u00e3o:<\/strong>\u00a0Estruturas<br \/>\n<strong>Situa\u00e7\u00e3o:<\/strong> Conclu\u00edda \u2013 JANEIRO &#8211; 2016<br \/>\n<strong><a href=\"http:\/\/uenf.br\/posgraduacao\/engenharia-civil\/dissertacoes-de-mestrado-2016-laura-monteiro-soares-crespo-de-alvarenga\/\" target=\"_blank\">Veja mais.<\/a><\/strong><\/p>\n<\/fieldset>\n<\/form>\n<form>&nbsp;<\/p>\n<\/form>\n<form>\n<fieldset>\n<legend>AN\u00c1LISE DE UM ATERRO EXPERIMENTAL LEVADO \u00c0 RUPTURA\u00a0SITUADO EM REGI\u00c3O DE BAIXADA DE MACA\u00c9 \u2013 RJ<\/legend>\n<p style=\"text-align: left\"><strong>Autor: PEDRO NOLASCO CASTRO NASCIMENTO<\/strong><br \/>\n<strong>Orientador:<\/strong> Prof. Paulo C\u00e9sar de Almeida Maia<br \/>\n<strong>\u00c1rea de Concentra\u00e7\u00e3o:<\/strong>\u00a0Geotecnia<br \/>\n<strong>Situa\u00e7\u00e3o:<\/strong> Conclu\u00edda \u2013 FEVEREIRO \u2013 2016<br \/>\n<strong><a href=\"http:\/\/uenf.br\/posgraduacao\/engenharia-civil\/dissertacoes-de-mestrado-2016-pedro-nolasco-castro-nascimento\/\" target=\"_blank\">Veja mais.<\/a><\/strong><\/p>\n<\/fieldset>\n<\/form>\n<form>&nbsp;<\/p>\n<\/form>\n<form>\n<fieldset>\n<legend>CARACTERIZA\u00c7\u00c3O GEOT\u00c9CNICA DE UM DEP\u00d3SITO DE SOLO\u00a0MOLE EM \u00c1REA DE BAIXADA LOCALIZADA EM MACA\u00c9-RJ<\/legend>\n<p style=\"text-align: left\"><strong>Autor: LUISA MUYLAERT DE MENEZES P\u00d3VOA<\/strong><br \/>\n<strong>Orientador:<\/strong> Prof. Paulo C\u00e9sar de Almeida Maia<br \/>\n<strong>\u00c1rea de Concentra\u00e7\u00e3o:<\/strong> Geotecnia<br \/>\n<strong>Situa\u00e7\u00e3o:<\/strong> Conclu\u00edda \u2013 Fevereiro \u2013 2016<br \/>\n<strong><a href=\"http:\/\/uenf.br\/posgraduacao\/engenharia-civil\/dissertacoes-de-mestrado-2016-luisa-muylaert-de-menezes-povoa\/\" target=\"_blank\">Veja mais.<\/a><\/strong><\/p>\n<\/fieldset>\n<\/form>\n<form>&nbsp;<\/p>\n<p><strong>Disserta\u00e7\u00f5es<\/strong><\/p>\n<p><a href=\"http:\/\/uenf.br\/posgraduacao\/engenharia-civil\/dissertacoes-de-mestrado-2016\/\">2016<\/a> &#8211;\u00a0<a href=\"http:\/\/uenf.br\/posgraduacao\/engenharia-civil\/dissertacoes-de-mestrado\/dissertacoes-de-metrado-2015\/\">2015 <\/a>&#8211; <a href=\"http:\/\/uenf.br\/posgraduacao\/engenharia-civil\/dissertacoes-de-mestrado\/dissertacoes-de-mestrado-2014\/\">2014 <\/a>&#8211; <a href=\"http:\/\/uenf.br\/posgraduacao\/engenharia-civil\/dissertacoes-de-mestrado\/dissertacoes-de-mestrado-2013\/\">2013 <\/a>&#8211; <a href=\"http:\/\/uenf.br\/posgraduacao\/engenharia-civil\/dissertacoes-de-mestrado\/dissertacoes-de-mestrado-2012\/\">2012 <\/a>&#8211; <a href=\"http:\/\/uenf.br\/posgraduacao\/engenharia-civil\/dissertacoes-de-mestrado\/dissertacoes-de-mestrado-2011\/\">2011<\/a> &#8211; <a href=\"http:\/\/uenf.br\/posgraduacao\/engenharia-civil\/dissertacoes-de-mestrado\/dissertacoes-de-mestrado-2010\/\">2010 <\/a>&#8211; <a href=\"http:\/\/uenf.br\/posgraduacao\/engenharia-civil\/dissertacoes-de-mestrado\/dissertacoes-de-mestrado-2009\/\">2009 <\/a>&#8211; <a href=\"http:\/\/uenf.br\/posgraduacao\/engenharia-civil\/dissertacoes-de-mestrado\/dissertacoes-de-mestrado-2008\/\">2008 <\/a>&#8211; <a href=\"http:\/\/uenf.br\/posgraduacao\/engenharia-civil\/dissertacoes-de-mestrado\/dissertacoes-de-mestrado-2007\/\">2007 <\/a>&#8211; <a href=\"http:\/\/uenf.br\/posgraduacao\/engenharia-civil\/dissertacoes-de-mestrado\/dissertacoes-de-mestrado-2006\/\" target=\"_blank\">2006 <\/a>&#8211; <a href=\"http:\/\/uenf.br\/posgraduacao\/engenharia-civil\/dissertacoes-de-mestrado\/dissertacoes-de-mestrado-2005\/\">2005<\/a> &#8211; <a href=\"http:\/\/uenf.br\/posgraduacao\/engenharia-civil\/dissertacoes-de-mestrado\/dissertacoes-de-mestrado-2004\/\">2004\u00a0<\/a>&#8211; <a href=\"http:\/\/uenf.br\/posgraduacao\/engenharia-civil\/dissertacoes-de-mestrado\/dissertacoes-de-mestrado-2003\/\">2003<\/a><\/p>\n<\/form>\n<p><\/p>","protected":false},"excerpt":{"rendered":"<p>&nbsp; APLICA\u00c7\u00c3O DE ANALISE LIMITE NUM\u00c9RICA A PROBLEMAS DE ARRANCAMENTO DE DUTOS ENTERRADOS Autor:\u00a0RAQUEL MILINA DE MORAES BEZERRA OrientadorA: Prof&#8230;.<\/p>\n","protected":false},"author":7,"featured_media":0,"parent":0,"menu_order":0,"comment_status":"closed","ping_status":"closed","template":"","meta":{"footnotes":""},"class_list":["post-1539","page","type-page","status-publish","hentry"],"_links":{"self":[{"href":"https:\/\/uenf.br\/posgraduacao\/engenharia-civil\/wp-json\/wp\/v2\/pages\/1539","targetHints":{"allow":["GET"]}}],"collection":[{"href":"https:\/\/uenf.br\/posgraduacao\/engenharia-civil\/wp-json\/wp\/v2\/pages"}],"about":[{"href":"https:\/\/uenf.br\/posgraduacao\/engenharia-civil\/wp-json\/wp\/v2\/types\/page"}],"author":[{"embeddable":true,"href":"https:\/\/uenf.br\/posgraduacao\/engenharia-civil\/wp-json\/wp\/v2\/users\/7"}],"replies":[{"embeddable":true,"href":"https:\/\/uenf.br\/posgraduacao\/engenharia-civil\/wp-json\/wp\/v2\/comments?post=1539"}],"version-history":[{"count":0,"href":"https:\/\/uenf.br\/posgraduacao\/engenharia-civil\/wp-json\/wp\/v2\/pages\/1539\/revisions"}],"wp:attachment":[{"href":"https:\/\/uenf.br\/posgraduacao\/engenharia-civil\/wp-json\/wp\/v2\/media?parent=1539"}],"curies":[{"name":"wp","href":"https:\/\/api.w.org\/{rel}","templated":true}]}}