{"id":1550,"date":"2016-12-24T18:13:01","date_gmt":"2016-12-24T18:13:01","guid":{"rendered":"http:\/\/uenf.br\/posgraduacao\/engenharia-civil\/?page_id=1550"},"modified":"2016-12-24T18:14:39","modified_gmt":"2016-12-24T18:14:39","slug":"dissertacoes-de-mestrado-2016-marcio-dos-santos","status":"publish","type":"page","link":"https:\/\/uenf.br\/posgraduacao\/engenharia-civil\/dissertacoes-de-mestrado-2016-marcio-dos-santos\/","title":{"rendered":"Disserta\u00e7\u00f5es de Mestrado 2016 &#8211; M\u00c1RCIO DOS SANTOS"},"content":{"rendered":"<p><\/p>\n<p style=\"text-align: justify\">RESUMO<\/p>\n<p style=\"text-align: justify\">Nesta disserta\u00e7\u00e3o de mestrado, prop\u00f5e-se uma metodologia para minimiza\u00e7\u00e3o do peso pr\u00f3prio de p\u00f3rticos planos de a\u00e7o utilizados em edifica\u00e7\u00f5es. Objetiva-se definir estruturas mecanicamente mais eficientes atrav\u00e9s da determina\u00e7\u00e3o dos perfis comerciais \u00f3timos das vigas e colunas. Como restri\u00e7\u00f5es de projeto, considerou-se o comportamento mec\u00e2nico pelas an\u00e1lises linear e n\u00e3o linear, de acordo com a norma NBR8800 (ABNT, 2008) para constru\u00e7\u00f5es em a\u00e7o. Inicialmente, desenvolveu-se um banco de dados digital com as dimens\u00f5es e as propriedades geom\u00e9tricas de perfis comerciais obtidos de fabricantes nacionais, acessado automaticamente atrav\u00e9s de interfaces computacionais pelos m\u00f3dulos de an\u00e1lise e otimiza\u00e7\u00e3o. Paralelamente foram desenvolvidos c\u00f3digos computacionais pr\u00f3prios para an\u00e1lise linear e n\u00e3o linear geom\u00e9trica da estrutura, necess\u00e1rios para o caso de p\u00f3rticos n\u00e3o contraventados com liga\u00e7\u00f5es r\u00edgidas. Adicionalmente, considerou-se o problema de instabilidade estrutural, que consiste na perda de equil\u00edbrio da estrutura e que pode ser gerada pela flambagem global ou local de elementos com grande esbeltez. No m\u00f3dulo de otimiza\u00e7\u00e3o s\u00e3o utilizados algoritmos gen\u00e9ticos, adequado para o problema com vari\u00e1veis discretas que possibilitam a busca eficiente do m\u00ednimo global do problema. Finalmente, s\u00e3o apresentadas aplica\u00e7\u00f5es, utilizadas para valida\u00e7\u00e3o da metodologia proposta, que mostram resultados bastante satisfat\u00f3rios em compara\u00e7\u00e3o com os resultados dispon\u00edveis na literatura. Todos os c\u00f3digos computacionais foram desenvolvidos no ambiente computacional MATLAB\u00ae em linguagem amig\u00e1vel.<\/p>\n<p style=\"text-align: right\"><a href=\"https:\/\/uenf.br\/posgraduacao\/engenharia-civil\/wp-content\/uploads\/sites\/3\/2016\/12\/Disserta\u00e7\u00f5es-de-Mestrado-2016-M\u00c1RCIO-DOS-SANTOS.pdf\">Download aqui:<\/a><\/p>\n<p><\/p>","protected":false},"excerpt":{"rendered":"<p>RESUMO Nesta disserta\u00e7\u00e3o de mestrado, prop\u00f5e-se uma metodologia para minimiza\u00e7\u00e3o do peso pr\u00f3prio de p\u00f3rticos planos de a\u00e7o utilizados em&#8230;<\/p>\n","protected":false},"author":7,"featured_media":0,"parent":0,"menu_order":0,"comment_status":"closed","ping_status":"closed","template":"","meta":{"footnotes":""},"class_list":["post-1550","page","type-page","status-publish","hentry"],"_links":{"self":[{"href":"https:\/\/uenf.br\/posgraduacao\/engenharia-civil\/wp-json\/wp\/v2\/pages\/1550","targetHints":{"allow":["GET"]}}],"collection":[{"href":"https:\/\/uenf.br\/posgraduacao\/engenharia-civil\/wp-json\/wp\/v2\/pages"}],"about":[{"href":"https:\/\/uenf.br\/posgraduacao\/engenharia-civil\/wp-json\/wp\/v2\/types\/page"}],"author":[{"embeddable":true,"href":"https:\/\/uenf.br\/posgraduacao\/engenharia-civil\/wp-json\/wp\/v2\/users\/7"}],"replies":[{"embeddable":true,"href":"https:\/\/uenf.br\/posgraduacao\/engenharia-civil\/wp-json\/wp\/v2\/comments?post=1550"}],"version-history":[{"count":0,"href":"https:\/\/uenf.br\/posgraduacao\/engenharia-civil\/wp-json\/wp\/v2\/pages\/1550\/revisions"}],"wp:attachment":[{"href":"https:\/\/uenf.br\/posgraduacao\/engenharia-civil\/wp-json\/wp\/v2\/media?parent=1550"}],"curies":[{"name":"wp","href":"https:\/\/api.w.org\/{rel}","templated":true}]}}