{"id":1554,"date":"2016-12-24T18:19:06","date_gmt":"2016-12-24T18:19:06","guid":{"rendered":"http:\/\/uenf.br\/posgraduacao\/engenharia-civil\/?page_id=1554"},"modified":"2016-12-24T19:43:46","modified_gmt":"2016-12-24T19:43:46","slug":"dissertacoes-de-mestrado-2016-kelly-de-oliveira-borges-da-costa","status":"publish","type":"page","link":"https:\/\/uenf.br\/posgraduacao\/engenharia-civil\/dissertacoes-de-mestrado-2016-kelly-de-oliveira-borges-da-costa\/","title":{"rendered":"Disserta\u00e7\u00f5es de Mestrado 2016 &#8211; KELLY DE OLIVEIRA BORGES DA COSTA"},"content":{"rendered":"<p><\/p>\n<p style=\"text-align: justify\">Resumo<\/p>\n<p style=\"text-align: justify\">Os principais campos de aplica\u00e7\u00e3o dos enrocamentos s\u00e3o as barragens, as obras portu\u00e1rias, as vias de comunica\u00e7\u00e3o e os aeroportos. Dentre estes, destaca-se a constru\u00e7\u00e3o das grandes barragens onde os enrocamentos mostraram o seu potencial de utiliza\u00e7\u00e3o, tanto no que se refere aos custos, quanto \u00e0s caracter\u00edsticas geomec\u00e2nicas. A constru\u00e7\u00e3o civil busca, cada vez mais, o aproveitamento m\u00e1ximo dos materiais dispon\u00edveis. Assim, observa-se uma tend\u00eancia de emprego de rochas de menor qualidade, suscept\u00edveis \u00e0s varia\u00e7\u00f5es de resist\u00eancia e de deformabilidade, provocadas por diversos fatores inerentes aos materiais e ao meio ambiente. Dentre estes fatores, destacam-se as caracter\u00edsticas de altera\u00e7\u00e3o da rocha. Neste sentido, este trabalho apresenta um estudo sobre a varia\u00e7\u00e3o das propriedades mec\u00e2nicas de rochas expostas ao intemperismo, e utilizadas como enrocamento de prote\u00e7\u00e3o dos taludes de montante das barragens das seguintes Usinas Hidrel\u00e9tricas: Furnas, Porto Col\u00f4mbia, Marimbondo, Manso e Foz do Chapec\u00f3, com as respectivas rochas (quartzito, diab\u00e1sio, basalto, arenito e basalto). O per\u00edodo de degrada\u00e7\u00e3o natural \u00e9 compreendido entre 6 e 53 anos. S\u00e3o descritos a metodologia e o ensaio, \u00e9 realizada a an\u00e1lise qu\u00edmica e petrografia das part\u00edculas de enrocamento, e apresentados os resultados dos ensaios de abras\u00e3o Los Angeles, Micro Deval, Slake Durability e compress\u00e3o pontual. Os resultados obtidos s\u00e3o associados aos dados da literatura para a avalia\u00e7\u00e3o de par\u00e2metros de degrada\u00e7\u00e3o e durabilidade caracter\u00edsticos desse material. Para complementar o entendimento deste trabalho, s\u00e3o apresentadas: a revis\u00e3o bibliogr\u00e1fica sobre o assunto, as \u00e1reas de estudo, os materiais e m\u00e9todos de ensaio, as an\u00e1lises, discuss\u00f5es dos resultados e conclus\u00e3o..<\/p>\n<p style=\"text-align: right\"><a href=\"http:\/\/uenf.br\/posgraduacao\/engenharia-civil\/wp-content\/uploads\/sites\/3\/2016\/12\/Disserta\u00e7\u00f5es-de-Mestrado-2016-KELLY-DE-OLIVEIRA-BORGES-DA-COSTA.pdf\">Download aqui:<\/a><\/p>\n<p><\/p>","protected":false},"excerpt":{"rendered":"<p>Resumo Os principais campos de aplica\u00e7\u00e3o dos enrocamentos s\u00e3o as barragens, as obras portu\u00e1rias, as vias de comunica\u00e7\u00e3o e os&#8230;<\/p>\n","protected":false},"author":7,"featured_media":0,"parent":0,"menu_order":0,"comment_status":"closed","ping_status":"closed","template":"","meta":{"footnotes":""},"class_list":["post-1554","page","type-page","status-publish","hentry"],"_links":{"self":[{"href":"https:\/\/uenf.br\/posgraduacao\/engenharia-civil\/wp-json\/wp\/v2\/pages\/1554","targetHints":{"allow":["GET"]}}],"collection":[{"href":"https:\/\/uenf.br\/posgraduacao\/engenharia-civil\/wp-json\/wp\/v2\/pages"}],"about":[{"href":"https:\/\/uenf.br\/posgraduacao\/engenharia-civil\/wp-json\/wp\/v2\/types\/page"}],"author":[{"embeddable":true,"href":"https:\/\/uenf.br\/posgraduacao\/engenharia-civil\/wp-json\/wp\/v2\/users\/7"}],"replies":[{"embeddable":true,"href":"https:\/\/uenf.br\/posgraduacao\/engenharia-civil\/wp-json\/wp\/v2\/comments?post=1554"}],"version-history":[{"count":0,"href":"https:\/\/uenf.br\/posgraduacao\/engenharia-civil\/wp-json\/wp\/v2\/pages\/1554\/revisions"}],"wp:attachment":[{"href":"https:\/\/uenf.br\/posgraduacao\/engenharia-civil\/wp-json\/wp\/v2\/media?parent=1554"}],"curies":[{"name":"wp","href":"https:\/\/api.w.org\/{rel}","templated":true}]}}