{"id":1560,"date":"2016-12-24T18:25:11","date_gmt":"2016-12-24T18:25:11","guid":{"rendered":"http:\/\/uenf.br\/posgraduacao\/engenharia-civil\/?page_id=1560"},"modified":"2016-12-24T19:41:50","modified_gmt":"2016-12-24T19:41:50","slug":"dissertacoes-de-mestrado-2016-ana-paula-ribeiro-sarmet-moreira-smiderle","status":"publish","type":"page","link":"https:\/\/uenf.br\/posgraduacao\/engenharia-civil\/dissertacoes-de-mestrado-2016-ana-paula-ribeiro-sarmet-moreira-smiderle\/","title":{"rendered":"Disserta\u00e7\u00f5es de Mestrado 2016 &#8211; ANA PAULA RIBEIRO SARMET MOREIRA SMIDERLE"},"content":{"rendered":"<p><\/p>\n<p style=\"text-align: justify\">Resumo<\/p>\n<p style=\"text-align: justify\">A durabilidade do concreto \u00e9 um tema de grande import\u00e2ncia para a Engenharia Civil, pois influencia diretamente a vida \u00fatil de uma estrutura. Neste trabalho \u00e9 apresentado um estudo sobre as propriedades f\u00edsicas e mec\u00e2nicas de concretos submetidos ao ataque \u00e1cido por vinhoto, que \u00e9 um res\u00edduo da destila\u00e7\u00e3o da cana-de-a\u00e7\u00facar na produ\u00e7\u00e3o do etanol. Quatro tipos de concretos foram confeccionados, com duas classes de resist\u00eancia \u00e0 compress\u00e3o distintas (40 e 55 MPa aos 28 dias) onde, em cada classe, concretos foram feitos com e sem 20% de substitui\u00e7\u00e3o do volume original de cimento por uma cinza da casca de arroz pozol\u00e2nica. Os concretos foram mantidos por 180 dias em vinhoto ap\u00f3s 28 dias iniciais de cura em \u00e1gua saturada de cal. O comportamento dos concretos foi avaliado em ensaios de varia\u00e7\u00e3o de massa, absor\u00e7\u00e3o d\u2019\u00e1gua, resist\u00eancia \u00e0 compress\u00e3o, m\u00f3dulo de elasticidade e tra\u00e7\u00e3o por compress\u00e3o diametral. Al\u00e9m disso, o ataque foi monitorado com ensaios de difratometria de raios X, microscopia confocal e varia\u00e7\u00e3o de pH. Os resultados mostraram perda de massa crescente com o tempo de exposi\u00e7\u00e3o ao vinhoto, apesar de n\u00e3o resultar em diminui\u00e7\u00e3o expressiva das propriedades mec\u00e2nicas dos concretos. As misturas com cinza da casca de arroz apresentaram menores perdas de massa e de resist\u00eancia mec\u00e2nica comparadas aos concretos de refer\u00eancia da mesma classe de resist\u00eancia. De forma geral, o concreto de 55 MPa com cinza da casca de arroz, com menor porosidade acess\u00edvel \u00e0 \u00e1gua e maior resist\u00eancia \u00e0 compress\u00e3o, foi o que melhor comportamento apresentou frente ao ataque por vinhoto ap\u00f3s os 180 dias de exposi\u00e7\u00e3o.<\/p>\n<p style=\"text-align: right\"><a href=\"https:\/\/uenf.br\/posgraduacao\/engenharia-civil\/wp-content\/uploads\/sites\/3\/2016\/12\/Disserta\u00e7\u00f5es-de-Mestrado-2016-ANA-PAULA-RIBEIRO-SARMET-MOREIRA-SMIDERLE.pdf\">Download aqui:<\/a><\/p>\n<p><\/p>","protected":false},"excerpt":{"rendered":"<p>Resumo A durabilidade do concreto \u00e9 um tema de grande import\u00e2ncia para a Engenharia Civil, pois influencia diretamente a vida&#8230;<\/p>\n","protected":false},"author":7,"featured_media":0,"parent":0,"menu_order":0,"comment_status":"closed","ping_status":"closed","template":"","meta":{"footnotes":""},"class_list":["post-1560","page","type-page","status-publish","hentry"],"_links":{"self":[{"href":"https:\/\/uenf.br\/posgraduacao\/engenharia-civil\/wp-json\/wp\/v2\/pages\/1560","targetHints":{"allow":["GET"]}}],"collection":[{"href":"https:\/\/uenf.br\/posgraduacao\/engenharia-civil\/wp-json\/wp\/v2\/pages"}],"about":[{"href":"https:\/\/uenf.br\/posgraduacao\/engenharia-civil\/wp-json\/wp\/v2\/types\/page"}],"author":[{"embeddable":true,"href":"https:\/\/uenf.br\/posgraduacao\/engenharia-civil\/wp-json\/wp\/v2\/users\/7"}],"replies":[{"embeddable":true,"href":"https:\/\/uenf.br\/posgraduacao\/engenharia-civil\/wp-json\/wp\/v2\/comments?post=1560"}],"version-history":[{"count":0,"href":"https:\/\/uenf.br\/posgraduacao\/engenharia-civil\/wp-json\/wp\/v2\/pages\/1560\/revisions"}],"wp:attachment":[{"href":"https:\/\/uenf.br\/posgraduacao\/engenharia-civil\/wp-json\/wp\/v2\/media?parent=1560"}],"curies":[{"name":"wp","href":"https:\/\/api.w.org\/{rel}","templated":true}]}}