{"id":1568,"date":"2016-12-24T18:37:07","date_gmt":"2016-12-24T18:37:07","guid":{"rendered":"http:\/\/uenf.br\/posgraduacao\/engenharia-civil\/?page_id=1568"},"modified":"2016-12-24T18:37:07","modified_gmt":"2016-12-24T18:37:07","slug":"dissertacoes-de-mestrado-2016-patricia-da-silva-pereira","status":"publish","type":"page","link":"https:\/\/uenf.br\/posgraduacao\/engenharia-civil\/dissertacoes-de-mestrado-2016-patricia-da-silva-pereira\/","title":{"rendered":"Disserta\u00e7\u00f5es de Mestrado 2016 &#8211; PATRICIA DA SILVA PEREIRA"},"content":{"rendered":"<p><\/p>\n<p style=\"text-align: justify\">Resumo<br \/>\nA teoria atrito-cisalhamento \u00e9 uma nova abordagem que pode ser considerada como uma vers\u00e3o simplificada dos tradicionais m\u00e9todos para aconcep\u00e7\u00e3o de elementos sujeitos a tens\u00f5es cisalhantes. Neste trabalho, \u00e9 abordada<br \/>\na resist\u00eancia \u00e0 transfer\u00eancia de cisalhamento em concreto com agregado leve e normal de alta resist\u00eancia. Para avaliar a resist\u00eancia \u00e0 transfer\u00eancia de\u00a0cisalhamento, foram produzidos 12 corpos de prova pr\u00e9-fissurados do tipo push-off e\u00a0as principais vari\u00e1veis foram o tipo de agregado, a resist\u00eancia do concreto e a taxa\u00a0de armadura transversal. Tr\u00eas tipos de concreto foram produzidos: um concreto leve\u00a0utilizando argila expandida (30 MPa) e dois concretos com agregado normal de alta\u00a0resist\u00eancia (50 MPa) que possuem diferen\u00e7as em rela\u00e7\u00e3o ao tra\u00e7o. Os corpos de\u00a0prova foram pr\u00e9-fissurados e ensaiados sob cisalhamento direto atrav\u00e9s do ensaio\u00a0push-off e, atrav\u00e9s dos resultados, foi poss\u00edvel avaliar o comportamento destes tipos\u00a0de concreto em rela\u00e7\u00e3o \u00e0 transfer\u00eancia de cisalhamento, a influ\u00eancia da taxa de\u00a0armadura transversal e da resist\u00eancia do concreto na resist\u00eancia ao cisalhamento e\u00a0analisar a superf\u00edcie de ruptura de cada tipo de concreto vinculando esses\u00a0resultados aos agregados utilizados. Al\u00e9m disso, foram comparados os resultados\u00a0obtidos experimentalmente com resultados de equa\u00e7\u00f5es propostas na literatura e na\u00a0norma ACI 318 (2014). Entre os resultados obtidos, destaca-se que a diferen\u00e7a\u00a0relativa de tens\u00e3o \u00faltima de cisalhamento do concreto leve em rela\u00e7\u00e3o ao normal\u00a0apresentou valores de 22 a 38,4%.<\/p>\n<p style=\"text-align: justify\">\n<p style=\"text-align: right\"><a href=\"http:\/\/uenf.br\/posgraduacao\/engenharia-civil\/wp-content\/uploads\/sites\/3\/2016\/12\/Disserta\u00e7\u00f5es-de-Mestrado-2016-PATRICIA-DA-SILVA-PEREIRA.pdf\">Download aqui:<\/a><\/p>\n<p style=\"text-align: right\">\n<p><\/p>","protected":false},"excerpt":{"rendered":"<p>Resumo A teoria atrito-cisalhamento \u00e9 uma nova abordagem que pode ser considerada como uma vers\u00e3o simplificada dos tradicionais m\u00e9todos para&#8230;<\/p>\n","protected":false},"author":7,"featured_media":0,"parent":0,"menu_order":0,"comment_status":"closed","ping_status":"closed","template":"","meta":{"footnotes":""},"class_list":["post-1568","page","type-page","status-publish","hentry"],"_links":{"self":[{"href":"https:\/\/uenf.br\/posgraduacao\/engenharia-civil\/wp-json\/wp\/v2\/pages\/1568","targetHints":{"allow":["GET"]}}],"collection":[{"href":"https:\/\/uenf.br\/posgraduacao\/engenharia-civil\/wp-json\/wp\/v2\/pages"}],"about":[{"href":"https:\/\/uenf.br\/posgraduacao\/engenharia-civil\/wp-json\/wp\/v2\/types\/page"}],"author":[{"embeddable":true,"href":"https:\/\/uenf.br\/posgraduacao\/engenharia-civil\/wp-json\/wp\/v2\/users\/7"}],"replies":[{"embeddable":true,"href":"https:\/\/uenf.br\/posgraduacao\/engenharia-civil\/wp-json\/wp\/v2\/comments?post=1568"}],"version-history":[{"count":0,"href":"https:\/\/uenf.br\/posgraduacao\/engenharia-civil\/wp-json\/wp\/v2\/pages\/1568\/revisions"}],"wp:attachment":[{"href":"https:\/\/uenf.br\/posgraduacao\/engenharia-civil\/wp-json\/wp\/v2\/media?parent=1568"}],"curies":[{"name":"wp","href":"https:\/\/api.w.org\/{rel}","templated":true}]}}