{"id":1571,"date":"2016-12-24T18:39:40","date_gmt":"2016-12-24T18:39:40","guid":{"rendered":"http:\/\/uenf.br\/posgraduacao\/engenharia-civil\/?page_id=1571"},"modified":"2016-12-24T18:39:40","modified_gmt":"2016-12-24T18:39:40","slug":"dissertacoes-de-mestrado-2016-laura-monteiro-soares-crespo-de-alvarenga","status":"publish","type":"page","link":"https:\/\/uenf.br\/posgraduacao\/engenharia-civil\/dissertacoes-de-mestrado-2016-laura-monteiro-soares-crespo-de-alvarenga\/","title":{"rendered":"Disserta\u00e7\u00f5es de Mestrado 2016 &#8211; LAURA MONTEIRO SOARES CRESPO DE ALVARENGA"},"content":{"rendered":"<p><\/p>\n<p style=\"text-align: justify\">Resumo<\/p>\n<p style=\"text-align: justify\">A presente pesquisa de mestrado apresentou por objetivo principal a avalia\u00e7\u00e3o da influ\u00eancia do emprego da areia da britagem de granito (ABG) e de cinza da casca do arroz (CCA) nas propriedades reol\u00f3gicas e mec\u00e2nicas de concretos. A CCA substituiu parcialmente o cimento Portland no teor de 20%, em volume. A ABG, por sua vez, substituiu parcialmente o agregado natural (areia quartzosa de rio) nos teores de 10, 30 e 50%, em volume. O teor de cinza foi definido previamente por meio de testes em pastas, com substitui\u00e7\u00f5es de 10, 15 e 20%, em volume, do cimento. Os resultados mostraram que n\u00e3o houve diferen\u00e7as significativas (p &lt; 0,05) entre os valores de resist\u00eancia \u00e0 compress\u00e3o das diferentes pastas. Desta forma, optou-se pelo teor de 20% de CCA, que apresentou propriedades reol\u00f3gicas mais adequadas ao emprego em concreto. Em seguida, argamassas foram produzidas com 20% de CCA em substitui\u00e7\u00e3o ao cimento e teores vari\u00e1veis (10, 30 e 50%, em volume) de substitui\u00e7\u00e3o de areia natural por ABG. Nesse caso, tamb\u00e9m n\u00e3o houve diferen\u00e7as significativas entre os valores de resist\u00eancia \u00e0 compress\u00e3o das argamassas contendo ABG, em rela\u00e7\u00e3o \u00e0 argamassa de refer\u00eancia. Os mesmos teores de substitui\u00e7\u00e3o de cimento e areia por CCA e ABG, respectivamente, previamente avaliados nas argamassas, foram utilizados em concretos, que foram avaliados em ensaios reol\u00f3gicos, f\u00edsicos e mec\u00e2nicos. Os resultados indicaram a possibilidade de emprego de 50% de substitui\u00e7\u00e3o de areia natural por ABG e de 20% de cimento por CCA sem altera\u00e7\u00f5es expressivas na reologia e nas propriedades mec\u00e2nicas de um concreto de 50 MPa de resist\u00eancia aos 28 dias de cura.<\/p>\n<p style=\"text-align: right\"><a href=\"http:\/\/uenf.br\/posgraduacao\/engenharia-civil\/wp-content\/uploads\/sites\/3\/2016\/12\/Disserta\u00e7\u00f5es-de-Mestrado-2016-LAURA-MONTEIRO-SOARES-CRESPO-DE-ALVARENGA.pdf\">Download aqui:<\/a><\/p>\n<p><\/p>","protected":false},"excerpt":{"rendered":"<p>Resumo A presente pesquisa de mestrado apresentou por objetivo principal a avalia\u00e7\u00e3o da influ\u00eancia do emprego da areia da britagem&#8230;<\/p>\n","protected":false},"author":7,"featured_media":0,"parent":0,"menu_order":0,"comment_status":"closed","ping_status":"closed","template":"","meta":{"footnotes":""},"class_list":["post-1571","page","type-page","status-publish","hentry"],"_links":{"self":[{"href":"https:\/\/uenf.br\/posgraduacao\/engenharia-civil\/wp-json\/wp\/v2\/pages\/1571","targetHints":{"allow":["GET"]}}],"collection":[{"href":"https:\/\/uenf.br\/posgraduacao\/engenharia-civil\/wp-json\/wp\/v2\/pages"}],"about":[{"href":"https:\/\/uenf.br\/posgraduacao\/engenharia-civil\/wp-json\/wp\/v2\/types\/page"}],"author":[{"embeddable":true,"href":"https:\/\/uenf.br\/posgraduacao\/engenharia-civil\/wp-json\/wp\/v2\/users\/7"}],"replies":[{"embeddable":true,"href":"https:\/\/uenf.br\/posgraduacao\/engenharia-civil\/wp-json\/wp\/v2\/comments?post=1571"}],"version-history":[{"count":0,"href":"https:\/\/uenf.br\/posgraduacao\/engenharia-civil\/wp-json\/wp\/v2\/pages\/1571\/revisions"}],"wp:attachment":[{"href":"https:\/\/uenf.br\/posgraduacao\/engenharia-civil\/wp-json\/wp\/v2\/media?parent=1571"}],"curies":[{"name":"wp","href":"https:\/\/api.w.org\/{rel}","templated":true}]}}