{"id":1574,"date":"2016-12-24T18:45:35","date_gmt":"2016-12-24T18:45:35","guid":{"rendered":"http:\/\/uenf.br\/posgraduacao\/engenharia-civil\/?page_id=1574"},"modified":"2016-12-24T18:45:35","modified_gmt":"2016-12-24T18:45:35","slug":"dissertacoes-de-mestrado-2016-pedro-nolasco-castro-nascimento","status":"publish","type":"page","link":"https:\/\/uenf.br\/posgraduacao\/engenharia-civil\/dissertacoes-de-mestrado-2016-pedro-nolasco-castro-nascimento\/","title":{"rendered":"Disserta\u00e7\u00f5es de Mestrado 2016 &#8211; PEDRO NOLASCO CASTRO NASCIMENTO"},"content":{"rendered":"<p><\/p>\n<p style=\"text-align: justify\">Resumo<\/p>\n<p style=\"text-align: justify\">O presente trabalho trata de um estudo dos recalques e da ruptura de um aterro\u00a0experimental instrumentado constru\u00eddo sobre um dep\u00f3sito de solos moles em regi\u00e3o\u00a0de baixada de Maca\u00e9 \u2013 RJ. O local da pesquisa apresenta espessuras de at\u00e9 9 m de\u00a0solo mole, com caracter\u00edsticas de Nspt  2. A metodologia empregada na constru\u00e7\u00e3o\u00a0do aterro foi a convencional com refor\u00e7o, sendo utilizada a constru\u00e7\u00e3o de bermas\u00a0laterais, ap\u00f3s a ruptura, para estabiliza\u00e7\u00e3o do aterro. O aterro foi instrumentado com\u00a0placa de recalque, piez\u00f4metros do tipo Casagrande e marcos superficiais. Leituras\u00a0s\u00e3o feitas com frequ\u00eancia desde a constru\u00e7\u00e3o do aterro experimental. O aterro\u00a0experimental foi composto por 2 aterros com alturas diferentes. Destaca-se ainda, que\u00a0cada um dos aterros recebeu refor\u00e7o em sua metade, sendo utilizada a geogrelha\u00a0FORTRAC\u00ae 80T. O aterro com altura menor foi constru\u00eddo com uma base de 20 x 30\u00a0m (largura x comprimento) e o aterro com altura maior teve sua base com 30 x 40 m.\u00a0O aterro menor alcan\u00e7ou uma altura final de 3,1 m enquanto o aterro maior chegou a\u00a03,7 m, ambos com taludes de inclina\u00e7\u00e3o 1:2 (V:H). A constru\u00e7\u00e3o do aterro durou cerca\u00a0de 1 m\u00eas, e no per\u00edodo construtivo a obra foi monitorada com piez\u00f4metros. Ap\u00f3s a\u00a0ruptura do aterro maior, fez-se a retroan\u00e1lise para aferir a resist\u00eancia n\u00e3o drenada do\u00a0solo mole. O resultado da retroan\u00e1lise foi satisfat\u00f3rio para pesquisa. Os resultados do\u00a0monitoramento das placas de recalque e dos marcos superficiais foram coletados,\u00a0tratados e analisados com os c\u00e1lculos realizados a partir de formula\u00e7\u00f5es da literatura,\u00a0onde foram encontrados valores da mesma ordem de grandeza. Foram realizadas\u00a0tamb\u00e9m estimativas de recalque pelo m\u00e9todo de Asaoka, e os resultados foram\u00a0comparados com os recalques medidos em campo. Os resultados do m\u00e9todo de\u00a0Asaoka s\u00e3o satisfat\u00f3rios para o per\u00edodo analisado.<\/p>\n<p style=\"text-align: right\"><a href=\"http:\/\/uenf.br\/posgraduacao\/engenharia-civil\/wp-content\/uploads\/sites\/3\/2016\/12\/Disserta\u00e7\u00f5es-de-Mestrado-2016-PEDRO-NOLASCO-CASTRO-NASCIMENTO.pdf\">Download Aqui:<\/a><\/p>\n<p><\/p>","protected":false},"excerpt":{"rendered":"<p>Resumo O presente trabalho trata de um estudo dos recalques e da ruptura de um aterro\u00a0experimental instrumentado constru\u00eddo sobre um&#8230;<\/p>\n","protected":false},"author":7,"featured_media":0,"parent":0,"menu_order":0,"comment_status":"closed","ping_status":"closed","template":"","meta":{"footnotes":""},"class_list":["post-1574","page","type-page","status-publish","hentry"],"_links":{"self":[{"href":"https:\/\/uenf.br\/posgraduacao\/engenharia-civil\/wp-json\/wp\/v2\/pages\/1574","targetHints":{"allow":["GET"]}}],"collection":[{"href":"https:\/\/uenf.br\/posgraduacao\/engenharia-civil\/wp-json\/wp\/v2\/pages"}],"about":[{"href":"https:\/\/uenf.br\/posgraduacao\/engenharia-civil\/wp-json\/wp\/v2\/types\/page"}],"author":[{"embeddable":true,"href":"https:\/\/uenf.br\/posgraduacao\/engenharia-civil\/wp-json\/wp\/v2\/users\/7"}],"replies":[{"embeddable":true,"href":"https:\/\/uenf.br\/posgraduacao\/engenharia-civil\/wp-json\/wp\/v2\/comments?post=1574"}],"version-history":[{"count":0,"href":"https:\/\/uenf.br\/posgraduacao\/engenharia-civil\/wp-json\/wp\/v2\/pages\/1574\/revisions"}],"wp:attachment":[{"href":"https:\/\/uenf.br\/posgraduacao\/engenharia-civil\/wp-json\/wp\/v2\/media?parent=1574"}],"curies":[{"name":"wp","href":"https:\/\/api.w.org\/{rel}","templated":true}]}}