{"id":1595,"date":"2016-12-25T01:06:52","date_gmt":"2016-12-25T01:06:52","guid":{"rendered":"http:\/\/uenf.br\/posgraduacao\/engenharia-civil\/?page_id=1595"},"modified":"2016-12-25T01:06:52","modified_gmt":"2016-12-25T01:06:52","slug":"dissertacoes-de-mestrado-2015-rafael-picanco-de-oliveira","status":"publish","type":"page","link":"https:\/\/uenf.br\/posgraduacao\/engenharia-civil\/dissertacoes-de-mestrado-2015-rafael-picanco-de-oliveira\/","title":{"rendered":"Disserta\u00e7\u00f5es de Mestrado 2015 &#8211; RAFAEL PICAN\u00c7O DE OLIVEIRA"},"content":{"rendered":"<p><\/p>\n<p style=\"text-align: justify\">Resumo<br \/>\nBuscando minorar custo e tempo de execu\u00e7\u00e3o de edif\u00edcios, umas das alternativas construtivas que tem sido empregada no Brasil \u00e9 a alvenaria estrutural. Neste sistema, a parede, que \u00e9 formada por blocos unidos por argamassa de assentamento, desempenha a fun\u00e7\u00e3o de estrutura da constru\u00e7\u00e3o. Dos tipos de produ\u00e7\u00e3o de blocos, a cer\u00e2mica se destaca em Campos dos Goytacazes \u2013 munic\u00edpio localizado na regi\u00e3o Norte do estado do Rio de Janeiro. A argamassa de assentamento \u00e9 avaliada em in\u00fameros estudos quanto a sua influ\u00eancia na resist\u00eancia da parede. Nesta tem\u00e1tica, prop\u00f4s-se uma pesquisa com blocos estruturais cer\u00e2micos de Campos dos Goytacazes, com objetivo de avaliar a influ\u00eancia da varia\u00e7\u00e3o da espessura da junta de argamassa e da sua resist\u00eancia \u00e0 compress\u00e3o, tomando como base varia\u00e7\u00f5es ocorrentes em obras. Analisou-se a influ\u00eancia da argamassa na resist\u00eancia da alvenaria por meio de prismas de dois blocos. A espessura da junta foi variada em cinco n\u00edveis: 5, 10, 15, 20 e 25 mm. E sua resist\u00eancia em dois n\u00edveis: 2,72 e 7,41 MPa. A unidade utilizada foi o bloco cer\u00e2mico estrutural de paredes vazadas de dimens\u00f5es de 14x19x29 cm, com resist\u00eancia \u00e0 compress\u00e3o de 7,66 MPa. Ap\u00f3s os 28 dias de idade dos prismas, determinaram-se as suas resist\u00eancias \u00e0 compress\u00e3o simples e os m\u00f3dulos de deforma\u00e7\u00e3o longitudinal. Segundo os resultados das m\u00e9dias das resist\u00eancias das amostras, a resist\u00eancia do prisma \u00e9 inversamente proporcional \u00e0 espessura da argamassa. No entanto, ap\u00f3s testes de an\u00e1lise de vari\u00e2ncia, concluiu-se que a resist\u00eancia do prisma para as espessuras de 10, 15 e 20 mm s\u00e3o significativamente iguais; o mesmo concluiu-se para o agrupamento das espessuras de 15, 20 e 25 mm. A influ\u00eancia da resist\u00eancia da argamassa na resist\u00eancia da alvenaria foi comprovada. Um aumento de 173% na resist\u00eancia da argamassa gerou na resist\u00eancia do prisma um acr\u00e9scimo de 110%. O valor do m\u00f3dulo obtido por meio de ensaio foi significativamente igual ao valor estimado pela norma \u2013 600 vezes a resist\u00eancia caracter\u00edstica do prisma.<\/p>\n<p style=\"text-align: right\"><a href=\"http:\/\/uenf.br\/posgraduacao\/engenharia-civil\/wp-content\/uploads\/sites\/3\/2016\/12\/Disserta\u00e7\u00f5es-de-Mestrado-2015-RAFAEL-PICAN\u00c7O-DE-OLIVEIRA.pdf\">Download aqui:<\/a><\/p>\n<p><\/p>","protected":false},"excerpt":{"rendered":"<p>Resumo Buscando minorar custo e tempo de execu\u00e7\u00e3o de edif\u00edcios, umas das alternativas construtivas que tem sido empregada no Brasil&#8230;<\/p>\n","protected":false},"author":7,"featured_media":0,"parent":0,"menu_order":0,"comment_status":"closed","ping_status":"closed","template":"","meta":{"footnotes":""},"class_list":["post-1595","page","type-page","status-publish","hentry"],"_links":{"self":[{"href":"https:\/\/uenf.br\/posgraduacao\/engenharia-civil\/wp-json\/wp\/v2\/pages\/1595","targetHints":{"allow":["GET"]}}],"collection":[{"href":"https:\/\/uenf.br\/posgraduacao\/engenharia-civil\/wp-json\/wp\/v2\/pages"}],"about":[{"href":"https:\/\/uenf.br\/posgraduacao\/engenharia-civil\/wp-json\/wp\/v2\/types\/page"}],"author":[{"embeddable":true,"href":"https:\/\/uenf.br\/posgraduacao\/engenharia-civil\/wp-json\/wp\/v2\/users\/7"}],"replies":[{"embeddable":true,"href":"https:\/\/uenf.br\/posgraduacao\/engenharia-civil\/wp-json\/wp\/v2\/comments?post=1595"}],"version-history":[{"count":0,"href":"https:\/\/uenf.br\/posgraduacao\/engenharia-civil\/wp-json\/wp\/v2\/pages\/1595\/revisions"}],"wp:attachment":[{"href":"https:\/\/uenf.br\/posgraduacao\/engenharia-civil\/wp-json\/wp\/v2\/media?parent=1595"}],"curies":[{"name":"wp","href":"https:\/\/api.w.org\/{rel}","templated":true}]}}