{"id":1598,"date":"2016-12-25T01:10:12","date_gmt":"2016-12-25T01:10:12","guid":{"rendered":"http:\/\/uenf.br\/posgraduacao\/engenharia-civil\/?page_id=1598"},"modified":"2016-12-25T01:11:54","modified_gmt":"2016-12-25T01:11:54","slug":"dissertacoes-de-mestrado-2015-rodolfo-cretton-souza","status":"publish","type":"page","link":"https:\/\/uenf.br\/posgraduacao\/engenharia-civil\/dissertacoes-de-mestrado-2015-rodolfo-cretton-souza\/","title":{"rendered":"Disserta\u00e7\u00f5es de Mestrado 2015 &#8211; RODOLFO CRETTON SOUZA"},"content":{"rendered":"<p><\/p>\n<p style=\"text-align: justify\">Resumo<\/p>\n<p style=\"text-align: justify\">A ind\u00fastria de cer\u00e2mica vermelha \u00e9 uma das bases da economia do munic\u00edpio de Visconde do Rio Branco, sendo uma importante fonte de renda na regi\u00e3o. Com o aumento da exig\u00eancia tecnol\u00f3gica do mercado, torna-se imprescind\u00edvel realizar estudos com a mat\u00e9ria-prima e os produtos confeccionados na regi\u00e3o de Visconde do Rio branco, a fim de adequar as ind\u00fastrias regionais \u00e0 realidade do setor. Nesse contexto, o presente projeto teve por objetivo determinar as caracter\u00edsticas qu\u00edmicas, mineral\u00f3gicas e granulom\u00e9tricas das argilas utilizadas na regi\u00e3o e estudar os principais par\u00e2metros das pe\u00e7as cer\u00e2micas, tais como tens\u00e3o de ruptura, absor\u00e7\u00e3o d\u2019agua, varia\u00e7\u00e3o linear, porosidade aparente e massa especifica aparente. O estudo dos par\u00e2metros descritos \u00e9 feito utilizando misturas de tr\u00eas argilas provenientes da regi\u00e3o (nomeadas de argila cinza, vermelha e amarela) analisadas estatisticamente por modelagem em rede simplex. Atrav\u00e9s dessa an\u00e1lise obt\u00eam-se equa\u00e7\u00f5es que resultam em valores te\u00f3ricos para os par\u00e2metros. Esses valores foram comparados aos valores reais obtidos atrav\u00e9s do programa experimental, para verificar dessa maneira, a relev\u00e2ncia da equa\u00e7\u00e3o. Assim foi poss\u00edvel identificar que as argilas amarela e cinza s\u00e3o as que mais auxiliam nas propriedades mec\u00e2nicas das pe\u00e7as cer\u00e2micas e que a temperatura de 850 \u00b0C \u00e9 a mais aconselh\u00e1vel para queima.<\/p>\n<p style=\"text-align: right\"><a href=\"https:\/\/uenf.br\/posgraduacao\/engenharia-civil\/wp-content\/uploads\/sites\/3\/2016\/12\/Disserta\u00e7\u00f5es-de-Mestrado-2015-RODOLFO-CRETTON-SOUZA.pdf\">Download aqui<\/a><\/p>\n<p><\/p>","protected":false},"excerpt":{"rendered":"<p>Resumo A ind\u00fastria de cer\u00e2mica vermelha \u00e9 uma das bases da economia do munic\u00edpio de Visconde do Rio Branco, sendo&#8230;<\/p>\n","protected":false},"author":7,"featured_media":0,"parent":0,"menu_order":0,"comment_status":"closed","ping_status":"closed","template":"","meta":{"footnotes":""},"class_list":["post-1598","page","type-page","status-publish","hentry"],"_links":{"self":[{"href":"https:\/\/uenf.br\/posgraduacao\/engenharia-civil\/wp-json\/wp\/v2\/pages\/1598","targetHints":{"allow":["GET"]}}],"collection":[{"href":"https:\/\/uenf.br\/posgraduacao\/engenharia-civil\/wp-json\/wp\/v2\/pages"}],"about":[{"href":"https:\/\/uenf.br\/posgraduacao\/engenharia-civil\/wp-json\/wp\/v2\/types\/page"}],"author":[{"embeddable":true,"href":"https:\/\/uenf.br\/posgraduacao\/engenharia-civil\/wp-json\/wp\/v2\/users\/7"}],"replies":[{"embeddable":true,"href":"https:\/\/uenf.br\/posgraduacao\/engenharia-civil\/wp-json\/wp\/v2\/comments?post=1598"}],"version-history":[{"count":0,"href":"https:\/\/uenf.br\/posgraduacao\/engenharia-civil\/wp-json\/wp\/v2\/pages\/1598\/revisions"}],"wp:attachment":[{"href":"https:\/\/uenf.br\/posgraduacao\/engenharia-civil\/wp-json\/wp\/v2\/media?parent=1598"}],"curies":[{"name":"wp","href":"https:\/\/api.w.org\/{rel}","templated":true}]}}