{"id":1605,"date":"2016-12-25T01:15:04","date_gmt":"2016-12-25T01:15:04","guid":{"rendered":"http:\/\/uenf.br\/posgraduacao\/engenharia-civil\/?page_id=1605"},"modified":"2016-12-25T01:15:04","modified_gmt":"2016-12-25T01:15:04","slug":"dissertacoes-de-mestrado-2015-stivens-arturo-sanabria-sosa","status":"publish","type":"page","link":"https:\/\/uenf.br\/posgraduacao\/engenharia-civil\/dissertacoes-de-mestrado-2015-stivens-arturo-sanabria-sosa\/","title":{"rendered":"Disserta\u00e7\u00f5es de Mestrado 2015 &#8211; STIVENS ARTURO SANABRIA SOSA"},"content":{"rendered":"<p><\/p>\n<p style=\"text-align: justify\">Resumo<br \/>\nO trabalho apresenta um modelo num\u00e9rico calibrado para previs\u00e3o da capacidade de carga ao arrancamento de estacas tubulares vazadas com preenchimento interno, utilizadas em funda\u00e7\u00f5es de aerogeradores. O estudo est\u00e1 relacionado com os ensaios de modelos reduzidos de estacas vazadas com preenchimento interno, submetidas ao arrancamento na centr\u00edfuga geot\u00e9cnica feitos por Neves (2012). Nos ensaios se observou que o preenchimento interno aumenta a capacidade de carga \u00faltima de arrancamento. A constru\u00e7\u00e3o do modelo num\u00e9rico foi feita com par\u00e2metros geom\u00e9tricos e geot\u00e9cnicos iniciais, obtidos de ensaios de laborat\u00f3rio realizado por Neves (2012). As simula\u00e7\u00f5es do modelo foram baseadas em simula\u00e7\u00f5es num\u00e9ricas tridimensionais, pelo M\u00e9todo de Elementos Finitos com modelo constitutivo de Mohr-Coulumb pelo programa computacional ABAQUS. Para a calibra\u00e7\u00e3o do modelo utilizou-se os resultados de Neves (2012). Com o modelo calibrado foram feitas an\u00e1lises el\u00e1sticas e elastopl\u00e1sticas, com varia\u00e7\u00f5es dos par\u00e2metros de entrada geom\u00e9tricos e geot\u00e9cnicos. O c\u00e1lculo dos m\u00f3dulos de elasticidade reais foi realizado pela retroan\u00e1lise, a partir dos resultados da an\u00e1lise el\u00e1stica, enquanto os \u00e2ngulos de atrito reais dos contatos solo-estaca e preenchimento-estaca foram calculados com os resultados das an\u00e1lises elastopl\u00e1sticas. Com todos os par\u00e2metros calculados, realizou-se uma an\u00e1lise integrada para o c\u00e1lculo da carga m\u00e1xima de arrancamento, mediante dois fatores que relacionam por algoritmos matem\u00e1ticos todas as vari\u00e1veis que influenciam o arrancamento das estacas com preenchimento interno.<\/p>\n<p style=\"text-align: right\"><a href=\"http:\/\/uenf.br\/posgraduacao\/engenharia-civil\/wp-content\/uploads\/sites\/3\/2016\/12\/Disserta\u00e7\u00f5es-de-Mestrado-2015-STIVENS-ARTURO-SANABRIA-SOSA.pdf\">Download aqui<\/a><\/p>\n<p><\/p>","protected":false},"excerpt":{"rendered":"<p>Resumo O trabalho apresenta um modelo num\u00e9rico calibrado para previs\u00e3o da capacidade de carga ao arrancamento de estacas tubulares vazadas&#8230;<\/p>\n","protected":false},"author":7,"featured_media":0,"parent":0,"menu_order":0,"comment_status":"closed","ping_status":"closed","template":"","meta":{"footnotes":""},"class_list":["post-1605","page","type-page","status-publish","hentry"],"_links":{"self":[{"href":"https:\/\/uenf.br\/posgraduacao\/engenharia-civil\/wp-json\/wp\/v2\/pages\/1605","targetHints":{"allow":["GET"]}}],"collection":[{"href":"https:\/\/uenf.br\/posgraduacao\/engenharia-civil\/wp-json\/wp\/v2\/pages"}],"about":[{"href":"https:\/\/uenf.br\/posgraduacao\/engenharia-civil\/wp-json\/wp\/v2\/types\/page"}],"author":[{"embeddable":true,"href":"https:\/\/uenf.br\/posgraduacao\/engenharia-civil\/wp-json\/wp\/v2\/users\/7"}],"replies":[{"embeddable":true,"href":"https:\/\/uenf.br\/posgraduacao\/engenharia-civil\/wp-json\/wp\/v2\/comments?post=1605"}],"version-history":[{"count":0,"href":"https:\/\/uenf.br\/posgraduacao\/engenharia-civil\/wp-json\/wp\/v2\/pages\/1605\/revisions"}],"wp:attachment":[{"href":"https:\/\/uenf.br\/posgraduacao\/engenharia-civil\/wp-json\/wp\/v2\/media?parent=1605"}],"curies":[{"name":"wp","href":"https:\/\/api.w.org\/{rel}","templated":true}]}}