{"id":1619,"date":"2016-12-25T01:31:31","date_gmt":"2016-12-25T01:31:31","guid":{"rendered":"http:\/\/uenf.br\/posgraduacao\/engenharia-civil\/?page_id=1619"},"modified":"2016-12-25T01:31:31","modified_gmt":"2016-12-25T01:31:31","slug":"dissertacoes-de-mestrado-2015-afonso-rangel-garcez-de-azevedo","status":"publish","type":"page","link":"https:\/\/uenf.br\/posgraduacao\/engenharia-civil\/dissertacoes-de-mestrado-2015-afonso-rangel-garcez-de-azevedo\/","title":{"rendered":"Disserta\u00e7\u00f5es de Mestrado 2015 &#8211; Afonso Rangel Garcez de Azevedo"},"content":{"rendered":"<p><\/p>\n<p style=\"text-align: justify\">Resumo<br \/>\nA constru\u00e7\u00e3o civil \u00e9 conhecida como um setor altamente din\u00e2mico para a economia de um pa\u00eds. Diversos \u00edndices sociais e econ\u00f4micos podem ser aferidos para dar sustentabilidade a este setor, como por exemplo, taxa de gera\u00e7\u00e3o de empregos, contribui\u00e7\u00e3o na arrecada\u00e7\u00e3o de impostos, aumento do n\u00edvel de escolaridade em alguns setores e a movimenta\u00e7\u00e3o indireta na economia, provocado pelas empresas produtoras de insumos. Entretanto alguns impactos negativos s\u00e3o gerados, uns dos principais \u00e9 a gera\u00e7\u00e3o de res\u00edduos s\u00f3lidos, que acaba denegrindo sua imagem. O problema da gera\u00e7\u00e3o de res\u00edduos s\u00f3lidos n\u00e3o se restringe somente a constru\u00e7\u00e3o civil, o setor industrial de uma maneira geral \u00e9 um grande contribuinte neste aspecto. Os res\u00edduos s\u00f3lidos podem ser de origem domestica ou industrial, dai surge um dos principais problemas, que s\u00e3o os quantitativos gerados. Baseado na necessidade de se dar uma correta destina\u00e7\u00e3o e otimizar os recursos surge a necessidade do desenvolvimento de pesquisas para a utiliza\u00e7\u00e3o de res\u00edduos s\u00f3lidos industriais em outra atividades produtivas. Um dos setores que consegue absorver esta demanda \u00e9 a constru\u00e7\u00e3o civil, com a perspectiva de ado\u00e7\u00e3o de novos materiais de constru\u00e7\u00e3o, que adotem por incorpora\u00e7\u00e3o ou adi\u00e7\u00e3o, parte ou a totalidade dos res\u00edduos. No munic\u00edpio de Santo Ant\u00f4nio de P\u00e1dua, localizado no noroeste fluminense, esta situada a Companhia Paduana de Papeis \u2013 COPAPA, que funciona a mais de 50 anos e produz cerca de 36.000 toneladas de papeis por ano, juntamente com esta produ\u00e7\u00e3o s\u00e3o gerados cerca de 13.320 ton\/ano de res\u00edduo, que hoje n\u00e3o tem um destino adequado. De acordo com esta demanda, surge \u00e0 necessidade do estudo de incorpora\u00e7\u00e3o do res\u00edduo proveniente da ind\u00fastria de papel, chamado de Res\u00edduo de Papel COPAPA (RPC), que neste trabalho estudou-se a viabilidade da incorpora\u00e7\u00e3o do RPC na produ\u00e7\u00e3o de argamassa de m\u00faltiplo uso. Foi analisada a incorpora\u00e7\u00e3o do RPC em substitui\u00e7\u00e3o a cal, em diferentes propor\u00e7\u00f5es, no tra\u00e7o da argamassa. Foram confeccionadas argamassas com tra\u00e7o 1:1:6 (cimento, cal, areia) por ser este o mais utilizado na regi\u00e3o. A substitui\u00e7\u00e3o da cal pelo RPC seguiu as seguintes propor\u00e7\u00f5es: 0% (argamassa de refer\u00eancia), 5%, 10%, 15%, 20%, 25% e 30% (em rela\u00e7\u00e3o \u00e0 massa de cal) que possibilitou a realiza\u00e7\u00e3o dos ensaios tecnol\u00f3gicos no estado fresco (determina\u00e7\u00e3o do \u00edndice de consist\u00eancia, teor de ar incorporado e reten\u00e7\u00e3o de \u00e1gua) e ensaios tecnol\u00f3gicos no estado endurecido (determina\u00e7\u00e3o da resist\u00eancia \u00e0 compress\u00e3o e flex\u00e3o, absor\u00e7\u00e3o de \u00e1gua, densidade de massa no estado endurecido e determina\u00e7\u00e3o do coeficiente de capilaridade), al\u00e9m de ensaio de atividade pozol\u00e2nica no res\u00edduo estudado. Ao final, verificou-se a viabilidade da utiliza\u00e7\u00e3o deste res\u00edduo na produ\u00e7\u00e3o de argamassas, sendo que deve-se fixar a incorpora\u00e7\u00e3o em n\u00edveis inferiores aos de 20%, devido a dificuldade em confeccionar argamassas com trabalhabilidade adequada, al\u00e9m de algumas propriedades que n\u00e3o obtiveram resultados m\u00ednimos para as aplica\u00e7\u00f5es analisadas.<\/p>\n<p style=\"text-align: right\"><a href=\"http:\/\/uenf.br\/posgraduacao\/engenharia-civil\/wp-content\/uploads\/sites\/3\/2016\/12\/Disserta\u00e7\u00f5es-de-Mestrado-2015-Afonso-Rangel-Garcez-de-Azevedo.pdf\">Download aqui<\/a><\/p>\n<p><\/p>","protected":false},"excerpt":{"rendered":"<p>Resumo A constru\u00e7\u00e3o civil \u00e9 conhecida como um setor altamente din\u00e2mico para a economia de um pa\u00eds. Diversos \u00edndices sociais&#8230;<\/p>\n","protected":false},"author":7,"featured_media":0,"parent":0,"menu_order":0,"comment_status":"closed","ping_status":"closed","template":"","meta":{"footnotes":""},"class_list":["post-1619","page","type-page","status-publish","hentry"],"_links":{"self":[{"href":"https:\/\/uenf.br\/posgraduacao\/engenharia-civil\/wp-json\/wp\/v2\/pages\/1619","targetHints":{"allow":["GET"]}}],"collection":[{"href":"https:\/\/uenf.br\/posgraduacao\/engenharia-civil\/wp-json\/wp\/v2\/pages"}],"about":[{"href":"https:\/\/uenf.br\/posgraduacao\/engenharia-civil\/wp-json\/wp\/v2\/types\/page"}],"author":[{"embeddable":true,"href":"https:\/\/uenf.br\/posgraduacao\/engenharia-civil\/wp-json\/wp\/v2\/users\/7"}],"replies":[{"embeddable":true,"href":"https:\/\/uenf.br\/posgraduacao\/engenharia-civil\/wp-json\/wp\/v2\/comments?post=1619"}],"version-history":[{"count":0,"href":"https:\/\/uenf.br\/posgraduacao\/engenharia-civil\/wp-json\/wp\/v2\/pages\/1619\/revisions"}],"wp:attachment":[{"href":"https:\/\/uenf.br\/posgraduacao\/engenharia-civil\/wp-json\/wp\/v2\/media?parent=1619"}],"curies":[{"name":"wp","href":"https:\/\/api.w.org\/{rel}","templated":true}]}}