{"id":1625,"date":"2016-12-25T01:36:17","date_gmt":"2016-12-25T01:36:17","guid":{"rendered":"http:\/\/uenf.br\/posgraduacao\/engenharia-civil\/?page_id=1625"},"modified":"2016-12-25T01:36:17","modified_gmt":"2016-12-25T01:36:17","slug":"dissertacoes-de-mestrado-2015-euzebio-bernabe-zanelato","status":"publish","type":"page","link":"https:\/\/uenf.br\/posgraduacao\/engenharia-civil\/dissertacoes-de-mestrado-2015-euzebio-bernabe-zanelato\/","title":{"rendered":"Disserta\u00e7\u00f5es de Mestrado 2015 &#8211; EUZ\u00c9BIO BERNAB\u00c9 ZANELATO"},"content":{"rendered":"<p><\/p>\n<p style=\"text-align: justify\">Resumo<br \/>\nA constru\u00e7\u00e3o civil \u00e9 um dos pilares da economia brasileira, pois al\u00e9m da gera\u00e7\u00e3o de empregos diretos, impulsiona um enorme contingente de ind\u00fastrias produtoras de insumos. Entretanto, a constru\u00e7\u00e3o civil ainda \u00e9 um setor em que o desperd\u00edcio de material chega a 90% em trabalhos com argamassa, segundo dados coletados pela Universidade Federal de Minas Gerais e outras 15 universidades em 12 estados. Neste contexto, o presente projeto tem como objetivo principal verificar a influ\u00eancia do chapisco na resist\u00eancia de ader\u00eancia \u00e0 tra\u00e7\u00e3o em paredes de blocos cer\u00e2micos, cujos resultados indicaram a import\u00e2ncia da execu\u00e7\u00e3o do chapisco na obra. Para a realiza\u00e7\u00e3o dos ensaios foram constru\u00eddas paredes com e sem aplica\u00e7\u00e3o de chapisco. Al\u00e9m disto, foram utilizados dois diferentes substratos, com superf\u00edcie lisa e ranhurada. Os blocos cer\u00e2micos utilizados no projeto foram provenientes de olarias do munic\u00edpio de Campos dos Goytacazes. Para caracteriza\u00e7\u00e3o dos substratos foram realizados ensaios de absor\u00e7\u00e3o de \u00e1gua e determina\u00e7\u00e3o das caracter\u00edsticas geom\u00e9tricas. Para confec\u00e7\u00e3o dos revestimentos em argamassa, foi utilizado o tra\u00e7o 1:1:6 (cimento:cal:areia seca) em massa, por ser um tra\u00e7o de uso recorrente em Campos dos Goytacazes. Foram tamb\u00e9m realizados ensaios de caracteriza\u00e7\u00e3o deste tra\u00e7o nos estados fresco e endurecido. Ap\u00f3s a caracteriza\u00e7\u00e3o das argamassas, foram constru\u00eddas paredes para a realiza\u00e7\u00e3o dos ensaios de resist\u00eancia de ader\u00eancia \u00e0 tra\u00e7\u00e3o para tr\u00eas diferentes tempos de cura (7, 14 e 28 dias). Por fim, estimou-se o quanto o chapisco influencia a resist\u00eancia de ader\u00eancia \u00e0 tra\u00e7\u00e3o dos revestimentos de argamassa para as duas ranhuras e os tr\u00eas tempos de cura adotados. Com os resultados obtidos, nos ensaios de resist\u00eancia de ader\u00eancia, pode-se concluir que o chapisco n\u00e3o aumenta a resist\u00eancia de argamassas de alta reten\u00e7\u00e3o de \u00e1gua quando aplicados sobre substratos com baixa absor\u00e7\u00e3o de \u00e1gua, al\u00e9m disso, tamb\u00e9m foi observado que o chapisco provocou um consider\u00e1vel aumento de resist\u00eancia da argamassa de alta reten\u00e7\u00e3o de \u00e1gua sobre um substrato com baixa absor\u00e7\u00e3o de \u00e1gua.<\/p>\n<p style=\"text-align: right\"><a href=\"http:\/\/uenf.br\/posgraduacao\/engenharia-civil\/wp-content\/uploads\/sites\/3\/2016\/12\/Disserta\u00e7\u00f5es-de-Mestrado-2015-EUZ\u00c9BIO-BERNAB\u00c9-ZANELATO.pdf\">Dawnload aqui<\/a><\/p>\n<p><\/p>","protected":false},"excerpt":{"rendered":"<p>Resumo A constru\u00e7\u00e3o civil \u00e9 um dos pilares da economia brasileira, pois al\u00e9m da gera\u00e7\u00e3o de empregos diretos, impulsiona um&#8230;<\/p>\n","protected":false},"author":7,"featured_media":0,"parent":0,"menu_order":0,"comment_status":"closed","ping_status":"closed","template":"","meta":{"footnotes":""},"class_list":["post-1625","page","type-page","status-publish","hentry"],"_links":{"self":[{"href":"https:\/\/uenf.br\/posgraduacao\/engenharia-civil\/wp-json\/wp\/v2\/pages\/1625","targetHints":{"allow":["GET"]}}],"collection":[{"href":"https:\/\/uenf.br\/posgraduacao\/engenharia-civil\/wp-json\/wp\/v2\/pages"}],"about":[{"href":"https:\/\/uenf.br\/posgraduacao\/engenharia-civil\/wp-json\/wp\/v2\/types\/page"}],"author":[{"embeddable":true,"href":"https:\/\/uenf.br\/posgraduacao\/engenharia-civil\/wp-json\/wp\/v2\/users\/7"}],"replies":[{"embeddable":true,"href":"https:\/\/uenf.br\/posgraduacao\/engenharia-civil\/wp-json\/wp\/v2\/comments?post=1625"}],"version-history":[{"count":0,"href":"https:\/\/uenf.br\/posgraduacao\/engenharia-civil\/wp-json\/wp\/v2\/pages\/1625\/revisions"}],"wp:attachment":[{"href":"https:\/\/uenf.br\/posgraduacao\/engenharia-civil\/wp-json\/wp\/v2\/media?parent=1625"}],"curies":[{"name":"wp","href":"https:\/\/api.w.org\/{rel}","templated":true}]}}