{"id":1628,"date":"2016-12-25T01:39:19","date_gmt":"2016-12-25T01:39:19","guid":{"rendered":"http:\/\/uenf.br\/posgraduacao\/engenharia-civil\/?page_id=1628"},"modified":"2016-12-25T01:39:19","modified_gmt":"2016-12-25T01:39:19","slug":"dissertacoes-de-mestrado-2015-marta-fleichman-prellwitz","status":"publish","type":"page","link":"https:\/\/uenf.br\/posgraduacao\/engenharia-civil\/dissertacoes-de-mestrado-2015-marta-fleichman-prellwitz\/","title":{"rendered":"Disserta\u00e7\u00f5es de Mestrado 2015 &#8211; MARTA FLEICHMAN PRELLWITZ"},"content":{"rendered":"<p><\/p>\n<p style=\"text-align: justify\">Resumo<\/p>\n<p style=\"text-align: justify\">A intera\u00e7\u00e3o solo-estrutura, ISE, define a capacidade de uma edifica\u00e7\u00e3o em absorver e transferir as tens\u00f5es geradas por recalques diferenciais nas funda\u00e7\u00f5es, buscando o reequil\u00edbrio estrutural. Consequentemente, a ISE influencia na evolu\u00e7\u00e3o dos recalques de uma funda\u00e7\u00e3o e \u00e9 de grande import\u00e2ncia para a previs\u00e3o de comportamento estrutural. Apesar disso, os projetos de funda\u00e7\u00e3o desconsideram normalmente a ISE, desprezando a influ\u00eancia da rigidez da estrutura e do maci\u00e7o de funda\u00e7\u00e3o durante e ap\u00f3s a constru\u00e7\u00e3o, devido \u00e0s dificuldades na determina\u00e7\u00e3o dos par\u00e2metros necess\u00e1rios e caracter\u00edsticos que definem esse comportamento. Destaque especial merece o monitoramento de recalques como uma das t\u00e9cnicas para defini\u00e7\u00e3o dos par\u00e2metros da ISE que, apesar de prescrito em norma, \u00e9 pouco frequente na engenharia civil, especialmente a brasileira. Isso se justifica, sobretudo, pelas dificuldades experimentais, interfer\u00eancia nas obras e custo. Neste sentido esse trabalho tem como principal objetivo implementar um sistema de monitoramento de recalques baseado no princ\u00edpio dos vasos comunicantes, de baixo custo e que permite uma aquisi\u00e7\u00e3o de dados cont\u00ednua durante a constru\u00e7\u00e3o. A metodologia de aquisi\u00e7\u00e3o de dados utiliza a fotogrametria e \u00e9 baseada em procedimento simples e de precis\u00e3o e acur\u00e1cia compat\u00edveis com as prescri\u00e7\u00f5es de norma. \u00c9 apresentado o detalhamento do sistema desenvolvido, o programa experimental para calibra\u00e7\u00e3o e aferi\u00e7\u00e3o, e os procedimentos necess\u00e1rios para a instala\u00e7\u00e3o. O sistema foi instalado em tr\u00eas casos de estudo para avalia\u00e7\u00e3o da funcionalidade, todos os casos possuem estacas profundas do tipo h\u00e9lice cont\u00ednua. S\u00e3o descritos os detalhes construtivos dos tr\u00eas edif\u00edcios e dos sistemas de monitoramento instalados, ressaltando as dificuldades e solu\u00e7\u00f5es adotadas na instala\u00e7\u00e3o. S\u00e3o apresentados e discutidos os resultados obtidos na forma de recalques totais, diferenciais e distorcionais. Os par\u00e2metros de intera\u00e7\u00e3o solo estrutura AR, DR e CV s\u00e3o determinados e analisados. Especialmente para CV, faz-se a compara\u00e7\u00e3o com outros resultados da literatura. Os resultados indicam que o monitoramento foi implementado em dois edif\u00edcios com sucesso, permitindo a obten\u00e7\u00e3o dos par\u00e2metros da ISE. No entanto, no terceiro, as interfer\u00eancias de obra impediram a coleta de dados em quantidade satisfat\u00f3ria<\/p>\n<p style=\"text-align: right\"><a href=\"https:\/\/uenf.br\/posgraduacao\/engenharia-civil\/wp-content\/uploads\/sites\/3\/2016\/12\/Disserta\u00e7\u00f5es-de-Mestrado-2015-MARTA-FLEICHMAN-PRELLWITZ.pdf\">Download aqui<\/a><\/p>\n<p><\/p>","protected":false},"excerpt":{"rendered":"<p>Resumo A intera\u00e7\u00e3o solo-estrutura, ISE, define a capacidade de uma edifica\u00e7\u00e3o em absorver e transferir as tens\u00f5es geradas por recalques&#8230;<\/p>\n","protected":false},"author":7,"featured_media":0,"parent":0,"menu_order":0,"comment_status":"closed","ping_status":"closed","template":"","meta":{"footnotes":""},"class_list":["post-1628","page","type-page","status-publish","hentry"],"_links":{"self":[{"href":"https:\/\/uenf.br\/posgraduacao\/engenharia-civil\/wp-json\/wp\/v2\/pages\/1628","targetHints":{"allow":["GET"]}}],"collection":[{"href":"https:\/\/uenf.br\/posgraduacao\/engenharia-civil\/wp-json\/wp\/v2\/pages"}],"about":[{"href":"https:\/\/uenf.br\/posgraduacao\/engenharia-civil\/wp-json\/wp\/v2\/types\/page"}],"author":[{"embeddable":true,"href":"https:\/\/uenf.br\/posgraduacao\/engenharia-civil\/wp-json\/wp\/v2\/users\/7"}],"replies":[{"embeddable":true,"href":"https:\/\/uenf.br\/posgraduacao\/engenharia-civil\/wp-json\/wp\/v2\/comments?post=1628"}],"version-history":[{"count":0,"href":"https:\/\/uenf.br\/posgraduacao\/engenharia-civil\/wp-json\/wp\/v2\/pages\/1628\/revisions"}],"wp:attachment":[{"href":"https:\/\/uenf.br\/posgraduacao\/engenharia-civil\/wp-json\/wp\/v2\/media?parent=1628"}],"curies":[{"name":"wp","href":"https:\/\/api.w.org\/{rel}","templated":true}]}}