{"id":1631,"date":"2016-12-25T01:44:19","date_gmt":"2016-12-25T01:44:19","guid":{"rendered":"http:\/\/uenf.br\/posgraduacao\/engenharia-civil\/?page_id=1631"},"modified":"2016-12-25T01:44:19","modified_gmt":"2016-12-25T01:44:19","slug":"teses-de-doutorado-2015-sergio-rafael-cortes-de-oliveira","status":"publish","type":"page","link":"https:\/\/uenf.br\/posgraduacao\/engenharia-civil\/teses-de-doutorado-2015-sergio-rafael-cortes-de-oliveira\/","title":{"rendered":"Teses de Doutorado 2015 &#8211; SERGIO RAFAEL CORTES DE OLIVEIRA"},"content":{"rendered":"<p><\/p>\n<p style=\"text-align: justify\">Resumo<br \/>\nNeste trabalho \u00e9 apresentada uma formula\u00e7\u00e3o para an\u00e1lise elastopl\u00e1stica de flex\u00e3o de\u00a0placas empregando o M\u00e9todo dos Elementos de Contorno (MEC). Utiliza-se a teoria de\u00a0Reissner, v\u00e1lida tanto para placas delgadas como para placas espessas.\u00a0Inicialmente, mostra-se a formula\u00e7\u00e3o b\u00e1sica considerando a an\u00e1lise no regime el\u00e1stico,\u00a0incluindo a solu\u00e7\u00e3o fundamental e as equa\u00e7\u00f5es integrais para este caso. Em seguida, esta\u00a0formula\u00e7\u00e3o \u00e9 estendida para a an\u00e1lise elastopl\u00e1stica, admitindo a ocorr\u00eancia de deforma\u00e7\u00f5es\u00a0pl\u00e1sticas apenas de flex\u00e3o. Considera-se a teoria cl\u00e1ssica da plasticidade com procedimento de\u00a0deforma\u00e7\u00e3o inicial, e usam-se os crit\u00e9rios de escoamento de von Mises e de Tresca.\u00a0S\u00e3o apresentadas as equa\u00e7\u00f5es integrais para deslocamentos em pontos internos e do\u00a0contorno e para momentos e esfor\u00e7os cortantes em pontos internos. S\u00e3o tamb\u00e9m apresentadas\u00a0as express\u00f5es para os novos tensores que multiplicam as deforma\u00e7\u00f5es pl\u00e1sticas e dos termos\u00a0livres. A implementa\u00e7\u00e3o num\u00e9rica \u00e9 realizada usando as equa\u00e7\u00f5es integrais discretizadas,\u00a0empregando elementos de contorno quadr\u00e1ticos e c\u00e9lulas internas constantes, ambos de\u00a0geometria linear. Utiliza-se um processo incremental-iterativo para a resolu\u00e7\u00e3o do sistema de\u00a0equa\u00e7\u00f5es que rege o problema elastopl\u00e1stico.\u00a0Alguns exemplos num\u00e9ricos s\u00e3o apresentados no fim do trabalho para ilustrar a<br \/>\naplicabilidade da formula\u00e7\u00e3o. Os resultados s\u00e3o validados por meio de compara\u00e7\u00e3o com\u00a0resultados de outros trabalhos, obtidos por m\u00e9todos anal\u00edticos e num\u00e9ricos.<\/p>\n<p style=\"text-align: right\"><a href=\"http:\/\/uenf.br\/posgraduacao\/engenharia-civil\/wp-content\/uploads\/sites\/3\/2016\/12\/Teses-de-Doutorado-2015-SERGIO-RAFAEL-CORTES-DE-OLIVEIRA.pdf\">Download aqui<\/a><\/p>\n<p><\/p>","protected":false},"excerpt":{"rendered":"<p>Resumo Neste trabalho \u00e9 apresentada uma formula\u00e7\u00e3o para an\u00e1lise elastopl\u00e1stica de flex\u00e3o de\u00a0placas empregando o M\u00e9todo dos Elementos de Contorno&#8230;<\/p>\n","protected":false},"author":7,"featured_media":0,"parent":0,"menu_order":0,"comment_status":"closed","ping_status":"closed","template":"","meta":{"footnotes":""},"class_list":["post-1631","page","type-page","status-publish","hentry"],"_links":{"self":[{"href":"https:\/\/uenf.br\/posgraduacao\/engenharia-civil\/wp-json\/wp\/v2\/pages\/1631","targetHints":{"allow":["GET"]}}],"collection":[{"href":"https:\/\/uenf.br\/posgraduacao\/engenharia-civil\/wp-json\/wp\/v2\/pages"}],"about":[{"href":"https:\/\/uenf.br\/posgraduacao\/engenharia-civil\/wp-json\/wp\/v2\/types\/page"}],"author":[{"embeddable":true,"href":"https:\/\/uenf.br\/posgraduacao\/engenharia-civil\/wp-json\/wp\/v2\/users\/7"}],"replies":[{"embeddable":true,"href":"https:\/\/uenf.br\/posgraduacao\/engenharia-civil\/wp-json\/wp\/v2\/comments?post=1631"}],"version-history":[{"count":0,"href":"https:\/\/uenf.br\/posgraduacao\/engenharia-civil\/wp-json\/wp\/v2\/pages\/1631\/revisions"}],"wp:attachment":[{"href":"https:\/\/uenf.br\/posgraduacao\/engenharia-civil\/wp-json\/wp\/v2\/media?parent=1631"}],"curies":[{"name":"wp","href":"https:\/\/api.w.org\/{rel}","templated":true}]}}