{"id":1637,"date":"2016-12-25T01:52:07","date_gmt":"2016-12-25T01:52:07","guid":{"rendered":"http:\/\/uenf.br\/posgraduacao\/engenharia-civil\/?page_id=1637"},"modified":"2016-12-25T01:52:25","modified_gmt":"2016-12-25T01:52:25","slug":"teses-de-doutorado-2015-neila-gondim-de-azeredo","status":"publish","type":"page","link":"https:\/\/uenf.br\/posgraduacao\/engenharia-civil\/teses-de-doutorado-2015-neila-gondim-de-azeredo\/","title":{"rendered":"Teses de Doutorado 2015 &#8211; NEILA GONDIM DE AZEREDO"},"content":{"rendered":"<p><\/p>\n<p style=\"text-align: justify\">Resumo<br \/>\nA utiliza\u00e7\u00e3o do sistema construtivo em alvenaria estrutural, praticado no Brasil nos\u00a0\u00faltimos anos, experimentou um grande avan\u00e7o com as pol\u00edticas habitacionais do\u00a0governo federal. Diante desse fato, em 2003 foi elaborado um documento, que\u00a0estabeleceu crit\u00e9rios e exig\u00eancias para a constru\u00e7\u00e3o de edif\u00edcios residenciais de\u00a0tr\u00eas a cinco pavimentos \uf0be constitu\u00eddos de paredes resistentes em alvenaria\u00a0estrutural. Em 2005, a Associa\u00e7\u00e3o Brasileira de Normas T\u00e9cnicas (ABNT) lan\u00e7ou a\u00a0NBR 15.270 tratando de componentes cer\u00e2micos, suas terminologias e m\u00e9todos de\u00a0ensaio, incluindo destrutivo e n\u00e3o destrutivo. Dessa forma, no que diz respeito \u00e0\u00a0avalia\u00e7\u00e3o da condi\u00e7\u00e3o do bloco cer\u00e2mico estrutural, o teste de ultrassom \u00e9 uma\u00a0ferramenta simples e econ\u00f4mica, que se contrap\u00f5e ao m\u00e9todo de ensaio destrutivo\u00a0proposto pela norma brasileira. O ponto principal deste trabalho \u00e9 o de avaliar a\u00a0viabilidade de um m\u00e9todo com a utiliza\u00e7\u00e3o de pulso ultrass\u00f4nico, no intuito de\u00a0descrever as propriedades mec\u00e2nicas e f\u00edsicas do bloco cer\u00e2mico estrutural, bem\u00a0como para verificar sua condi\u00e7\u00e3o de homogeneidade. A resist\u00eancia \u00e0 compress\u00e3o\u00a0simples \u00e9 a propriedade mec\u00e2nica primordial do presente trabalho, seguida das\u00a0propriedades f\u00edsicas, dimensionais, absor\u00e7\u00e3o 24 horas, densidade e anisotropia\u00a0total. Nesse sentido, medidas de pulso ultrass\u00f4nico nas tr\u00eas dire\u00e7\u00f5es ortogonais do\u00a0bloco (largura, altura, comprimento) foram realizadas com equipamento port\u00e1til,\u00a0munido com um par de transdutores de 54 kHz, em blocos queimados nas\u00a0temperaturas de 800, 850, 900, 950 e 1000\u00baC, cujas medidas de fabrica\u00e7\u00e3o s\u00e3o:\u00a0largura (14 cm), altura (19 cm) e comprimento (29 cm). Tamb\u00e9m foram analisadas as\u00a0caracter\u00edsticas f\u00edsicas, qu\u00edmicas e mineral\u00f3gicas da mat\u00e9ria-prima empregada na\u00a0ind\u00fastria ceramista. Al\u00e9m dos fatores que influenciam a varia\u00e7\u00e3o da velocidade da\u00a0propaga\u00e7\u00e3o da onda longitudinal, pelo m\u00e9todo de transmiss\u00e3o direta, s\u00e3o<br \/>\napresentadas e discutidas as correla\u00e7\u00f5es estat\u00edsticas entre a velocidade e as\u00a0propriedades f\u00edsica e mec\u00e2nica. A principal conclus\u00e3o deste trabalho \u00e9 a\u00a0confirma\u00e7\u00e3o de que, por meio do teste n\u00e3o destrutivo de ultrassom, \u00e9 poss\u00edvel ser\u00a0feita uma avalia\u00e7\u00e3o preliminar da resist\u00eancia \u00e0 compress\u00e3o simples dos blocos\u00a0cer\u00e2micos estruturais de forma \u00e1gil, e ainda a verifica\u00e7\u00e3o da homogeneidade,\u00a0traduzida pela anisotropia total. Isso \u00e9 de grande interesse, devido ser o ensaio\u00a0destrutivo mais dispendioso e demandar mais tempo para sua realiza\u00e7\u00e3o.<\/p>\n<p style=\"text-align: right\"><a href=\"http:\/\/uenf.br\/posgraduacao\/engenharia-civil\/wp-content\/uploads\/sites\/3\/2016\/12\/Teses-de-Doutorado-2015-NEILA-GONDIM-DE-AZEREDO.pdf\">Download aqui<\/a><\/p>\n<p><\/p>","protected":false},"excerpt":{"rendered":"<p>Resumo A utiliza\u00e7\u00e3o do sistema construtivo em alvenaria estrutural, praticado no Brasil nos\u00a0\u00faltimos anos, experimentou um grande avan\u00e7o com as&#8230;<\/p>\n","protected":false},"author":7,"featured_media":0,"parent":0,"menu_order":0,"comment_status":"closed","ping_status":"closed","template":"","meta":{"footnotes":""},"class_list":["post-1637","page","type-page","status-publish","hentry"],"_links":{"self":[{"href":"https:\/\/uenf.br\/posgraduacao\/engenharia-civil\/wp-json\/wp\/v2\/pages\/1637","targetHints":{"allow":["GET"]}}],"collection":[{"href":"https:\/\/uenf.br\/posgraduacao\/engenharia-civil\/wp-json\/wp\/v2\/pages"}],"about":[{"href":"https:\/\/uenf.br\/posgraduacao\/engenharia-civil\/wp-json\/wp\/v2\/types\/page"}],"author":[{"embeddable":true,"href":"https:\/\/uenf.br\/posgraduacao\/engenharia-civil\/wp-json\/wp\/v2\/users\/7"}],"replies":[{"embeddable":true,"href":"https:\/\/uenf.br\/posgraduacao\/engenharia-civil\/wp-json\/wp\/v2\/comments?post=1637"}],"version-history":[{"count":0,"href":"https:\/\/uenf.br\/posgraduacao\/engenharia-civil\/wp-json\/wp\/v2\/pages\/1637\/revisions"}],"wp:attachment":[{"href":"https:\/\/uenf.br\/posgraduacao\/engenharia-civil\/wp-json\/wp\/v2\/media?parent=1637"}],"curies":[{"name":"wp","href":"https:\/\/api.w.org\/{rel}","templated":true}]}}