{"id":1640,"date":"2016-12-25T01:54:52","date_gmt":"2016-12-25T01:54:52","guid":{"rendered":"http:\/\/uenf.br\/posgraduacao\/engenharia-civil\/?page_id=1640"},"modified":"2016-12-25T01:54:52","modified_gmt":"2016-12-25T01:54:52","slug":"teses-de-doutorado-2015-natalia-souza-ribeiro","status":"publish","type":"page","link":"https:\/\/uenf.br\/posgraduacao\/engenharia-civil\/teses-de-doutorado-2015-natalia-souza-ribeiro\/","title":{"rendered":"Teses de Doutorado 2015 &#8211; NAT\u00c1LIA SOUZA RIBEIRO"},"content":{"rendered":"<p><\/p>\n<p style=\"text-align: justify\">Resumo<\/p>\n<p style=\"text-align: justify\">Neste trabalho, utiliza-se o M\u00e9todo dos Elementos de Contorno (MEC) e a teoria de flex\u00e3o de placas de Reissner para an\u00e1lise de intera\u00e7\u00e3o solo-estrutura. A abordagem utiliza a mesma solu\u00e7\u00e3o fundamental j\u00e1 empregada na an\u00e1lise de placas pelo MEC e, para considerar a rea\u00e7\u00e3o do solo, s\u00e3o acrescentadas as parcelas correspondentes nas equa\u00e7\u00f5es integrais do problema. Ao sistema de equa\u00e7\u00f5es original, s\u00e3o acrescentadas equa\u00e7\u00f5es escritas para pontos da interface da placa com o solo, obtendo-se, assim, o sistema de equa\u00e7\u00f5es para a placa. Esta interface \u00e9 discretizada em c\u00e9lulas internas constantes e as integrais correspondentes s\u00e3o transformadas em integrais sobre os contornos das c\u00e9lulas. Para a discretiza\u00e7\u00e3o do contorno, s\u00e3o empregados elementos de contorno quadr\u00e1ticos, podendo estes ser cont\u00ednuos ou descont\u00ednuos. O solo \u00e9 considerado como um semi-espa\u00e7o infinito e s\u00e3o escritas equa\u00e7\u00f5es integrais para pontos da superf\u00edcie do mesmo utilizando a solu\u00e7\u00e3o fundamental de Boussinesq-Cerruti. A regi\u00e3o da superf\u00edcie do solo em contato com a placa tamb\u00e9m \u00e9 discretizada em c\u00e9lulas internas e, ap\u00f3s a implementa\u00e7\u00e3o num\u00e9rica, tem-se um sistema de equa\u00e7\u00f5es para o solo. Os sistemas de equa\u00e7\u00f5es formados com as equa\u00e7\u00f5es da placa e com as equa\u00e7\u00f5es do solo s\u00e3o acoplados para fazer a intera\u00e7\u00e3o solo-estrutura. Para a valida\u00e7\u00e3o dos resultados, os mesmos s\u00e3o comparados com resultados de trabalhos que utilizam m\u00e9todos num\u00e9ricos com outras abordagens ou de solu\u00e7\u00f5es anal\u00edticas.<\/p>\n<p style=\"text-align: right\"><a href=\"http:\/\/uenf.br\/posgraduacao\/engenharia-civil\/wp-content\/uploads\/sites\/3\/2016\/12\/Teses-de-Doutorado-2015-NAT\u00c1LIA-SOUZA-RIBEIRO.pdf\">Download aqui<\/a><\/p>\n<p><\/p>","protected":false},"excerpt":{"rendered":"<p>Resumo Neste trabalho, utiliza-se o M\u00e9todo dos Elementos de Contorno (MEC) e a teoria de flex\u00e3o de placas de Reissner&#8230;<\/p>\n","protected":false},"author":7,"featured_media":0,"parent":0,"menu_order":0,"comment_status":"closed","ping_status":"closed","template":"","meta":{"footnotes":""},"class_list":["post-1640","page","type-page","status-publish","hentry"],"_links":{"self":[{"href":"https:\/\/uenf.br\/posgraduacao\/engenharia-civil\/wp-json\/wp\/v2\/pages\/1640","targetHints":{"allow":["GET"]}}],"collection":[{"href":"https:\/\/uenf.br\/posgraduacao\/engenharia-civil\/wp-json\/wp\/v2\/pages"}],"about":[{"href":"https:\/\/uenf.br\/posgraduacao\/engenharia-civil\/wp-json\/wp\/v2\/types\/page"}],"author":[{"embeddable":true,"href":"https:\/\/uenf.br\/posgraduacao\/engenharia-civil\/wp-json\/wp\/v2\/users\/7"}],"replies":[{"embeddable":true,"href":"https:\/\/uenf.br\/posgraduacao\/engenharia-civil\/wp-json\/wp\/v2\/comments?post=1640"}],"version-history":[{"count":0,"href":"https:\/\/uenf.br\/posgraduacao\/engenharia-civil\/wp-json\/wp\/v2\/pages\/1640\/revisions"}],"wp:attachment":[{"href":"https:\/\/uenf.br\/posgraduacao\/engenharia-civil\/wp-json\/wp\/v2\/media?parent=1640"}],"curies":[{"name":"wp","href":"https:\/\/api.w.org\/{rel}","templated":true}]}}