{"id":1643,"date":"2016-12-25T02:00:27","date_gmt":"2016-12-25T02:00:27","guid":{"rendered":"http:\/\/uenf.br\/posgraduacao\/engenharia-civil\/?page_id=1643"},"modified":"2016-12-25T02:00:27","modified_gmt":"2016-12-25T02:00:27","slug":"teses-de-doutorado-2015-tiago-gomes-barroso-carvalho","status":"publish","type":"page","link":"https:\/\/uenf.br\/posgraduacao\/engenharia-civil\/teses-de-doutorado-2015-tiago-gomes-barroso-carvalho\/","title":{"rendered":"Teses de Doutorado 2015 &#8211; TIAGO GOMES BARROSO CARVALHO"},"content":{"rendered":"<p><\/p>\n<p style=\"text-align: justify\">Resumo<br \/>\nSolos transparentes t\u00eam evolu\u00eddo nas \u00faltimas duas d\u00e9cadas como uma ferramenta \u00fatil e poderosa para a modelagem f\u00edsica de problemas geot\u00e9cnicos e geoambientais, sobretudo para visualiza\u00e7\u00e3o de mecanismos de intera\u00e7\u00e3o solo-estrutura, do comportamento hidr\u00e1ulico de solos saturados e insaturados e em processos t\u00e9rmicos. Solos transparentes s\u00e3o constituidos por s\u00f3lidos que representam o esqueleto do solo e um fluido de satura\u00e7\u00e3o, que ao possu\u00edrem o mesmo \u00edndice de refra\u00e7\u00e3o (IR) torna a amostra de solo transparente. Aliado ao uso de solos transparentes sint\u00e9ticos nos ensaios geot\u00e9cnicos, utiliza-se t\u00e9cnicas de processamento de imagens digitais, sobretudo da t\u00e9cnica DIC (Digital Image Correlation) com a aquisi\u00e7\u00e3o das imagens que ser\u00e3o analisadas para obten\u00e7\u00e3o os resultados desejados acerca do comportamento dos solos ou da evolu\u00e7\u00e3o de um determinado par\u00e2metro.Neste trabalho a caracteriza\u00e7\u00e3o geot\u00e9cnica de solos transparentes \u00e9 apresentada. Dois poros fluidos in\u00e9ditos para compor solos transparentes s\u00e3o introduzidos: Um poro fluido \u00e0 base de \u00f3leos minerais nacionais e outro poro fluido \u00e0 base de \u00e1gua e iodeto de s\u00f3dio tratado com thiosulfeto de s\u00f3dio. Novas t\u00e9cnicas de prepara\u00e7\u00e3o e reaproveitamento de solos transparentes tamb\u00e9m s\u00e3o apresentadas e discutidas neste trabalho. Por fim, quatro aplica\u00e7\u00f5es de problemas geot\u00e9cnicos ilustram a metodologia. Os resultados demonstram que o uso de solos transparentes e t\u00e9cnicas de processamento digital de imagens fornecem informa\u00e7\u00f5es importantes acerca do comportamento do solo e s\u00e3o ferramentas que complementam e auxiliam estudos complexos de v\u00e1rios problemas geot\u00e9cnicos da atualidade.<\/p>\n<p style=\"text-align: right\"><a href=\"http:\/\/uenf.br\/posgraduacao\/engenharia-civil\/wp-content\/uploads\/sites\/3\/2016\/12\/Teses-de-Doutorado-2015-TIAGO-GOMES-BARROSO-CARVALHO.pdf\">Download aqui<\/a><\/p>\n<p><\/p>","protected":false},"excerpt":{"rendered":"<p>Resumo Solos transparentes t\u00eam evolu\u00eddo nas \u00faltimas duas d\u00e9cadas como uma ferramenta \u00fatil e poderosa para a modelagem f\u00edsica de&#8230;<\/p>\n","protected":false},"author":7,"featured_media":0,"parent":0,"menu_order":0,"comment_status":"closed","ping_status":"closed","template":"","meta":{"footnotes":""},"class_list":["post-1643","page","type-page","status-publish","hentry"],"_links":{"self":[{"href":"https:\/\/uenf.br\/posgraduacao\/engenharia-civil\/wp-json\/wp\/v2\/pages\/1643","targetHints":{"allow":["GET"]}}],"collection":[{"href":"https:\/\/uenf.br\/posgraduacao\/engenharia-civil\/wp-json\/wp\/v2\/pages"}],"about":[{"href":"https:\/\/uenf.br\/posgraduacao\/engenharia-civil\/wp-json\/wp\/v2\/types\/page"}],"author":[{"embeddable":true,"href":"https:\/\/uenf.br\/posgraduacao\/engenharia-civil\/wp-json\/wp\/v2\/users\/7"}],"replies":[{"embeddable":true,"href":"https:\/\/uenf.br\/posgraduacao\/engenharia-civil\/wp-json\/wp\/v2\/comments?post=1643"}],"version-history":[{"count":0,"href":"https:\/\/uenf.br\/posgraduacao\/engenharia-civil\/wp-json\/wp\/v2\/pages\/1643\/revisions"}],"wp:attachment":[{"href":"https:\/\/uenf.br\/posgraduacao\/engenharia-civil\/wp-json\/wp\/v2\/media?parent=1643"}],"curies":[{"name":"wp","href":"https:\/\/api.w.org\/{rel}","templated":true}]}}