{"id":1674,"date":"2017-01-04T14:14:31","date_gmt":"2017-01-04T14:14:31","guid":{"rendered":"http:\/\/uenf.br\/posgraduacao\/engenharia-civil\/?page_id=1674"},"modified":"2017-01-16T17:26:51","modified_gmt":"2017-01-16T17:26:51","slug":"teses-de-doutorado-2016","status":"publish","type":"page","link":"https:\/\/uenf.br\/posgraduacao\/engenharia-civil\/teses-de-doutorado-2016\/","title":{"rendered":"Teses de Doutorado 2016"},"content":{"rendered":"<p>&nbsp;<\/p>\n<form>\n<fieldset>\n<legend>COMPORTAMENTO GEOMEC\u00c2NICO E DE DURABILIDADE DE FORMAS T\u00caXTEIS TUBULARES APLICADAS EM OBRAS HIDR\u00c1ULICAS<\/legend>\n<p style=\"text-align: left\"><strong>Autor: JOS\u00c9 LUIZ ERNANDES DIAS FILHO<\/strong><br \/>\n<strong>Orientador:<\/strong> Prof.Paulo C\u00e9sar de Almeida Maia<br \/>\n<strong>\u00c1rea de Concentra\u00e7\u00e3o:<\/strong>\u00a0Geotecnica<br \/>\n<strong>Situa\u00e7\u00e3o:<\/strong> Conclu\u00edda \u2013 SETEMBRO\u00a0\u2013 2016<br \/>\n<a href=\"http:\/\/uenf.br\/posgraduacao\/engenharia-civil\/teses-de-doutorado-2016-jose-luiz-ernandes-dias-filho\/\">Veja mais<\/a><\/p>\n<\/fieldset>\n<p>&nbsp;<\/p>\n<\/form>\n<form>\n<fieldset>\n<legend>AN\u00c1LISE DA VULNERABILIDADE E CARACTERIZA\u00c7\u00c3O HIDROGEOQU\u00cdMICA DOS AQU\u00cdFEROS RASOS LIVRES DA BACIA SEDIMENTAR DE CAMPOS<\/legend>\n<p style=\"text-align: left\"><strong>Autor:\u00a0Z\u00c9LIA MARIA PEIXOTO CHRISPIM\u00a0<\/strong><br \/>\n<strong>Orientadora:<\/strong> Prof. Maria da Gloria Alves<br \/>\n<strong>\u00c1rea de Concentra\u00e7\u00e3o:<\/strong> Geotecnia<br \/>\n<strong>Situa\u00e7\u00e3o:<\/strong> Conclu\u00edda \u2013 AGOSTO &#8211; 2016<br \/>\n<strong><a href=\"http:\/\/uenf.br\/posgraduacao\/engenharia-civil\/teses-de-doutorado-2016-zelia-maria-peixoto-chrispim\/\" target=\"_blank\">Veja mais.<\/a><\/strong><\/p>\n<\/fieldset>\n<\/form>\n<form>&nbsp;<\/p>\n<\/form>\n<p><\/p>","protected":false},"excerpt":{"rendered":"<p>&nbsp; COMPORTAMENTO GEOMEC\u00c2NICO E DE DURABILIDADE DE FORMAS T\u00caXTEIS TUBULARES APLICADAS EM OBRAS HIDR\u00c1ULICAS Autor: JOS\u00c9 LUIZ ERNANDES DIAS FILHO&#8230;<\/p>\n","protected":false},"author":7,"featured_media":0,"parent":0,"menu_order":0,"comment_status":"closed","ping_status":"closed","template":"","meta":{"footnotes":""},"class_list":["post-1674","page","type-page","status-publish","hentry"],"_links":{"self":[{"href":"https:\/\/uenf.br\/posgraduacao\/engenharia-civil\/wp-json\/wp\/v2\/pages\/1674","targetHints":{"allow":["GET"]}}],"collection":[{"href":"https:\/\/uenf.br\/posgraduacao\/engenharia-civil\/wp-json\/wp\/v2\/pages"}],"about":[{"href":"https:\/\/uenf.br\/posgraduacao\/engenharia-civil\/wp-json\/wp\/v2\/types\/page"}],"author":[{"embeddable":true,"href":"https:\/\/uenf.br\/posgraduacao\/engenharia-civil\/wp-json\/wp\/v2\/users\/7"}],"replies":[{"embeddable":true,"href":"https:\/\/uenf.br\/posgraduacao\/engenharia-civil\/wp-json\/wp\/v2\/comments?post=1674"}],"version-history":[{"count":0,"href":"https:\/\/uenf.br\/posgraduacao\/engenharia-civil\/wp-json\/wp\/v2\/pages\/1674\/revisions"}],"wp:attachment":[{"href":"https:\/\/uenf.br\/posgraduacao\/engenharia-civil\/wp-json\/wp\/v2\/media?parent=1674"}],"curies":[{"name":"wp","href":"https:\/\/api.w.org\/{rel}","templated":true}]}}