{"id":180,"date":"2015-09-04T13:42:46","date_gmt":"2015-09-04T13:42:46","guid":{"rendered":"http:\/\/uenf.br\/posgraduacao\/engenharia-civil\/?page_id=180"},"modified":"2020-03-27T13:15:50","modified_gmt":"2020-03-27T13:15:50","slug":"prof-paulo-cesar-de-almeida-maia","status":"publish","type":"page","link":"https:\/\/uenf.br\/posgraduacao\/engenharia-civil\/corpo-docente-2\/prof-paulo-cesar-de-almeida-maia\/","title":{"rendered":"Prof. Paulo Cesar de Almeida Maia"},"content":{"rendered":"<p><div id=\"attachment_179\" style=\"width: 266px\" class=\"wp-caption alignleft\"><a href=\"http:\/\/uenf.br\/posgraduacao\/engenharia-civil\/wp-content\/uploads\/sites\/3\/2015\/09\/Prof.-Paulo-Cesar-de-Almeida-Maia.png\"><img loading=\"lazy\" decoding=\"async\" aria-describedby=\"caption-attachment-179\" class=\"size-full wp-image-179\" src=\"http:\/\/uenf.br\/posgraduacao\/engenharia-civil\/wp-content\/uploads\/sites\/3\/2015\/09\/Prof.-Paulo-Cesar-de-Almeida-Maia.png\" alt=\"Prof. Paulo Cesar de Almeida Maia\" width=\"256\" height=\"255\" \/><\/a><p id=\"caption-attachment-179\" class=\"wp-caption-text\">Prof. Paulo Cesar de Almeida Maia<\/p><\/div><\/p>\n<p align=\"justify\"><span style=\"color: #ffffff\">.<\/span><\/p>\n<p align=\"justify\"><strong><a href=\"http:\/\/uenf.br\/posgraduacao\/engenharia-civil\/wp-content\/uploads\/sites\/3\/2020\/03\/ORCID_Paulo.png\"><img loading=\"lazy\" decoding=\"async\" class=\"alignnone wp-image-2767\" src=\"http:\/\/uenf.br\/posgraduacao\/engenharia-civil\/wp-content\/uploads\/sites\/3\/2020\/03\/ORCID_Paulo-300x300.png\" alt=\"\" width=\"179\" height=\"179\" srcset=\"https:\/\/uenf.br\/posgraduacao\/engenharia-civil\/wp-content\/uploads\/sites\/3\/2020\/03\/ORCID_Paulo-300x300.png 300w, https:\/\/uenf.br\/posgraduacao\/engenharia-civil\/wp-content\/uploads\/sites\/3\/2020\/03\/ORCID_Paulo-150x150.png 150w, https:\/\/uenf.br\/posgraduacao\/engenharia-civil\/wp-content\/uploads\/sites\/3\/2020\/03\/ORCID_Paulo-400x400.png 400w, https:\/\/uenf.br\/posgraduacao\/engenharia-civil\/wp-content\/uploads\/sites\/3\/2020\/03\/ORCID_Paulo-144x144.png 144w, https:\/\/uenf.br\/posgraduacao\/engenharia-civil\/wp-content\/uploads\/sites\/3\/2020\/03\/ORCID_Paulo.png 500w\" sizes=\"auto, (max-width: 179px) 100vw, 179px\" \/><\/a>E-mail:<\/strong> <a href=\"mailto:maia@uenf.br\">maia@uenf.br<\/a><\/p>\n<p align=\"justify\"><strong>Fator H=4 Scopus<\/strong> (43 cita\u00e7\u00f5es 25\/03\/2020)<\/p>\n<p align=\"justify\"><strong>Ramal:<\/strong> 273<strong>97071<\/strong><\/p>\n<p align=\"justify\"><strong>Setor:<\/strong> Geotecnia<br \/>\n<strong>\u00c1reas de Atua\u00e7\u00e3o:<br \/>\n<\/strong>&#8211; Comportamento de Solos;<br \/>\n&#8211; Estruturas de Conten\u00e7\u00e3o e Funda\u00e7\u00f5es;<br \/>\n&#8211; Barragem de Terra Enrrocamento;<br \/>\n&#8211; Durabilidade de Materiais Geot\u00e9cnicos.<\/p>\n<p align=\"justify\"><span style=\"color: #ffffff\">.<\/span><\/p>\n<p align=\"justify\"><a href=\"http:\/\/buscatextual.cnpq.br\/buscatextual\/visualizacv.do?id=K4728832E9\" target=\"_blank\" rel=\"noopener noreferrer\">Curr\u00edculo Lattes<\/a><\/p>\n<p><\/p>","protected":false},"excerpt":{"rendered":"<p>. E-mail: maia@uenf.br Fator H=4 Scopus (43 cita\u00e7\u00f5es 25\/03\/2020) Ramal: 27397071 Setor: Geotecnia \u00c1reas de Atua\u00e7\u00e3o: &#8211; Comportamento de Solos;&#8230;<\/p>\n","protected":false},"author":8,"featured_media":0,"parent":103,"menu_order":1,"comment_status":"closed","ping_status":"closed","template":"","meta":{"footnotes":""},"class_list":["post-180","page","type-page","status-publish","hentry"],"_links":{"self":[{"href":"https:\/\/uenf.br\/posgraduacao\/engenharia-civil\/wp-json\/wp\/v2\/pages\/180","targetHints":{"allow":["GET"]}}],"collection":[{"href":"https:\/\/uenf.br\/posgraduacao\/engenharia-civil\/wp-json\/wp\/v2\/pages"}],"about":[{"href":"https:\/\/uenf.br\/posgraduacao\/engenharia-civil\/wp-json\/wp\/v2\/types\/page"}],"author":[{"embeddable":true,"href":"https:\/\/uenf.br\/posgraduacao\/engenharia-civil\/wp-json\/wp\/v2\/users\/8"}],"replies":[{"embeddable":true,"href":"https:\/\/uenf.br\/posgraduacao\/engenharia-civil\/wp-json\/wp\/v2\/comments?post=180"}],"version-history":[{"count":0,"href":"https:\/\/uenf.br\/posgraduacao\/engenharia-civil\/wp-json\/wp\/v2\/pages\/180\/revisions"}],"up":[{"embeddable":true,"href":"https:\/\/uenf.br\/posgraduacao\/engenharia-civil\/wp-json\/wp\/v2\/pages\/103"}],"wp:attachment":[{"href":"https:\/\/uenf.br\/posgraduacao\/engenharia-civil\/wp-json\/wp\/v2\/media?parent=180"}],"curies":[{"name":"wp","href":"https:\/\/api.w.org\/{rel}","templated":true}]}}