{"id":1841,"date":"2017-06-25T20:54:15","date_gmt":"2017-06-25T20:54:15","guid":{"rendered":"http:\/\/uenf.br\/posgraduacao\/engenharia-civil\/?page_id=1841"},"modified":"2018-07-16T11:14:24","modified_gmt":"2018-07-16T11:14:24","slug":"dissertacoes-de-mestrado-2017","status":"publish","type":"page","link":"https:\/\/uenf.br\/posgraduacao\/engenharia-civil\/dissertacoes-de-mestrado-2017\/","title":{"rendered":"Disserta\u00e7\u00f5es de Mestrado 2017"},"content":{"rendered":"<p>&nbsp;<\/p>\n<form>\n<fieldset>\n<legend>ESTUDO DO COMPORTAMENTO DE ESTACAS SUBMETIDAS AO ARRANCAMENTO EM DIFERENTES DIRE\u00c7\u00d5ES, ATRAV\u00c9S DE ENSAIOS EM CENTR\u00cdFUGA GEOT\u00c9CNICA<\/legend>\n<p><strong>Autor: GUILHERME VENTURIN GUIZARDI<br \/>\n<strong>Orientador:<\/strong> Prof. S\u00e9rgio Tibana<br \/>\n<strong>\u00c1rea de Concentra\u00e7\u00e3o:<\/strong>\u00a0Geotecnia<br \/>\n<strong>Situa\u00e7\u00e3o:<\/strong> Conclu\u00edda \u2013 setembro &#8211; 2017<br \/>\n<a href=\"http:\/\/uenf.br\/posgraduacao\/engenharia-civil\/dissertacoes-de-mestrado-2017-guilherme-venturin-guizardi\/\">Veja mais<\/a> <\/strong><\/fieldset>\n<p>&nbsp;<\/p>\n<p>&nbsp;<\/p>\n<\/form>\n<form>\n<fieldset>\n<legend>ESTUDO DA VIABILIDADE TECNOL\u00d3GICA DE ARGAMASSAS ATIVADAS POR NaOH OU KOH<\/legend>\n<p><strong>Autor: GREISSON PEIXOTO RANGEL<\/strong><br \/>\n<strong>Orientador:<\/strong> Prof. Dylmar Penteado Dias<br \/>\n<strong>\u00c1rea de Concentra\u00e7\u00e3o:<\/strong>\u00a0Estruturas<br \/>\n<strong>Situa\u00e7\u00e3o:<\/strong> Conclu\u00edda \u2013 setembro &#8211; 2017<br \/>\n<a href=\"http:\/\/uenf.br\/posgraduacao\/engenharia-civil\/dissertacoes-de-mestrado-2017-greisson-peixoto-rangel\/\">Veja mais<\/a><\/fieldset>\n<p>&nbsp;<\/p>\n<p>&nbsp;<\/p>\n<p>&nbsp;<\/p>\n<\/form>\n<form>\n<fieldset>\n<legend>ARGAMASSAS GEOPOLIM\u00c9RICAS COM DIFERENTES ATIVADORES ALCALINOS E SEUS COMPORTAMENTOS FRENTE \u00c0 ELEVA\u00c7\u00c3O DA TEMPERATURA<\/legend>\n<p><strong>Autor: THAIS DA SILVA ROCHA<\/strong><br \/>\n<strong>Orientador:<\/strong> Prof. Dylmar Penteado Dias<br \/>\n<strong>\u00c1rea de Concentra\u00e7\u00e3o:<\/strong>\u00a0Estruturas<br \/>\n<strong>Situa\u00e7\u00e3o:<\/strong> Conclu\u00edda \u2013 setembro &#8211; 2017<br \/>\n<a href=\"http:\/\/uenf.br\/posgraduacao\/engenharia-civil\/dissertacoes-de-mestrado-2017-juliana-correa-trindade-2\/\">Veja mais<\/a><\/fieldset>\n<p>&nbsp;<\/p>\n<p>&nbsp;<\/p>\n<\/form>\n<form>\n<fieldset>\n<legend>AVALIA\u00c7\u00c3O DOS EFEITOS DA INCORPORA\u00c7\u00c3O DE RES\u00cdDUO CALC\u00c1RIO DO BENEFICIAMENTO DO M\u00c1RMORE EM BLOCOS DE ENCAIXE DE SOLO-CIMENTO<\/legend>\n<p><strong>Autor: BRUNO RANGEL FRAN\u00c7A<\/strong><br \/>\n<strong>Orientador:<\/strong> Prof. Jonas Alexandre<br \/>\n<strong>\u00c1rea de Concentra\u00e7\u00e3o:<\/strong>\u00a0Estruturas<br \/>\n<strong>Situa\u00e7\u00e3o:<\/strong> Conclu\u00edda \u2013 setembro &#8211; 2017<br \/>\n<a href=\"http:\/\/uenf.br\/posgraduacao\/engenharia-civil\/dissertacoes-de-mestrado-2017-bruno-rangel-franca\/\">Veja mais<\/a><\/fieldset>\n<p>&nbsp;<\/p>\n<\/form>\n<form>&nbsp;<\/p>\n<\/form>\n<form>\n<fieldset>\n<legend>AVALIA\u00c7\u00c3O DAS PROPRIEDADES TECNOL\u00d3GICAS DE TIJOLO ECOL\u00d3GICO MODULAR DE SOLO-CIMENTO COM INCORPORA\u00c7\u00c3O DE RES\u00cdDUO DA FABRICA\u00c7\u00c3O DE PAPEL<\/legend>\n<p style=\"text-align: left\"><strong>Autor: WELLINGTON FERNANDES JUNIOR<\/strong><br \/>\n<strong>Orientador:<\/strong> Prof. Jonas Alexandre<br \/>\n<strong>\u00c1rea de Concentra\u00e7\u00e3o:<\/strong>\u00a0Estruturas<br \/>\n<strong>Situa\u00e7\u00e3o:<\/strong> Conclu\u00edda \u2013 Agosto &#8211; 2017<br \/>\n<a href=\"http:\/\/uenf.br\/posgraduacao\/engenharia-civil\/dissertacoes-de-mestrado-2017-wellington-fernandes-junior\/\">Veja mais<\/a><\/p>\n<\/fieldset>\n<p>&nbsp;<\/p>\n<p>&nbsp;<\/p>\n<\/form>\n<form>\n<fieldset>\n<legend>TRANSFER\u00caNCIA DE CARGA DE ESTACAS H\u00c9LICE CONT\u00cdNUA MONITORADA EM MACI\u00c7O SEDIMENTAR DURANTE A CONSTRU\u00c7\u00c3O DE UM EDIF\u00cdCIO<\/legend>\n<p style=\"text-align: left\"><strong>Autor: LUCAS VENANCIO WAKED<\/strong><br \/>\n<strong>Orientador:<\/strong> Prof. Paulo C\u00e9sar de Almeida Maia<br \/>\n<strong>\u00c1rea de Concentra\u00e7\u00e3o:<\/strong>\u00a0Geotecnia<br \/>\n<strong>Situa\u00e7\u00e3o:<\/strong> Conclu\u00edda \u2013 setembro &#8211; 2017<br \/>\n<a href=\"http:\/\/uenf.br\/posgraduacao\/engenharia-civil\/dissertacoes-de-mestrado-2017-lucas-venancio-waked\/\">Veja mais<\/a><\/p>\n<\/fieldset>\n<p>&nbsp;<\/p>\n<p>&nbsp;<\/p>\n<\/form>\n<form>\n<fieldset>\n<legend>DIMENSIONAMENTO \u00d3TIMO DE LIGA\u00c7\u00d5ES VIGA-COLUNA DE P\u00d3RTICOS PLANOS UTILIZANDO O M\u00c9TODO DAS COMPONENTES<\/legend>\n<p><strong>Autor: RAFAEL DA SILVA HORTENCIO<\/strong><br \/>\n<strong>Orientador:<\/strong> Prof. Gines Arturo Santos Falc\u00f3n<br \/>\n<strong>\u00c1rea de Concentra\u00e7\u00e3o:<\/strong>\u00a0Estruturas<br \/>\n<strong>Situa\u00e7\u00e3o:<\/strong> Conclu\u00edda \u2013 Maio &#8211; 2017<br \/>\n<a href=\"http:\/\/uenf.br\/posgraduacao\/engenharia-civil\/dissertacoes-de-mestrado-2017-rafael-da-silva-hortencio\/\">Veja mais<\/a><\/fieldset>\n<p>&nbsp;<\/p>\n<\/form>\n<form>\n<fieldset>\n<legend>RESPOSTA TERMOMEC\u00c2NICA DE ESTACA GEOT\u00c9RMICA<\/legend>\n<p style=\"text-align: left\"><strong>Autor: MARINA DE SOUZA FERREIRA<\/strong><br \/>\n<strong>Orientador:<\/strong> Prof. Fernando Saboya Albuquerque Jr.<br \/>\n<strong>\u00c1rea de Concentra\u00e7\u00e3o:<\/strong>\u00a0Geotecnia<br \/>\n<strong>Situa\u00e7\u00e3o:<\/strong> Conclu\u00edda \u2013 Abril\u00a0&#8211; 2017<br \/>\n<a href=\"http:\/\/uenf.br\/posgraduacao\/engenharia-civil\/dissertacoes-de-mestrado-2017-marina-de-souza-ferreira\/\">Veja mais<\/a><\/p>\n<\/fieldset>\n<p>&nbsp;<\/p>\n<\/form>\n<form>\n<fieldset>\n<legend>MODELAGEM F\u00cdSICA EM CENTR\u00cdFUGA GEOT\u00c9CNICA DE ATERROS\u00a0SOBRE SOLOS MOLES MELHORADOS COM COLUNAS DE BRITA<\/legend>\n<p style=\"text-align: left\"><strong>Autor: THAMARA MARTINS FONTE BOA<\/strong><br \/>\n<strong>Orientador:<\/strong> Prof. Fernando Saboya Albuquerque Jr.<\/p>\n<p style=\"text-align: left\"><strong>Co-orientador<\/strong>: Prof. S\u00e9rgio Tibana<br \/>\n<strong>\u00c1rea de Concentra\u00e7\u00e3o:<\/strong>\u00a0Geotecnia<br \/>\n<strong>Situa\u00e7\u00e3o:<\/strong> Conclu\u00edda \u2013 Abril\u00a0&#8211; 2017<br \/>\n<a href=\"http:\/\/uenf.br\/posgraduacao\/engenharia-civil\/dissertacoes-de-mestrado-2017-thamara-martins-fonte-boa\/\">Veja mais<\/a><\/p>\n<\/fieldset>\n<p>&nbsp;<\/p>\n<\/form>\n<form>\n<fieldset>\n<legend>ESTUDO SOBRE O FLUXO SUBTERR\u00c2NEO E PERCOLA\u00c7\u00c3O DE POLUENTES EM UM CEMIT\u00c9RIO NA CIDADE DE CAMPOS DOS GOYTACAZES-RJ<\/legend>\n<p style=\"text-align: left\"><strong>Autor: V\u00cdCTOR DOS SANTOS SINGUI<\/strong><br \/>\n<strong>Orientador:<\/strong> Prof. Aldo Durand Farf\u00e1n<br \/>\n<strong>\u00c1rea de Concentra\u00e7\u00e3o:<\/strong>\u00a0Geotecnia<br \/>\n<strong>Situa\u00e7\u00e3o:<\/strong> Conclu\u00edda \u2013 Abril\u00a0&#8211; 2017<br \/>\n<a href=\"http:\/\/uenf.br\/posgraduacao\/engenharia-civil\/dissertacoes-de-mestrado-2017-victor-dos-santos-singui\/\">Veja mais<\/a><\/p>\n<\/fieldset>\n<p>&nbsp;<\/p>\n<\/form>\n<form>\n<fieldset>\n<legend>A INFLU\u00caNCIA DO TEOR DE AGREGADOS RECICLADOS PROVENIENTES DE CONCRETOS SIMPLES COM DIFERENTES RESIST\u00caNCIAS NO COMPORTAMENTO AO ATRITO-CISALHAMENTO<\/legend>\n<p style=\"text-align: left\"><strong>Autor: JULIANA CORR\u00caA TRINDADE<\/strong><br \/>\n<strong>Orientador:<\/strong> Prof. Sergio Luis Gonz\u00e1lez Garcia<\/p>\n<p style=\"text-align: left\"><strong>Coorientador:<\/strong>\u00a0Prof. Dylmar Penteado Dias<br \/>\n<strong>\u00c1rea de Concentra\u00e7\u00e3o:<\/strong>\u00a0Estruturas<br \/>\n<strong>Situa\u00e7\u00e3o:<\/strong> Conclu\u00edda \u2013 Mar\u00e7o\u00a0&#8211; 2017<br \/>\n<a href=\"http:\/\/uenf.br\/posgraduacao\/engenharia-civil\/dissertacoes-de-mestrado-2017-juliana-correa-trindade\/\">Veja mais<\/a><\/p>\n<\/fieldset>\n<p>&nbsp;<\/p>\n<\/form>\n<form>\n<fieldset>\n<legend>COMPORTAMENTO DE COLUNAS CURTAS REFOR\u00c7ADAS COM COMP\u00d3SITOS DE RESINA GEOPOLIM\u00c9RICA E FIBRAS DE CARBONO<\/legend>\n<p style=\"text-align: left\"><strong>Autor: K\u00cdSSILA BOTELHO GOLIATH<\/strong><br \/>\n<strong>Orientador:<\/strong> Prof.\u00a0Dylmar Penteado Dias<br \/>\n<strong>\u00c1rea de Concentra\u00e7\u00e3o:<\/strong>\u00a0 Estruturas<br \/>\n<strong>Situa\u00e7\u00e3o:<\/strong> Conclu\u00edda \u2013 Fevereiro &#8211; 2017<br \/>\n<a href=\"http:\/\/uenf.br\/posgraduacao\/engenharia-civil\/dissertacoes-de-mestrado-2017-kissila-botelho-goliath\/\">Veja mais<\/a><\/p>\n<\/fieldset>\n<p>&nbsp;<\/p>\n<\/form>\n<p><\/p>","protected":false},"excerpt":{"rendered":"<p>&nbsp; ESTUDO DO COMPORTAMENTO DE ESTACAS SUBMETIDAS AO ARRANCAMENTO EM DIFERENTES DIRE\u00c7\u00d5ES, ATRAV\u00c9S DE ENSAIOS EM CENTR\u00cdFUGA GEOT\u00c9CNICA Autor: GUILHERME&#8230;<\/p>\n","protected":false},"author":7,"featured_media":0,"parent":0,"menu_order":0,"comment_status":"closed","ping_status":"closed","template":"","meta":{"footnotes":""},"class_list":["post-1841","page","type-page","status-publish","hentry"],"_links":{"self":[{"href":"https:\/\/uenf.br\/posgraduacao\/engenharia-civil\/wp-json\/wp\/v2\/pages\/1841","targetHints":{"allow":["GET"]}}],"collection":[{"href":"https:\/\/uenf.br\/posgraduacao\/engenharia-civil\/wp-json\/wp\/v2\/pages"}],"about":[{"href":"https:\/\/uenf.br\/posgraduacao\/engenharia-civil\/wp-json\/wp\/v2\/types\/page"}],"author":[{"embeddable":true,"href":"https:\/\/uenf.br\/posgraduacao\/engenharia-civil\/wp-json\/wp\/v2\/users\/7"}],"replies":[{"embeddable":true,"href":"https:\/\/uenf.br\/posgraduacao\/engenharia-civil\/wp-json\/wp\/v2\/comments?post=1841"}],"version-history":[{"count":0,"href":"https:\/\/uenf.br\/posgraduacao\/engenharia-civil\/wp-json\/wp\/v2\/pages\/1841\/revisions"}],"wp:attachment":[{"href":"https:\/\/uenf.br\/posgraduacao\/engenharia-civil\/wp-json\/wp\/v2\/media?parent=1841"}],"curies":[{"name":"wp","href":"https:\/\/api.w.org\/{rel}","templated":true}]}}