{"id":1843,"date":"2017-06-25T20:59:48","date_gmt":"2017-06-25T20:59:48","guid":{"rendered":"http:\/\/uenf.br\/posgraduacao\/engenharia-civil\/?page_id=1843"},"modified":"2018-07-16T11:04:14","modified_gmt":"2018-07-16T11:04:14","slug":"dissertacoes-de-mestrado-2017-victor-dos-santos-singui","status":"publish","type":"page","link":"https:\/\/uenf.br\/posgraduacao\/engenharia-civil\/dissertacoes-de-mestrado-2017-victor-dos-santos-singui\/","title":{"rendered":"Disserta\u00e7\u00f5es de Mestrado 2017 &#8211; V\u00cdCTOR DOS SANTOS SINGUI"},"content":{"rendered":"<p><\/p>\n<p style=\"text-align: justify\">Resumo<\/p>\n<p style=\"text-align: justify\">A Disserta\u00e7\u00e3o tem como objetivo o transporte da pluma de contamina\u00e7\u00e3o nas regi\u00f5es pr\u00f3ximas ao cemit\u00e9rio do Caju na cidade de Campos dos Goytacazes. Essa contamina\u00e7\u00e3o acontece pela presen\u00e7a do fluido produzido como produto da decomposi\u00e7\u00e3o natural dos corpos, que pode afetar negativamente a sa\u00fade humana devido \u00e0 presen\u00e7a de organismos microbiol\u00f3gicos causadores de graves patologias como a febre tifoide, hepatite, t\u00e9tano, tuberculose, entre outras. Al\u00e9m de poss\u00edvel contamina\u00e7\u00e3o por elementos presentes nos adere\u00e7os dos caix\u00f5es e beneficiamentos da madeira do mesmo.<\/p>\n<p style=\"text-align: justify\">A estrat\u00e9gia adotada como base para esse estudo \u00e9 a investiga\u00e7\u00e3o da percola\u00e7\u00e3o subterr\u00e2nea no maci\u00e7o de solo que contempla as regi\u00f5es de dom\u00ednio do cemit\u00e9rio e circunvizinhas por meio de modelagem num\u00e9rica utilizando o programa Visual MODFLOW Flex. Para obter dados e par\u00e2metros requeridos na modelagem e confec\u00e7\u00e3o da malha de fluxo, foi realizado em campo uma planimetria e altimetria na regi\u00e3o usando um aparelho com sistema GPS. Tamb\u00e9m foi utilizado dados geol\u00f3gicos, morfol\u00f3gicos, pluviom\u00e9tricos, climatol\u00f3gicos e sondagens da \u00e1rea estudada. Al\u00e9m disso, foram utilizados valores t\u00edpicos da bibliografia para estimativa de alguns par\u00e2metros necess\u00e1rios a elabora\u00e7\u00e3o do modelo, caracteriza\u00e7\u00e3o do contaminante e complemento da modelagem num\u00e9rica.<\/p>\n<p style=\"text-align: justify\">Assim, \u00e9 apresentado como conclus\u00e3o do trabalho, a malha definida no estudo, o modelo conceitual para representa\u00e7\u00e3o da \u00e1rea estudada bem como os resultados da simula\u00e7\u00e3o, incluindo as previs\u00f5es de avan\u00e7o da pluma contamina\u00e7\u00e3o em regime transisente no decorrer nos anos at\u00e9 os dias atuais, estimativa da \u00e1rea de risco por contamina\u00e7\u00e3o microbiol\u00f3gica, a distribui\u00e7\u00e3o das cargas hidr\u00e1ulicas no aqu\u00edfero, mesa de \u00e1gua e rebaixamentos. S\u00e3o apresentadas tamb\u00e9m, as principais conclus\u00f5es do estudo e sugest\u00f5es para trabalhos futuros. Por fim, o ap\u00eandice do trabalho cont\u00e9m os resultados de simula\u00e7\u00e3o do modelo transiente em perfil longitudinal e transversal e resultados do avan\u00e7o da contamina\u00e7\u00e3o sob regime estacion\u00e1rio.<br \/>\nPalavras-chave: modelagem num\u00e9rica de fluxo, estacion\u00e1rio, MODFLOW, regime transiente, cemit\u00e9rio..<\/p>\n<p style=\"text-align: right\"><a href=\"http:\/\/uenf.br\/posgraduacao\/engenharia-civil\/wp-content\/uploads\/sites\/3\/2017\/06\/Dissert-VICTOR-CORRIGIDA-03-06-2017-PDF.compressed.pdf\">Download aqui:<\/a><\/p>\n<p><\/p>","protected":false},"excerpt":{"rendered":"<p>Resumo A Disserta\u00e7\u00e3o tem como objetivo o transporte da pluma de contamina\u00e7\u00e3o nas regi\u00f5es pr\u00f3ximas ao cemit\u00e9rio do Caju na&#8230;<\/p>\n","protected":false},"author":7,"featured_media":0,"parent":0,"menu_order":0,"comment_status":"closed","ping_status":"closed","template":"","meta":{"footnotes":""},"class_list":["post-1843","page","type-page","status-publish","hentry"],"_links":{"self":[{"href":"https:\/\/uenf.br\/posgraduacao\/engenharia-civil\/wp-json\/wp\/v2\/pages\/1843","targetHints":{"allow":["GET"]}}],"collection":[{"href":"https:\/\/uenf.br\/posgraduacao\/engenharia-civil\/wp-json\/wp\/v2\/pages"}],"about":[{"href":"https:\/\/uenf.br\/posgraduacao\/engenharia-civil\/wp-json\/wp\/v2\/types\/page"}],"author":[{"embeddable":true,"href":"https:\/\/uenf.br\/posgraduacao\/engenharia-civil\/wp-json\/wp\/v2\/users\/7"}],"replies":[{"embeddable":true,"href":"https:\/\/uenf.br\/posgraduacao\/engenharia-civil\/wp-json\/wp\/v2\/comments?post=1843"}],"version-history":[{"count":0,"href":"https:\/\/uenf.br\/posgraduacao\/engenharia-civil\/wp-json\/wp\/v2\/pages\/1843\/revisions"}],"wp:attachment":[{"href":"https:\/\/uenf.br\/posgraduacao\/engenharia-civil\/wp-json\/wp\/v2\/media?parent=1843"}],"curies":[{"name":"wp","href":"https:\/\/api.w.org\/{rel}","templated":true}]}}