{"id":1880,"date":"2017-08-16T19:09:38","date_gmt":"2017-08-16T19:09:38","guid":{"rendered":"http:\/\/uenf.br\/posgraduacao\/engenharia-civil\/?page_id=1880"},"modified":"2017-08-17T13:14:26","modified_gmt":"2017-08-17T13:14:26","slug":"dissertacoes-de-mestrado-2017-kissila-botelho-goliath","status":"publish","type":"page","link":"https:\/\/uenf.br\/posgraduacao\/engenharia-civil\/dissertacoes-de-mestrado-2017-kissila-botelho-goliath\/","title":{"rendered":"Disserta\u00e7\u00f5es de Mestrado 2017 &#8211; K\u00cdSSILA BOTELHO GOLIATH"},"content":{"rendered":"<p><\/p>\n<p style=\"text-align: justify\">Resumo<\/p>\n<p style=\"text-align: justify\">Os materiais comp\u00f3sitos refor\u00e7ados com fibras, pelas suas caracter\u00edsticas e propriedades, t\u00eam potencial para impulsionar o mercado do reparo e refor\u00e7o de estruturas de concreto, sendo essencial pesquisas para fornecer dados sobre o comportamento a curto e longo prazo desses sistemas. Os geopol\u00edmeros possuem propriedades f\u00edsicas, qu\u00edmicas e mec\u00e2nicas que revelam grande potencial de utiliza\u00e7\u00e3o como adesivo. Com isso, este trabalho visou o refor\u00e7o de pilares de concreto simples com aux\u00edlio de comp\u00f3sitos de fibras de carbono colados com resinas geopolim\u00e9ricas. Foi estudada a efic\u00e1cia do conjunto para o refor\u00e7o da estrutura ao se variar o n\u00famero de camadas de refor\u00e7o e compar\u00e1-la com a de um refor\u00e7o com o uso de uma resina ep\u00f3xi comercial. A pesquisa investigou o melhor tra\u00e7o para a composi\u00e7\u00e3o da resina geopolim\u00e9rica, tendo em vista a viscosidade para adequada aplica\u00e7\u00e3o em pilares de concreto, assim como sua resist\u00eancia \u00e0 compress\u00e3o em diferentes idades. Ante o exposto, foram confeccionados 18 pilares de concreto simples, sendo 6 de refer\u00eancia e realizado o refor\u00e7o com manta de fibra de carbono com 1 e 2 camadas, sendo 6 corpos de prova colados com resina geopolim\u00e9rica e 6 com resina ep\u00f3xi comercial. Verificou-se por meio dos resultados, que o refor\u00e7o de 1 e 2 camadas com fibra de carbono e resina geopolim\u00e9rica aumentou a resist\u00eancia do pilar em 37% e 103%, enquanto o refor\u00e7o com a resina ep\u00f3xi levou a ganhos m\u00e9dios de 101% e 191%, respectivamente. Foi tamb\u00e9m comprovada a efic\u00e1cia da resina geopolim\u00e9rica no refor\u00e7o de pilares de concreto, em fun\u00e7\u00e3o da boa ader\u00eancia da resina entre o substrato de concreto e o comp\u00f3sito refor\u00e7ado com fibras de carbono, tornando vi\u00e1vel a substitui\u00e7\u00e3o da resina comercial pela geopolim\u00e9rica.<\/p>\n<p style=\"text-align: right\"><a href=\"http:\/\/uenf.br\/posgraduacao\/engenharia-civil\/wp-content\/uploads\/sites\/3\/2017\/08\/Disserta\u00e7\u00e3o-KISSILA-BOTELHO-GOLIATH.pdf\">Download aqui<\/a><\/p>\n<p><\/p>","protected":false},"excerpt":{"rendered":"<p>Resumo Os materiais comp\u00f3sitos refor\u00e7ados com fibras, pelas suas caracter\u00edsticas e propriedades, t\u00eam potencial para impulsionar o mercado do reparo&#8230;<\/p>\n","protected":false},"author":7,"featured_media":0,"parent":0,"menu_order":0,"comment_status":"closed","ping_status":"closed","template":"","meta":{"footnotes":""},"class_list":["post-1880","page","type-page","status-publish","hentry"],"_links":{"self":[{"href":"https:\/\/uenf.br\/posgraduacao\/engenharia-civil\/wp-json\/wp\/v2\/pages\/1880","targetHints":{"allow":["GET"]}}],"collection":[{"href":"https:\/\/uenf.br\/posgraduacao\/engenharia-civil\/wp-json\/wp\/v2\/pages"}],"about":[{"href":"https:\/\/uenf.br\/posgraduacao\/engenharia-civil\/wp-json\/wp\/v2\/types\/page"}],"author":[{"embeddable":true,"href":"https:\/\/uenf.br\/posgraduacao\/engenharia-civil\/wp-json\/wp\/v2\/users\/7"}],"replies":[{"embeddable":true,"href":"https:\/\/uenf.br\/posgraduacao\/engenharia-civil\/wp-json\/wp\/v2\/comments?post=1880"}],"version-history":[{"count":0,"href":"https:\/\/uenf.br\/posgraduacao\/engenharia-civil\/wp-json\/wp\/v2\/pages\/1880\/revisions"}],"wp:attachment":[{"href":"https:\/\/uenf.br\/posgraduacao\/engenharia-civil\/wp-json\/wp\/v2\/media?parent=1880"}],"curies":[{"name":"wp","href":"https:\/\/api.w.org\/{rel}","templated":true}]}}