{"id":1890,"date":"2017-08-17T13:42:47","date_gmt":"2017-08-17T13:42:47","guid":{"rendered":"http:\/\/uenf.br\/posgraduacao\/engenharia-civil\/?page_id=1890"},"modified":"2017-08-17T13:56:23","modified_gmt":"2017-08-17T13:56:23","slug":"dissertacoes-de-mestrado-2017-marina-de-souza-ferreira","status":"publish","type":"page","link":"https:\/\/uenf.br\/posgraduacao\/engenharia-civil\/dissertacoes-de-mestrado-2017-marina-de-souza-ferreira\/","title":{"rendered":"Disserta\u00e7\u00f5es de Mestrado 2017 &#8211; MARINA DE SOUZA FERREIRA"},"content":{"rendered":"<p><\/p>\n<p style=\"text-align: justify\">Resumo<\/p>\n<p style=\"text-align: justify\">A atual matriz energ\u00e9tica brasileira \u00e9 composta em maior parte por fontes n\u00e3o renov\u00e1veis e emissoras de gases do efeito estufa. Dessa forma, \u00e9\u00a0interessante para o desenvolvimento sustent\u00e1vel do pa\u00eds, que sejam estudadas\u00a0e implantadas energias limpas e renov\u00e1veis, tais como a energia geot\u00e9rmica. A\u00a0energia geot\u00e9rmica vem sendo extra\u00edda mundialmente pela utiliza\u00e7\u00e3o de\u00a0estacas geot\u00e9rmicas e apesar disso, no Brasil, essa tecnologia \u00e9 pouco\u00a0conhecida e n\u00e3o se tem not\u00edcia de sua aplica\u00e7\u00e3o. Dessa forma, se torna\u00a0importante avaliar a viabilidade deste sistema em territ\u00f3rio nacional para que se\u00a0possa aplic\u00e1-lo de forma eficiente. Diante disso, o objetivo da presente\u00a0pesquisa foi avaliar termomecanicamente uma estaca geot\u00e9rmica confeccionada no campus da UENF, em Campos dos Goytacazes\/RJ com a\u00a0realiza\u00e7\u00e3o de dois TRTs. Os dados obtidos com os TRTs foram avaliados pela\u00a0Teoria da Fonte Linear Infinita de Calor e assim foram obtidas as propriedades\u00a0t\u00e9rmicas e a temperatura m\u00e9dia do solo local. Com a realiza\u00e7\u00e3o dos TRTs\u00a0foram induzidas mudan\u00e7as no seu estado de tens\u00e3o e deforma\u00e7\u00e3o da estaca.\u00a0Sendo assim, essas mudan\u00e7as tamb\u00e9m foram monitoradas e avaliadas. Em\u00a0ambos os ensaios foram encontradas condutividades t\u00e9rmicas adequadas \u00e0\u00a0utiliza\u00e7\u00e3o de estacas geot\u00e9rmicas. J\u00e1 a temperatura m\u00e9dia n\u00e3o perturbada do\u00a0solo foi de 29,4\u00b0C. Com rela\u00e7\u00e3o ao comportamento mec\u00e2nico, a estaca sofreu\u00a0expans\u00e3o com o aquecimento, o que gerou deforma\u00e7\u00f5es principalmente de\u00a0tra\u00e7\u00e3o e tens\u00f5es, sobretudo, compressivas. As maiores deforma\u00e7\u00f5es de tra\u00e7\u00e3o\u00a0ocorreram pr\u00f3ximas \u00e0 cabe\u00e7a e na ponta da estaca, onde havia menor\u00a0restri\u00e7\u00e3o \u00e0s deforma\u00e7\u00f5es. J\u00e1 as maiores tens\u00f5es de compress\u00e3o ocorreram\u00a0pr\u00f3ximas ao centro do fuste. Portanto, apesar das propriedades t\u00e9rmicas serem\u00a0favor\u00e1veis \u00e0 utiliza\u00e7\u00e3o das estacas geot\u00e9rmicas, a temperatura do solo local\u00a0inviabiliza a utiliza\u00e7\u00e3o desse sistema para o arrefecimento de ambientes. J\u00e1\u00a0com rela\u00e7\u00e3o ao comportamento mec\u00e2nico, as magnitudes das deforma\u00e7\u00f5es e\u00a0tens\u00f5es foram baixas se comparadas com a resist\u00eancia da estaca.<\/p>\n<p style=\"text-align: right\"><a href=\"http:\/\/uenf.br\/posgraduacao\/engenharia-civil\/wp-content\/uploads\/sites\/3\/2017\/08\/Disserta\u00e7\u00e3o-de-Mestrado-Marina-de-Souza-Ferreira.pdf\">Download aqui<\/a><\/p>\n<p><\/p>","protected":false},"excerpt":{"rendered":"<p>Resumo A atual matriz energ\u00e9tica brasileira \u00e9 composta em maior parte por fontes n\u00e3o renov\u00e1veis e emissoras de gases do&#8230;<\/p>\n","protected":false},"author":7,"featured_media":0,"parent":0,"menu_order":0,"comment_status":"closed","ping_status":"closed","template":"","meta":{"footnotes":""},"class_list":["post-1890","page","type-page","status-publish","hentry"],"_links":{"self":[{"href":"https:\/\/uenf.br\/posgraduacao\/engenharia-civil\/wp-json\/wp\/v2\/pages\/1890","targetHints":{"allow":["GET"]}}],"collection":[{"href":"https:\/\/uenf.br\/posgraduacao\/engenharia-civil\/wp-json\/wp\/v2\/pages"}],"about":[{"href":"https:\/\/uenf.br\/posgraduacao\/engenharia-civil\/wp-json\/wp\/v2\/types\/page"}],"author":[{"embeddable":true,"href":"https:\/\/uenf.br\/posgraduacao\/engenharia-civil\/wp-json\/wp\/v2\/users\/7"}],"replies":[{"embeddable":true,"href":"https:\/\/uenf.br\/posgraduacao\/engenharia-civil\/wp-json\/wp\/v2\/comments?post=1890"}],"version-history":[{"count":0,"href":"https:\/\/uenf.br\/posgraduacao\/engenharia-civil\/wp-json\/wp\/v2\/pages\/1890\/revisions"}],"wp:attachment":[{"href":"https:\/\/uenf.br\/posgraduacao\/engenharia-civil\/wp-json\/wp\/v2\/media?parent=1890"}],"curies":[{"name":"wp","href":"https:\/\/api.w.org\/{rel}","templated":true}]}}