{"id":190,"date":"2015-09-04T13:48:20","date_gmt":"2015-09-04T13:48:20","guid":{"rendered":"http:\/\/uenf.br\/posgraduacao\/engenharia-civil\/?page_id=190"},"modified":"2025-02-13T16:04:11","modified_gmt":"2025-02-13T16:04:11","slug":"prof-sergio-luis-gonzalez-garcia-2","status":"publish","type":"page","link":"https:\/\/uenf.br\/posgraduacao\/engenharia-civil\/corpo-docente-2\/prof-sergio-luis-gonzalez-garcia-2\/","title":{"rendered":"Prof. Sergio Luis Gonz\u00e1lez Garcia"},"content":{"rendered":"<p><div id=\"attachment_189\" style=\"width: 240px\" class=\"wp-caption alignleft\"><a href=\"http:\/\/uenf.br\/posgraduacao\/engenharia-civil\/wp-content\/uploads\/sites\/3\/2015\/09\/Prof.-Sergio-Luis-Gonzalez-Garcia.png\"><img loading=\"lazy\" decoding=\"async\" aria-describedby=\"caption-attachment-189\" class=\"size-full wp-image-189\" src=\"http:\/\/uenf.br\/posgraduacao\/engenharia-civil\/wp-content\/uploads\/sites\/3\/2015\/09\/Prof.-Sergio-Luis-Gonzalez-Garcia.png\" alt=\"Prof. Sergio Luis Gonz\u00e1lez Garcia\" width=\"230\" height=\"258\" \/><\/a><p id=\"caption-attachment-189\" class=\"wp-caption-text\">Prof. Sergio Luis Gonz\u00e1lez Garcia<\/p><\/div><\/p>\n<p dir=\"ltr\" align=\"left\"><span style=\"color: #ffffff\">.<\/span><\/p>\n<p dir=\"ltr\" align=\"left\"><strong><a href=\"http:\/\/uenf.br\/posgraduacao\/engenharia-civil\/wp-content\/uploads\/sites\/3\/2020\/03\/ORCID-sergio-Luis-gonz\u00e1lez.png\"><img loading=\"lazy\" decoding=\"async\" class=\"alignnone wp-image-2778\" src=\"http:\/\/uenf.br\/posgraduacao\/engenharia-civil\/wp-content\/uploads\/sites\/3\/2020\/03\/ORCID-sergio-Luis-gonz\u00e1lez-300x300.png\" alt=\"\" width=\"149\" height=\"149\" srcset=\"https:\/\/uenf.br\/posgraduacao\/engenharia-civil\/wp-content\/uploads\/sites\/3\/2020\/03\/ORCID-sergio-Luis-gonz\u00e1lez-300x300.png 300w, https:\/\/uenf.br\/posgraduacao\/engenharia-civil\/wp-content\/uploads\/sites\/3\/2020\/03\/ORCID-sergio-Luis-gonz\u00e1lez-150x150.png 150w, https:\/\/uenf.br\/posgraduacao\/engenharia-civil\/wp-content\/uploads\/sites\/3\/2020\/03\/ORCID-sergio-Luis-gonz\u00e1lez-400x400.png 400w, https:\/\/uenf.br\/posgraduacao\/engenharia-civil\/wp-content\/uploads\/sites\/3\/2020\/03\/ORCID-sergio-Luis-gonz\u00e1lez-144x144.png 144w, https:\/\/uenf.br\/posgraduacao\/engenharia-civil\/wp-content\/uploads\/sites\/3\/2020\/03\/ORCID-sergio-Luis-gonz\u00e1lez.png 500w\" sizes=\"auto, (max-width: 149px) 100vw, 149px\" \/><\/a>E-mail:<\/strong> <a href=\"mailto:liluiser@uenf.br\">liluiser@uenf.br<\/a><\/p>\n<p dir=\"ltr\" align=\"left\"><strong>Ramal:<\/strong> 273<strong>97366<\/strong><\/p>\n<p dir=\"ltr\" align=\"left\"><strong>Fator H = 7 <\/strong>Scopus (111 cita\u00e7\u00f5es, 10\/02\/2025)<\/p>\n<p dir=\"ltr\" align=\"left\"><strong>Setor:<\/strong> Estruturas<br \/>\n<strong>\u00c1reas de Atua\u00e7\u00e3o:<\/strong><\/p>\n<p dir=\"ltr\" align=\"left\">&#8211; Concreto armado e protendido;<br \/>\n&#8211; Dimensionamento de estruturas;<br \/>\n&#8211; Ensaios n\u00e3o destrutivos;<br \/>\n&#8211; Avalia\u00e7\u00e3o da capacidade residual de estruturas de concreto armado e<br \/>\nprotendido.<\/p>\n<p dir=\"ltr\" align=\"left\"><strong>Cinco publica\u00e7\u00f5es mais relevantes:<\/strong><\/p>\n<p dir=\"ltr\" align=\"left\">1-TRINDADE, J. C.; <strong>GARCIA, S. L. G.<\/strong>; RESENDE, T. L. Analysis of the shear behavior of reinforced recycled aggregate concrete beams based on shear transfer mechanisms. ENGINEERING STRUCTURES, v. 293, p. 116616, 2023. <a href=\"https:\/\/doi.org\/10.1016\/j.engstruct.2023.116616\">https:\/\/doi.org\/10.1016\/j.engstruct.2023.116616<\/a>.<\/p>\n<p dir=\"ltr\" align=\"left\">2- SOUSA, J. B.; <strong>GARCIA, S. L. G.<\/strong>; PIEROTT, R.R.M. Shear Behavior of Recycled Coarse Aggregates Concrete Dry Joints Keys Using Digital Image Correlation Technique. Infrastructures, v. 8, p. 1-26, 2023.<a href=\"https:\/\/doi.org\/10.3390\/infrastructures8030060\"> https:\/\/doi.org\/10.3390\/infrastructures8030060<\/a>.<\/p>\n<p dir=\"ltr\" align=\"left\">3- FIGUEIREDO, P.; <strong>GARCIA, S. L.<\/strong>; COSSETTI, R.; LEITE, A. Bond performance between normal-strength concrete and sand-lightweight concrete. ACI STRUCTURAL JOURNAL, v. 119, p. 198-213, 2022. <a href=\"https:\/\/doi.org\/10.14359\/51733007\">https:\/\/doi.org\/10.14359\/51733007<\/a>.<\/p>\n<p dir=\"ltr\" align=\"left\">4- <strong>GARCIA, S.<\/strong>; PEREIRA, A. ; PIEROTT, R. Shear Strength of Sand-Lightweight Concrete Deep Beams with Steel Fibers. ACI STRUCTURAL JOURNAL, v. 18, p. 203-214, 2021. https:\/\/doi.org\/ 10.14359\/51729347.<\/p>\n<p dir=\"ltr\" align=\"left\">5- TRINDADE, J. C. ; <strong>GARCIA, S. L. G.<\/strong> ; FONSECA, G. R. Experimental Study of Direct Shear in Concrete with Recycled Aggregate. ACI STRUCTURAL JOURNAL, v. 117, p. 233-243, 2020.<a href=\"https:\/\/doi.org\/10.14359\/51724683\"> https:\/\/doi.org\/10.14359\/51724683<\/a>.<\/p>\n<p dir=\"ltr\" align=\"left\"><span style=\"color: #ffffff\">.<\/span><\/p>\n<p dir=\"ltr\" align=\"left\"><strong><a href=\"http:\/\/buscatextual.cnpq.br\/buscatextual\/visualizacv.do?id=K4763782D4\" target=\"_blank\" rel=\"noopener noreferrer\">Curr\u00edculo Lattes<\/a><\/strong><\/p>\n<p><\/p>","protected":false},"excerpt":{"rendered":"<p>. E-mail: liluiser@uenf.br Ramal: 27397366 Fator H = 7 Scopus (111 cita\u00e7\u00f5es, 10\/02\/2025) Setor: Estruturas \u00c1reas de Atua\u00e7\u00e3o: &#8211; Concreto&#8230;<\/p>\n","protected":false},"author":8,"featured_media":0,"parent":103,"menu_order":1,"comment_status":"closed","ping_status":"closed","template":"","meta":{"footnotes":""},"class_list":["post-190","page","type-page","status-publish","hentry"],"_links":{"self":[{"href":"https:\/\/uenf.br\/posgraduacao\/engenharia-civil\/wp-json\/wp\/v2\/pages\/190","targetHints":{"allow":["GET"]}}],"collection":[{"href":"https:\/\/uenf.br\/posgraduacao\/engenharia-civil\/wp-json\/wp\/v2\/pages"}],"about":[{"href":"https:\/\/uenf.br\/posgraduacao\/engenharia-civil\/wp-json\/wp\/v2\/types\/page"}],"author":[{"embeddable":true,"href":"https:\/\/uenf.br\/posgraduacao\/engenharia-civil\/wp-json\/wp\/v2\/users\/8"}],"replies":[{"embeddable":true,"href":"https:\/\/uenf.br\/posgraduacao\/engenharia-civil\/wp-json\/wp\/v2\/comments?post=190"}],"version-history":[{"count":0,"href":"https:\/\/uenf.br\/posgraduacao\/engenharia-civil\/wp-json\/wp\/v2\/pages\/190\/revisions"}],"up":[{"embeddable":true,"href":"https:\/\/uenf.br\/posgraduacao\/engenharia-civil\/wp-json\/wp\/v2\/pages\/103"}],"wp:attachment":[{"href":"https:\/\/uenf.br\/posgraduacao\/engenharia-civil\/wp-json\/wp\/v2\/media?parent=190"}],"curies":[{"name":"wp","href":"https:\/\/api.w.org\/{rel}","templated":true}]}}