{"id":1921,"date":"2017-08-17T17:55:28","date_gmt":"2017-08-17T17:55:28","guid":{"rendered":"http:\/\/uenf.br\/posgraduacao\/engenharia-civil\/?page_id=1921"},"modified":"2017-08-17T18:08:31","modified_gmt":"2017-08-17T18:08:31","slug":"dissertacoes-de-mestrado-2017-thamara-martins-fonte-boa","status":"publish","type":"page","link":"https:\/\/uenf.br\/posgraduacao\/engenharia-civil\/dissertacoes-de-mestrado-2017-thamara-martins-fonte-boa\/","title":{"rendered":"Disserta\u00e7\u00f5es de Mestrado 2017 &#8211; THAMARA MARTINS FONTE BOA"},"content":{"rendered":"<p><\/p>\n<p style=\"text-align: justify\">Resumo<\/p>\n<p style=\"text-align: justify\">A utiliza\u00e7\u00e3o de colunas granulares como t\u00e9cnica de melhoramento de solos moles, que apresentam como caracter\u00edstica mais importante a baixa capacidade de suporte de carga, tem se tornado cada vez mais a alternativa adotada para viabilizar obras nesse tipo de solo. Essa t\u00e9cnica permite que as colunas trabalhem como estacas, no que diz respeito \u00e0 transfer\u00eancia de cargas, e como drenos verticais, resultando, entre outras vantagens, em um aumento na capacidade de suporte e na acelera\u00e7\u00e3o dos recalques. Esta pesquisa \u00e9 composta de um programa experimental que tem como objetivo a modelagem f\u00edsica em centr\u00edfuga geot\u00e9cnica de aterros sobre solos moles que tiveram suas caracter\u00edsticas melhoradas pela instala\u00e7\u00e3o de uma malha de colunas de areia, permitindo que as vari\u00e1veis que expressam o comportamento da estrutura e o fen\u00f4meno de transfer\u00eancia de cargas atrav\u00e9s do efeito de arqueamento do solo fossem analisadas. Para que fosse poss\u00edvel avaliar a efic\u00e1cia do m\u00e9todo de melhoramento empregado, foram ensaiados simultaneamente dois modelos: um com o aterro constru\u00eddo sobre colunas granulares, e outro com o aterro somente sobre o solo mole. J\u00e1 para permitir a avalia\u00e7\u00e3o da transfer\u00eancia de cargas em fun\u00e7\u00e3o da altura do aterro, foram realizados tr\u00eas ensaios em que esse par\u00e2metro foi variado. Os modelos foram instrumentados com transdutores de poropress\u00e3o, LVDTs e c\u00e9lulas de tens\u00e3o total, que forneceram os dados necess\u00e1rios para an\u00e1lise do comportamento dos mesmos, e foram ensaiados a 26,3g na centr\u00edfuga geot\u00e9cnica da UENF. Os resultados comprovam a efic\u00e1cia da utiliza\u00e7\u00e3o de colunas granulares como sistema de melhoramento de solos moles, e verificam como ocorre a transfer\u00eancia de carga para as colunas e para o solo mole em fun\u00e7\u00e3o da altura do aterro.<\/p>\n<p style=\"text-align: right\"><a href=\"http:\/\/uenf.br\/posgraduacao\/engenharia-civil\/wp-content\/uploads\/sites\/3\/2017\/08\/Disserta\u00e7\u00e3o_Thamara_UENF_2017.pdf\">Download aqui<\/a><\/p>\n<p style=\"text-align: right\">\n<p><\/p>","protected":false},"excerpt":{"rendered":"<p>Resumo A utiliza\u00e7\u00e3o de colunas granulares como t\u00e9cnica de melhoramento de solos moles, que apresentam como caracter\u00edstica mais importante a&#8230;<\/p>\n","protected":false},"author":7,"featured_media":0,"parent":0,"menu_order":0,"comment_status":"closed","ping_status":"closed","template":"","meta":{"footnotes":""},"class_list":["post-1921","page","type-page","status-publish","hentry"],"_links":{"self":[{"href":"https:\/\/uenf.br\/posgraduacao\/engenharia-civil\/wp-json\/wp\/v2\/pages\/1921","targetHints":{"allow":["GET"]}}],"collection":[{"href":"https:\/\/uenf.br\/posgraduacao\/engenharia-civil\/wp-json\/wp\/v2\/pages"}],"about":[{"href":"https:\/\/uenf.br\/posgraduacao\/engenharia-civil\/wp-json\/wp\/v2\/types\/page"}],"author":[{"embeddable":true,"href":"https:\/\/uenf.br\/posgraduacao\/engenharia-civil\/wp-json\/wp\/v2\/users\/7"}],"replies":[{"embeddable":true,"href":"https:\/\/uenf.br\/posgraduacao\/engenharia-civil\/wp-json\/wp\/v2\/comments?post=1921"}],"version-history":[{"count":0,"href":"https:\/\/uenf.br\/posgraduacao\/engenharia-civil\/wp-json\/wp\/v2\/pages\/1921\/revisions"}],"wp:attachment":[{"href":"https:\/\/uenf.br\/posgraduacao\/engenharia-civil\/wp-json\/wp\/v2\/media?parent=1921"}],"curies":[{"name":"wp","href":"https:\/\/api.w.org\/{rel}","templated":true}]}}