{"id":1991,"date":"2017-11-28T11:23:10","date_gmt":"2017-11-28T11:23:10","guid":{"rendered":"http:\/\/uenf.br\/posgraduacao\/engenharia-civil\/?page_id=1991"},"modified":"2017-11-28T11:36:52","modified_gmt":"2017-11-28T11:36:52","slug":"dissertacoes-de-mestrado-2017-wellington-fernandes-junior","status":"publish","type":"page","link":"https:\/\/uenf.br\/posgraduacao\/engenharia-civil\/dissertacoes-de-mestrado-2017-wellington-fernandes-junior\/","title":{"rendered":"Disserta\u00e7\u00f5es de Mestrado 2017 &#8211; WELLINGTON FERNANDES JUNIOR"},"content":{"rendered":"<p><\/p>\n<p style=\"text-align: justify\">Resumo<\/p>\n<p style=\"text-align: justify\">\nO uso de blocos de solo-cimento \u00e9 considerado um m\u00e9todo construtivo mais barato do que o convencional, visto que uma das mat\u00e9rias-primas, o solo, \u00e9 abundante. Soma-se a isto, o fato de n\u00e3o haver uma destina\u00e7\u00e3o correta para o res\u00edduo proveniente da fabrica\u00e7\u00e3o de papel. Visando redu\u00e7\u00e3o de custo de produ\u00e7\u00e3o de tijolos de solo-cimento e uma alternativa sustent\u00e1vel para aproveitamento do res\u00edduo, a proposta do presente trabalho \u00e9 avaliar a incorpora\u00e7\u00e3o do res\u00edduo da fabrica\u00e7\u00e3o de papel na mistura solo-cimento para confec\u00e7\u00e3o de tijolos modulares prensados com dimens\u00f5es de 30cmx15cmx7cm. Foram testadas diferentes propor\u00e7\u00f5es de solo e res\u00edduo, mantendo sempre a mesma massa de cimento. Foram realizados ensaios de durabilidade aos 7 dias de cura e absor\u00e7\u00e3o de \u00e1gua e resist\u00eancia \u00e0 compress\u00e3o aos 7, 14 e 28 dias de cura. Os resultados foram analisados a fim de verificar a viabilidade da incorpora\u00e7\u00e3o do res\u00edduo nos tijolos em maior quantidade poss\u00edvel, obedecendo \u00e0s exig\u00eancias impostas pelas normas regulamentadoras de blocos de solo-cimento. Foi conclu\u00eddo que a incorpora\u00e7\u00e3o do res\u00edduo, em quantidades adequadas, \u00e9 vi\u00e1vel na produ\u00e7\u00e3o de tijolos de solo-cimento, reduzindo o custo da produ\u00e7\u00e3o, al\u00e9m de diminuir os impactos ambientais com o destino correto do res\u00edduo.<\/p>\n<p>&nbsp;<\/p>\n<p style=\"text-align: right\"><a href=\"http:\/\/uenf.br\/posgraduacao\/engenharia-civil\/wp-content\/uploads\/sites\/3\/2017\/11\/Disserta\u00e7\u00e3o-Wellington.pdf\">Download aqui<\/a><\/p>\n<p><\/p>","protected":false},"excerpt":{"rendered":"<p>Resumo O uso de blocos de solo-cimento \u00e9 considerado um m\u00e9todo construtivo mais barato do que o convencional, visto que&#8230;<\/p>\n","protected":false},"author":7,"featured_media":0,"parent":0,"menu_order":0,"comment_status":"closed","ping_status":"closed","template":"","meta":{"footnotes":""},"class_list":["post-1991","page","type-page","status-publish","hentry"],"_links":{"self":[{"href":"https:\/\/uenf.br\/posgraduacao\/engenharia-civil\/wp-json\/wp\/v2\/pages\/1991","targetHints":{"allow":["GET"]}}],"collection":[{"href":"https:\/\/uenf.br\/posgraduacao\/engenharia-civil\/wp-json\/wp\/v2\/pages"}],"about":[{"href":"https:\/\/uenf.br\/posgraduacao\/engenharia-civil\/wp-json\/wp\/v2\/types\/page"}],"author":[{"embeddable":true,"href":"https:\/\/uenf.br\/posgraduacao\/engenharia-civil\/wp-json\/wp\/v2\/users\/7"}],"replies":[{"embeddable":true,"href":"https:\/\/uenf.br\/posgraduacao\/engenharia-civil\/wp-json\/wp\/v2\/comments?post=1991"}],"version-history":[{"count":0,"href":"https:\/\/uenf.br\/posgraduacao\/engenharia-civil\/wp-json\/wp\/v2\/pages\/1991\/revisions"}],"wp:attachment":[{"href":"https:\/\/uenf.br\/posgraduacao\/engenharia-civil\/wp-json\/wp\/v2\/media?parent=1991"}],"curies":[{"name":"wp","href":"https:\/\/api.w.org\/{rel}","templated":true}]}}