{"id":2,"date":"2015-05-19T13:15:21","date_gmt":"2015-05-19T13:15:21","guid":{"rendered":"http:\/\/uenf.br\/posgraduacao\/engenharia-civil\/?page_id=2"},"modified":"2026-02-08T19:00:49","modified_gmt":"2026-02-08T19:00:49","slug":"apresentacao","status":"publish","type":"page","link":"https:\/\/uenf.br\/posgraduacao\/engenharia-civil\/","title":{"rendered":"Apresenta\u00e7\u00e3o"},"content":{"rendered":"<p><\/p>\n<div><a href=\"https:\/\/uenf.br\/posgraduacao\/engenharia-civil\/processos-seletivos\/mestrado\/\"><img loading=\"lazy\" decoding=\"async\" class=\"alignnone  wp-image-3836\" src=\"http:\/\/uenf.br\/posgraduacao\/engenharia-civil\/wp-content\/uploads\/sites\/3\/2026\/02\/Untitled-1-300x158.png\" alt=\"\" width=\"393\" height=\"207\" srcset=\"https:\/\/uenf.br\/posgraduacao\/engenharia-civil\/wp-content\/uploads\/sites\/3\/2026\/02\/Untitled-1-300x158.png 300w, https:\/\/uenf.br\/posgraduacao\/engenharia-civil\/wp-content\/uploads\/sites\/3\/2026\/02\/Untitled-1-1024x539.png 1024w, https:\/\/uenf.br\/posgraduacao\/engenharia-civil\/wp-content\/uploads\/sites\/3\/2026\/02\/Untitled-1-768x405.png 768w, https:\/\/uenf.br\/posgraduacao\/engenharia-civil\/wp-content\/uploads\/sites\/3\/2026\/02\/Untitled-1.png 1251w\" sizes=\"auto, (max-width: 393px) 100vw, 393px\" \/><\/a><\/div>\n<p><a href=\"https:\/\/uenf.br\/posgraduacao\/engenharia-civil\/wp-content\/uploads\/sites\/3\/2023\/04\/Capes4.png\"><img loading=\"lazy\" decoding=\"async\" class=\"size-medium wp-image-3333 alignright\" src=\"https:\/\/uenf.br\/posgraduacao\/engenharia-civil\/wp-content\/uploads\/sites\/3\/2023\/04\/Capes4-300x215.png\" alt=\"\" width=\"300\" height=\"215\" srcset=\"https:\/\/uenf.br\/posgraduacao\/engenharia-civil\/wp-content\/uploads\/sites\/3\/2023\/04\/Capes4-300x215.png 300w, https:\/\/uenf.br\/posgraduacao\/engenharia-civil\/wp-content\/uploads\/sites\/3\/2023\/04\/Capes4.png 720w\" sizes=\"auto, (max-width: 300px) 100vw, 300px\" \/><\/a><\/p>\n<p>&nbsp;<\/p>\n<p>&nbsp;<\/p>\n<div id=\"materiaPrincipal\" style=\"text-align: justify\">\n<p>&nbsp;<\/p>\n<p>&nbsp;<\/p>\n<p>&nbsp;<\/p>\n<p>O <strong>Programa de P\u00f3s-gradua\u00e7\u00e3o em Engenharia Civil (PPGEC)<\/strong> tem duas \u00e1reas de concentra\u00e7\u00e3o, a saber, <em>Estruturas<\/em> e <em>Geotecnia<\/em>, nas quais est\u00e3o inseridas quatro linhas de pesquisa que englobam oito projetos de pesquisa. O <strong>PPGEC<\/strong>\u00a0tem como principal objetivo a forma\u00e7\u00e3o de <strong>mestres<\/strong> e <strong>doutores<\/strong> altamente qualificados a:<\/p>\n<ul>\n<li>Apoiar a forma\u00e7\u00e3o de recursos humanos capacitados nas \u00e1reas de conhecimento das engenharias estrutural e geot\u00e9cnica, com uma vis\u00e3o geral de constru\u00e7\u00e3o civil e de materiais de constru\u00e7\u00e3o, tendo em vista a necessidade premente do pa\u00eds de engenheiros, docentes e pesquisadores com qualifica\u00e7\u00e3o destacada;<\/li>\n<li>Gerar solu\u00e7\u00f5es e tecnologias adequadas \u00e0 realidade f\u00edsico-social do Brasil e, em especial, \u00e0 realidade das regi\u00f5es Norte e Noroeste do Rio de Janeiro, Sul do Esp\u00edrito Santo e Zona da Mata de Minas Gerais;<\/li>\n<li>Apoiar o conhecimento sobre o comportamento de materiais convencionais e, em especial, os de ocorr\u00eancia regional, visando \u00e0 execu\u00e7\u00e3o de obras e ao aproveitamento destes materiais de forma racional e econ\u00f4mica;<\/li>\n<li>Desenvolver modelos te\u00f3ricos, num\u00e9ricos e experimentais para an\u00e1lise de problemas relacionados \u00e0s estruturas de concreto, de a\u00e7o e de materiais n\u00e3o convencionais, enfatizando aqueles ligados \u00e0s estruturas de grande porte, tais como estruturas mar\u00edtimas e torres met\u00e1licas;<\/li>\n<li>Desenvolver modelos e t\u00e9cnicas de projeto \u00f3timo no que se refere \u00e0s dimens\u00f5es, formas e topologias de estruturas de a\u00e7o e concreto armado com vistas \u00e0 obten\u00e7\u00e3o de estruturas mecanicamente eficientes e de custo m\u00ednimo;<\/li>\n<li>Desenvolver estudos espec\u00edficos para as \u00e1reas de geotecnia e de estruturas, em especial os relacionados com instala\u00e7\u00f5es mar\u00edtimas de l\u00e2mina d&#8217;\u00e1gua profunda (ancoragens e dutos), atrav\u00e9s de m\u00e9todos num\u00e9ricos;<\/li>\n<li>Desenvolver estudos avan\u00e7ados na \u00e1rea de modelagem f\u00edsica, em especial \u00e0queles voltados para \u00e1reas offshore envolvendo modelos em escala real e em escala reduzida com uso de centr\u00edfuga geot\u00e9cnica;<\/li>\n<li>Desenvolver t\u00e9cnicas para uso racional de energia atrav\u00e9s da intera\u00e7\u00e3o entre elementos de funda\u00e7\u00e3o profunda e a geotermia local, visando auxiliar o Pa\u00eds no cumprimento da meta do acordo de Montreal que prev\u00ea uma dr\u00e1stica diminui\u00e7\u00e3o do uso de HFC (hidrofl\u00faor carbonetos) usados para sistemas de climatiza\u00e7\u00e3o de ambientes, do qual o Brasil \u00e9 signat\u00e1rio.<\/li>\n<\/ul>\n<\/div>\n<h1 style=\"text-align: justify\"><span style=\"color: #ffffff\">\u00a0.\u00a0 \u00a0 \u00a0 \u00a0 \u00a0 \u00a0 \u00a0 \u00a0 \u00a0<\/span><\/h1>\n<div style=\"text-align: justify\" align=\"justify\"><strong>Programa:<\/strong> P\u00f3s-Gradua\u00e7\u00e3o em Engenharia Civil (<strong>Mestrado<\/strong> e <strong>Doutorado<\/strong>)<br \/>\n<strong>C\u00f3digo:<\/strong> 3103301612P4<br \/>\n<strong>\u00c1rea B\u00e1sica:<\/strong> Engenharia Civil<br \/>\n<strong>Regime Letivo:<\/strong> Semestral<\/div>\n<div align=\"justify\"><\/div>\n<p><\/p>","protected":false},"excerpt":{"rendered":"<p>&nbsp; &nbsp; &nbsp; &nbsp; &nbsp; O Programa de P\u00f3s-gradua\u00e7\u00e3o em Engenharia Civil (PPGEC) tem duas \u00e1reas de concentra\u00e7\u00e3o, a saber,&#8230;<\/p>\n","protected":false},"author":8,"featured_media":0,"parent":0,"menu_order":0,"comment_status":"closed","ping_status":"closed","template":"","meta":{"footnotes":""},"class_list":["post-2","page","type-page","status-publish","hentry"],"_links":{"self":[{"href":"https:\/\/uenf.br\/posgraduacao\/engenharia-civil\/wp-json\/wp\/v2\/pages\/2","targetHints":{"allow":["GET"]}}],"collection":[{"href":"https:\/\/uenf.br\/posgraduacao\/engenharia-civil\/wp-json\/wp\/v2\/pages"}],"about":[{"href":"https:\/\/uenf.br\/posgraduacao\/engenharia-civil\/wp-json\/wp\/v2\/types\/page"}],"author":[{"embeddable":true,"href":"https:\/\/uenf.br\/posgraduacao\/engenharia-civil\/wp-json\/wp\/v2\/users\/8"}],"replies":[{"embeddable":true,"href":"https:\/\/uenf.br\/posgraduacao\/engenharia-civil\/wp-json\/wp\/v2\/comments?post=2"}],"version-history":[{"count":0,"href":"https:\/\/uenf.br\/posgraduacao\/engenharia-civil\/wp-json\/wp\/v2\/pages\/2\/revisions"}],"wp:attachment":[{"href":"https:\/\/uenf.br\/posgraduacao\/engenharia-civil\/wp-json\/wp\/v2\/media?parent=2"}],"curies":[{"name":"wp","href":"https:\/\/api.w.org\/{rel}","templated":true}]}}