{"id":2005,"date":"2017-12-04T19:11:27","date_gmt":"2017-12-04T19:11:27","guid":{"rendered":"http:\/\/uenf.br\/posgraduacao\/engenharia-civil\/?page_id=2005"},"modified":"2017-12-04T20:21:01","modified_gmt":"2017-12-04T20:21:01","slug":"tese-de-doutorado-2017-niander-aguiar-cerqueira","status":"publish","type":"page","link":"https:\/\/uenf.br\/posgraduacao\/engenharia-civil\/tese-de-doutorado-2017-niander-aguiar-cerqueira\/","title":{"rendered":"Tese de Doutorado 2017 &#8211; NIANDER AGUIAR CERQUEIRA"},"content":{"rendered":"<p><\/p>\n<p style=\"text-align: justify\">Resumo<br \/>\nA crescente demanda por uma maior racionaliza\u00e7\u00e3o na constru\u00e7\u00e3o civil fomentou o surgimento de novos produtos como os Blocos Prensados e Queimados (BPQ), que possibilitam maior rapidez nas obras, com redu\u00e7\u00e3o de desperd\u00edcios e de retrabalhos. Na presente pesquisa determinou-se par\u00e2metros de deformabilidade do novo produto, que ainda n\u00e3o se tinha conhecimento. Foram objetos de estudo tamb\u00e9m as caracter\u00edsticas f\u00edsicas e mec\u00e2nicas dos BPQ, verificando ainda os modos de ruptura. Para tanto, foram realizados ensaios em laborat\u00f3rio e posterior simula\u00e7\u00e3o num\u00e9rica em elementos e em prismas e pequenas paredes de BPQ. A resist\u00eancia caracter\u00edstica dos blocos \u00e0 compress\u00e3o foi calculada em 3,62 MPa, valor este acima do m\u00ednimo requerido para alvenaria estrutural pela norma ABNT NBR 15270 (2005). O \u00edndice de absor\u00e7\u00e3o de \u00e1gua obtido foi de 20,8%, que atende aos par\u00e2metros de qualidade, segundo a ABNT. Determinou-se os m\u00f3dulos de deforma\u00e7\u00e3o longitudinal, transversal e o coeficiente de Poisson para o elemento de BPQ cujos valores foram 2,801 GPa, 1,185 GPa e 0,182, respectivamente. Os prismas e pequenas paredes apresentaram efici\u00eancia na faixa de 0,4 e 0,6. Verificou-se que na rela\u00e7\u00e3o m\u00f3dulo de deforma\u00e7\u00e3o e resist\u00eancia caracter\u00edstica dos prismas e das pequenas paredes, o valor padr\u00e3o definido pela ABNT NBR 15812-1 (2010) foi superado, podendo o mesmo ser utilizado para fins estruturais, sem preju\u00edzo de seguran\u00e7a. O modo de ruptura dos BPQ foi fr\u00e1gil, com tend\u00eancia a falha no bloco. Os resultados obtidos ratificam a qualidade do BPQ, indicando sua aplicabilidade para execu\u00e7\u00e3o de obras de pequeno porte.<\/p>\n<p style=\"text-align: right\"><a href=\"http:\/\/uenf.br\/posgraduacao\/engenharia-civil\/wp-content\/uploads\/sites\/3\/2017\/12\/Tese_Corrigida.pdf\">Download aqui<\/a><\/p>\n<p><\/p>","protected":false},"excerpt":{"rendered":"<p>Resumo A crescente demanda por uma maior racionaliza\u00e7\u00e3o na constru\u00e7\u00e3o civil fomentou o surgimento de novos produtos como os Blocos&#8230;<\/p>\n","protected":false},"author":7,"featured_media":0,"parent":0,"menu_order":0,"comment_status":"closed","ping_status":"closed","template":"","meta":{"footnotes":""},"class_list":["post-2005","page","type-page","status-publish","hentry"],"_links":{"self":[{"href":"https:\/\/uenf.br\/posgraduacao\/engenharia-civil\/wp-json\/wp\/v2\/pages\/2005","targetHints":{"allow":["GET"]}}],"collection":[{"href":"https:\/\/uenf.br\/posgraduacao\/engenharia-civil\/wp-json\/wp\/v2\/pages"}],"about":[{"href":"https:\/\/uenf.br\/posgraduacao\/engenharia-civil\/wp-json\/wp\/v2\/types\/page"}],"author":[{"embeddable":true,"href":"https:\/\/uenf.br\/posgraduacao\/engenharia-civil\/wp-json\/wp\/v2\/users\/7"}],"replies":[{"embeddable":true,"href":"https:\/\/uenf.br\/posgraduacao\/engenharia-civil\/wp-json\/wp\/v2\/comments?post=2005"}],"version-history":[{"count":0,"href":"https:\/\/uenf.br\/posgraduacao\/engenharia-civil\/wp-json\/wp\/v2\/pages\/2005\/revisions"}],"wp:attachment":[{"href":"https:\/\/uenf.br\/posgraduacao\/engenharia-civil\/wp-json\/wp\/v2\/media?parent=2005"}],"curies":[{"name":"wp","href":"https:\/\/api.w.org\/{rel}","templated":true}]}}