{"id":2014,"date":"2017-12-04T19:38:24","date_gmt":"2017-12-04T19:38:24","guid":{"rendered":"http:\/\/uenf.br\/posgraduacao\/engenharia-civil\/?page_id=2014"},"modified":"2017-12-04T19:43:26","modified_gmt":"2017-12-04T19:43:26","slug":"dissertacoes-de-mestrado-2017-bruno-rangel-franca","status":"publish","type":"page","link":"https:\/\/uenf.br\/posgraduacao\/engenharia-civil\/dissertacoes-de-mestrado-2017-bruno-rangel-franca\/","title":{"rendered":"Disserta\u00e7\u00f5es de Mestrado 2017 &#8211; BRUNO RANGEL FRAN\u00c7A"},"content":{"rendered":"<p><\/p>\n<p style=\"text-align: justify\">Resumo<br \/>\nA demanda por novos materiais que apresentem viabilidade t\u00e9cnica e econ\u00f4mica em conson\u00e2ncia com as quest\u00f5es ambientais \u00e9 crescente e fundamental. Este trabalho objetiva a incorpora\u00e7\u00e3o do res\u00edduo calc\u00e1rio proveniente do beneficiamento do m\u00e1rmore, em substitui\u00e7\u00e3o parcial do solo numa mistura de solo-cimento, para a confec\u00e7\u00e3o de blocos de encaixe prensados, avaliados a partir dos resultados das propriedades f\u00edsicas, mec\u00e2nicas e de desempenho. As mat\u00e9rias-primas foram submetidas \u00e0s caracteriza\u00e7\u00f5es f\u00edsica, qu\u00edmica, mineral\u00f3gica. Foram fabricados corpos-de-prova em formatos de blocos de encaixe, conformados em prensa motorizada hidr\u00e1ulica, nos tra\u00e7os contendo 0%, 10%, 20%, 30%, 40% e 50% em massa de res\u00edduo calc\u00e1rio em substitui\u00e7\u00e3o parcial do agregado com teor de cimento fixado em 10%. Os corpos-de-prova foram avaliados inicialmente por meio do ensaio de massa espec\u00edfica e ap\u00f3s submetidos ao processo de cura em c\u00e2mara \u00famida. Foram realizados ensaios tecnol\u00f3gicos em v\u00e1rias idades para avalia\u00e7\u00e3o da absor\u00e7\u00e3o de \u00e1gua, resist\u00eancia a compress\u00e3o individual dos blocos e durabilidade por molhagem e secagem. Por meio do programa experimental estabelecido, foi poss\u00edvel concluir que a utiliza\u00e7\u00e3o da mistura solo-cimento e calc\u00e1rio, resultou em vantagens t\u00e9cnicas para a produ\u00e7\u00e3o de blocos de encaixe, obtendo um novo produto com caracter\u00edsticas aperfei\u00e7oadas e dentro das especifica\u00e7\u00f5es, enquadradas pelas normas vigentes, al\u00e9m de oferecer mais uma alternativa para o destino final do res\u00edduo calc\u00e1rio.<\/p>\n<p>&nbsp;<\/p>\n<p style=\"text-align: right\"><a href=\"http:\/\/uenf.br\/posgraduacao\/engenharia-civil\/wp-content\/uploads\/sites\/3\/2017\/12\/Disserta\u00e7\u00e3o-de-Mestrado-Bruno-Rangel-Fran\u00e7a-LECIV-Estruturas-2017.pdf\">Download aqui<\/a><\/p>\n<p>&nbsp;<\/p>","protected":false},"excerpt":{"rendered":"<p>Resumo A demanda por novos materiais que apresentem viabilidade t\u00e9cnica e econ\u00f4mica em conson\u00e2ncia com as quest\u00f5es ambientais \u00e9 crescente&#8230;<\/p>\n","protected":false},"author":7,"featured_media":0,"parent":0,"menu_order":0,"comment_status":"closed","ping_status":"closed","template":"","meta":{"footnotes":""},"class_list":["post-2014","page","type-page","status-publish","hentry"],"_links":{"self":[{"href":"https:\/\/uenf.br\/posgraduacao\/engenharia-civil\/wp-json\/wp\/v2\/pages\/2014","targetHints":{"allow":["GET"]}}],"collection":[{"href":"https:\/\/uenf.br\/posgraduacao\/engenharia-civil\/wp-json\/wp\/v2\/pages"}],"about":[{"href":"https:\/\/uenf.br\/posgraduacao\/engenharia-civil\/wp-json\/wp\/v2\/types\/page"}],"author":[{"embeddable":true,"href":"https:\/\/uenf.br\/posgraduacao\/engenharia-civil\/wp-json\/wp\/v2\/users\/7"}],"replies":[{"embeddable":true,"href":"https:\/\/uenf.br\/posgraduacao\/engenharia-civil\/wp-json\/wp\/v2\/comments?post=2014"}],"version-history":[{"count":0,"href":"https:\/\/uenf.br\/posgraduacao\/engenharia-civil\/wp-json\/wp\/v2\/pages\/2014\/revisions"}],"wp:attachment":[{"href":"https:\/\/uenf.br\/posgraduacao\/engenharia-civil\/wp-json\/wp\/v2\/media?parent=2014"}],"curies":[{"name":"wp","href":"https:\/\/api.w.org\/{rel}","templated":true}]}}