{"id":2047,"date":"2017-12-05T11:16:51","date_gmt":"2017-12-05T11:16:51","guid":{"rendered":"http:\/\/uenf.br\/posgraduacao\/engenharia-civil\/?page_id=2047"},"modified":"2018-02-16T18:30:34","modified_gmt":"2018-02-16T18:30:34","slug":"teses-de-doutorado-2017-2","status":"publish","type":"page","link":"https:\/\/uenf.br\/posgraduacao\/engenharia-civil\/teses-de-doutorado-2017-2\/","title":{"rendered":"Teses de Doutorado 2017"},"content":{"rendered":"<p><\/p>\n<form>\n<fieldset>\n<legend>AVALIA\u00c7\u00c3O DA ADER\u00caNCIA E RESIST\u00caNCIA \u00c0 FLEX\u00c3O DE VIGAS DE CONCRETO ARMADO REPARADAS COM ARGAMASSA GEOPOLIM\u00c9RICA<\/legend>\n<p style=\"text-align: left\"><strong>Autor: FERNANDO CESAR COELHO FRAN\u00c7A<\/strong><br \/>\n<strong>Orientador:<\/strong> Professor Dylmar Penteado Dias<br \/>\n<strong>Coorientador:<\/strong> Professor Sergio Luis Gonz\u00e1lez Garcia<br \/>\n<strong>\u00c1rea de Concentra\u00e7\u00e3o:<\/strong> Estruturas<br \/>\n<strong>Situa\u00e7\u00e3o:<\/strong> Conclu\u00edda \u2013 Dezembro \u2013 2017<br \/>\n<a href=\"http:\/\/uenf.br\/posgraduacao\/engenharia-civil\/tese-de-doutorado-2017-fernando-cesar-coelho-franca\/\">Veja mais<\/a><\/p>\n<\/fieldset>\n<p>&nbsp;<\/p>\n<\/form>\n<form>\n<fieldset>\n<legend>PAR\u00c2METROS F\u00cdSICOS E MEC\u00c2NICOS DE BLOCOS PRENSADOS E QUEIMADOS DE CER\u00c2MICA VERMELHA PARA USO COMO ALVENARIA ESTRUTURAL<\/legend>\n<p style=\"text-align: left\"><strong>Autor: NIANDER AGUIAR CERQUEIRA<\/strong><br \/>\n<strong>Orientador:<\/strong> Prof. Jonas alexandre<br \/>\n<strong>\u00c1rea de Concentra\u00e7\u00e3o:<\/strong> Estruturas<br \/>\n<strong>Situa\u00e7\u00e3o:<\/strong> Conclu\u00edda \u2013 Junho \u2013 2017<br \/>\n<a href=\"http:\/\/uenf.br\/posgraduacao\/engenharia-civil\/tese-de-doutorado-2017-niander-aguiar-cerqueira\/\">Veja mais<\/a><\/p>\n<\/fieldset>\n<p>&nbsp;<\/p>\n<\/form>\n<p><\/p>","protected":false},"excerpt":{"rendered":"<p>AVALIA\u00c7\u00c3O DA ADER\u00caNCIA E RESIST\u00caNCIA \u00c0 FLEX\u00c3O DE VIGAS DE CONCRETO ARMADO REPARADAS COM ARGAMASSA GEOPOLIM\u00c9RICA Autor: FERNANDO CESAR COELHO&#8230;<\/p>\n","protected":false},"author":7,"featured_media":0,"parent":0,"menu_order":0,"comment_status":"closed","ping_status":"closed","template":"","meta":{"footnotes":""},"class_list":["post-2047","page","type-page","status-publish","hentry"],"_links":{"self":[{"href":"https:\/\/uenf.br\/posgraduacao\/engenharia-civil\/wp-json\/wp\/v2\/pages\/2047","targetHints":{"allow":["GET"]}}],"collection":[{"href":"https:\/\/uenf.br\/posgraduacao\/engenharia-civil\/wp-json\/wp\/v2\/pages"}],"about":[{"href":"https:\/\/uenf.br\/posgraduacao\/engenharia-civil\/wp-json\/wp\/v2\/types\/page"}],"author":[{"embeddable":true,"href":"https:\/\/uenf.br\/posgraduacao\/engenharia-civil\/wp-json\/wp\/v2\/users\/7"}],"replies":[{"embeddable":true,"href":"https:\/\/uenf.br\/posgraduacao\/engenharia-civil\/wp-json\/wp\/v2\/comments?post=2047"}],"version-history":[{"count":0,"href":"https:\/\/uenf.br\/posgraduacao\/engenharia-civil\/wp-json\/wp\/v2\/pages\/2047\/revisions"}],"wp:attachment":[{"href":"https:\/\/uenf.br\/posgraduacao\/engenharia-civil\/wp-json\/wp\/v2\/media?parent=2047"}],"curies":[{"name":"wp","href":"https:\/\/api.w.org\/{rel}","templated":true}]}}