{"id":206,"date":"2015-09-04T13:58:33","date_gmt":"2015-09-04T13:58:33","guid":{"rendered":"http:\/\/uenf.br\/posgraduacao\/engenharia-civil\/?page_id=206"},"modified":"2025-02-12T13:06:57","modified_gmt":"2025-02-12T13:06:57","slug":"area-de-estruturas","status":"publish","type":"page","link":"https:\/\/uenf.br\/posgraduacao\/engenharia-civil\/areas-de-concentracao-e-linhas-de-pesquisa\/area-de-estruturas\/","title":{"rendered":"\u00c1rea de Estruturas"},"content":{"rendered":"<p>&nbsp;<\/p>\n<p>A \u00e1rea de Estruturas abrange estudos sobre produ\u00e7\u00e3o e caracteriza\u00e7\u00e3o f\u00edsica e qu\u00edmica de materiais de constru\u00e7\u00e3o, al\u00e9m do comportamento de estruturas de concreto armado, concreto protendido, materiais met\u00e1licos e polim\u00e9ricos. As pesquisas sobre materiais de constru\u00e7\u00e3o se concentram na produ\u00e7\u00e3o e caracteriza\u00e7\u00e3o de materiais convencionais de constru\u00e7\u00e3o com base em t\u00e9cnicas laboratoriais e computacionais avan\u00e7adas. Al\u00e9m disso, pesquisas sobre produ\u00e7\u00e3o e caracteriza\u00e7\u00e3o de novos materiais s\u00e3o desenvolvidas, principalmente sobre pozolanas, geopol\u00edmeros, comp\u00f3sitos polim\u00e9ricos, concretos de elevado desempenho, argamassas de assentamento e revestimento e cer\u00e2mica vermelha, no sentido de conferir maior resist\u00eancia e durabilidade \u00e0s estruturas, com a inter-rela\u00e7\u00e3o entre as propriedades dos materiais e os aspectos relacionados \u00e0 sustentabilidade das constru\u00e7\u00f5es, como emiss\u00e3o de gases intensificadores de efeito estufa, uso racional de mat\u00e9ria-prima e reaproveitamento de res\u00edduos.<\/p>\n<p>&nbsp;<\/p>\n<p>Com rela\u00e7\u00e3o \u00e0s pesquisas sobre o comportamento das estruturas, estudos s\u00e3o desenvolvidos sobre experimenta\u00e7\u00e3o em laborat\u00f3rio e modelagem num\u00e9rica com base em m\u00e9todos de an\u00e1lise est\u00e1ticos e din\u00e2micos de prot\u00f3tipos e de estruturas reais. Al\u00e9m disso, ferramentas computacionais para projeto e an\u00e1lise de estruturas de concreto, a\u00e7o e comp\u00f3sitos polim\u00e9ricos s\u00e3o desenvolvidas.<\/p>\n<p>&nbsp;<\/p>\n<p style=\"text-align: justify\"><strong><a href=\"http:\/\/uenf.br\/posgraduacao\/engenharia-civil\/linhas-de-pesquisa-2\/linhas-de-pesquisa-da-area-de-estruturas\/\">Linhas de Pesquisas de Estruturas<\/a><\/strong><\/p>\n<p><\/p>","protected":false},"excerpt":{"rendered":"<p>&nbsp; A \u00e1rea de Estruturas abrange estudos sobre produ\u00e7\u00e3o e caracteriza\u00e7\u00e3o f\u00edsica e qu\u00edmica de materiais de constru\u00e7\u00e3o, al\u00e9m do&#8230;<\/p>\n","protected":false},"author":8,"featured_media":0,"parent":65,"menu_order":0,"comment_status":"closed","ping_status":"closed","template":"","meta":{"footnotes":""},"class_list":["post-206","page","type-page","status-publish","hentry"],"_links":{"self":[{"href":"https:\/\/uenf.br\/posgraduacao\/engenharia-civil\/wp-json\/wp\/v2\/pages\/206","targetHints":{"allow":["GET"]}}],"collection":[{"href":"https:\/\/uenf.br\/posgraduacao\/engenharia-civil\/wp-json\/wp\/v2\/pages"}],"about":[{"href":"https:\/\/uenf.br\/posgraduacao\/engenharia-civil\/wp-json\/wp\/v2\/types\/page"}],"author":[{"embeddable":true,"href":"https:\/\/uenf.br\/posgraduacao\/engenharia-civil\/wp-json\/wp\/v2\/users\/8"}],"replies":[{"embeddable":true,"href":"https:\/\/uenf.br\/posgraduacao\/engenharia-civil\/wp-json\/wp\/v2\/comments?post=206"}],"version-history":[{"count":0,"href":"https:\/\/uenf.br\/posgraduacao\/engenharia-civil\/wp-json\/wp\/v2\/pages\/206\/revisions"}],"up":[{"embeddable":true,"href":"https:\/\/uenf.br\/posgraduacao\/engenharia-civil\/wp-json\/wp\/v2\/pages\/65"}],"wp:attachment":[{"href":"https:\/\/uenf.br\/posgraduacao\/engenharia-civil\/wp-json\/wp\/v2\/media?parent=206"}],"curies":[{"name":"wp","href":"https:\/\/api.w.org\/{rel}","templated":true}]}}