{"id":2072,"date":"2017-12-21T13:59:00","date_gmt":"2017-12-21T13:59:00","guid":{"rendered":"http:\/\/uenf.br\/posgraduacao\/engenharia-civil\/?page_id=2072"},"modified":"2018-07-16T11:07:35","modified_gmt":"2018-07-16T11:07:35","slug":"dissertacoes-de-mestrado-2017-greisson-peixoto-rangel","status":"publish","type":"page","link":"https:\/\/uenf.br\/posgraduacao\/engenharia-civil\/dissertacoes-de-mestrado-2017-greisson-peixoto-rangel\/","title":{"rendered":"Disserta\u00e7\u00f5es de Mestrado 2017 &#8211;  GREISSON PEIXOTO RANGEL"},"content":{"rendered":"<p><\/p>\n<p style=\"text-align: justify\"><strong>Resumo<\/strong><\/p>\n<p style=\"text-align: justify\">Seja por raz\u00f5es ecol\u00f3gicas, econ\u00f4micas ou ligadas ao desempenho, a busca por materiais alternativos ao cimento Portland tem se intensificado, e os geopol\u00edmeros se apresentam como uma op\u00e7\u00e3o plaus\u00edvel. No entanto, o apelo \u00e0 superioridade ecol\u00f3gica dos geopol\u00edmeros sobre o cimento Portland n\u00e3o tem se confirmado, de acordo com os estudos de impactos ambientais. Para produzir geopol\u00edmeros com menor impacto e custo, composi\u00e7\u00f5es ativadas sem silicatos alcalinos, ou seja, ativadas apenas por hidr\u00f3xidos alcalinos come\u00e7aram a ser estudadas. Nesse contexto, este trabalho avaliou a viabilidade tecnol\u00f3gica de argamassas geopolim\u00e9ricas ativadas por NaOH ou KOH. Para isso, foi realizado um estudo com 54 diferentes composi\u00e7\u00f5es, avaliando o comportamento das argamassas frente \u00e0 varia\u00e7\u00e3o dos principais par\u00e2metros composicionais (raz\u00e3o ativador\/precursor, raz\u00e3o \u00e1gua s\u00f3lidos e concentra\u00e7\u00e3o molar da solu\u00e7\u00e3o ativadora). Al\u00e9m disso, foi apresentada a classifica\u00e7\u00e3o da composi\u00e7\u00e3o com maior resist\u00eancia \u00e0 compress\u00e3o axial aos 7 dias de idade, para cada ativador (NaOH: 18,65 MPa e KOH: 4,44 MPa), segundo os requisitos prescritos pela NBR 13281 (ABNT, 2005). Os resultados demonstraram que as argamassas geopolim\u00e9ricas possuem viabilidade tecnol\u00f3gica. No entanto, a ativa\u00e7\u00e3o por NaOH, quando da combina\u00e7\u00e3o adequada dos par\u00e2metros composicionais, apresentou desempenho superior \u00e0 ativa\u00e7\u00e3o por KOH (NaOH: P6, M6, R6, C1, D6, U6, A3; KOH: P4, M5, R1, C4, D5, U6, A2).<\/p>\n<p style=\"text-align: right\"><a href=\"http:\/\/uenf.br\/posgraduacao\/engenharia-civil\/wp-content\/uploads\/sites\/3\/2017\/12\/Disserta\u00e7\u00e3o-Greisson-Peixoto-Rangel-DEFINITIVA.pdf\">Download aqui<\/a><\/p>\n<p>&nbsp;<\/p>","protected":false},"excerpt":{"rendered":"<p>Resumo Seja por raz\u00f5es ecol\u00f3gicas, econ\u00f4micas ou ligadas ao desempenho, a busca por materiais alternativos ao cimento Portland tem se&#8230;<\/p>\n","protected":false},"author":7,"featured_media":0,"parent":0,"menu_order":0,"comment_status":"closed","ping_status":"closed","template":"","meta":{"footnotes":""},"class_list":["post-2072","page","type-page","status-publish","hentry"],"_links":{"self":[{"href":"https:\/\/uenf.br\/posgraduacao\/engenharia-civil\/wp-json\/wp\/v2\/pages\/2072","targetHints":{"allow":["GET"]}}],"collection":[{"href":"https:\/\/uenf.br\/posgraduacao\/engenharia-civil\/wp-json\/wp\/v2\/pages"}],"about":[{"href":"https:\/\/uenf.br\/posgraduacao\/engenharia-civil\/wp-json\/wp\/v2\/types\/page"}],"author":[{"embeddable":true,"href":"https:\/\/uenf.br\/posgraduacao\/engenharia-civil\/wp-json\/wp\/v2\/users\/7"}],"replies":[{"embeddable":true,"href":"https:\/\/uenf.br\/posgraduacao\/engenharia-civil\/wp-json\/wp\/v2\/comments?post=2072"}],"version-history":[{"count":0,"href":"https:\/\/uenf.br\/posgraduacao\/engenharia-civil\/wp-json\/wp\/v2\/pages\/2072\/revisions"}],"wp:attachment":[{"href":"https:\/\/uenf.br\/posgraduacao\/engenharia-civil\/wp-json\/wp\/v2\/media?parent=2072"}],"curies":[{"name":"wp","href":"https:\/\/api.w.org\/{rel}","templated":true}]}}