{"id":2085,"date":"2018-01-18T17:58:55","date_gmt":"2018-01-18T17:58:55","guid":{"rendered":"http:\/\/uenf.br\/posgraduacao\/engenharia-civil\/?page_id=2085"},"modified":"2018-01-18T18:04:12","modified_gmt":"2018-01-18T18:04:12","slug":"dissertacoes-de-mestrado-2017-rafael-da-silva-hortencio","status":"publish","type":"page","link":"https:\/\/uenf.br\/posgraduacao\/engenharia-civil\/dissertacoes-de-mestrado-2017-rafael-da-silva-hortencio\/","title":{"rendered":"Disserta\u00e7\u00f5es de Mestrado 2017 &#8211;  RAFAEL DA SILVA HORTENCIO"},"content":{"rendered":"<p><\/p>\n<p style=\"text-align: justify\"><strong>Resumo<\/strong><\/p>\n<p style=\"text-align: justify\">Nesta disserta\u00e7\u00e3o apresenta-se uma metodologia para dimensionamento \u00f3timo de liga\u00e7\u00f5es viga-coluna de p\u00f3rticos planos de a\u00e7o, a fim de obter liga\u00e7\u00f5es viga-coluna mecanicamente mais eficientes e de custo m\u00ednimo atrav\u00e9s da determina\u00e7\u00e3o das dimens\u00f5es \u00f3timas das componentes da liga\u00e7\u00e3o; satisfazendo restri\u00e7\u00f5es mec\u00e2nicas associadas ao momento fletor e a rigidez rotacional da liga\u00e7\u00e3o, no entanto, sem comprometer a sua seguran\u00e7a e integridade. S\u00e3o tamb\u00e9m considerados limites m\u00ednimos e m\u00e1ximos dos par\u00e2metros geom\u00e9tricos, de acordo com normativas vigentes. Foram implementados c\u00f3digos computacionais para o c\u00e1lculo do momento fletor resistente e da rigidez rotacional da liga\u00e7\u00e3o utilizando o \u201cM\u00e9todo das Componentes\u201d do Eurocode 3 (CEN, 2005). Inicialmente, desenvolveu-se um banco de dados com perfis estruturais, chapas e parafusos de a\u00e7o, obtidos de cat\u00e1logos de fabricantes, com interfaces computacionais para acesso autom\u00e1tico dos dados pelos m\u00f3dulos computacionais de an\u00e1lise e otimiza\u00e7\u00e3o. No modelo de otimiza\u00e7\u00e3o proposto \u00e9 adotada a liga\u00e7\u00e3o com chapa de extremidade estendida sem enrijecedores; as vari\u00e1veis de projeto s\u00e3o as dimens\u00f5es e a espessura da chapa de extremidade, o di\u00e2metro e a localiza\u00e7\u00e3o dos parafusos. No processo de otimiza\u00e7\u00e3o, na busca de m\u00ednimos globais do problema, s\u00e3o utilizados algoritmos gen\u00e9ticos com vari\u00e1veis cont\u00ednuas e discretas, sendo as vari\u00e1veis discretas associadas ao banco de dados. Desta forma, este trabalho apresenta uma ferramenta computacional desenvolvida integralmente no ambiente MATLAB\u00ae para an\u00e1lise e dimensionamento \u00f3timo de liga\u00e7\u00f5es viga-coluna com chapa de extremidade estendida em p\u00f3rticos planos de a\u00e7o. Adicionalmente, foram implementados c\u00f3digos computacionais para visualiza\u00e7\u00e3o detalhada da geometria da liga\u00e7\u00e3o otimizada. S\u00e3o apresentadas aplica\u00e7\u00f5es que mostram resultados satisfat\u00f3rios quando comparados com resultados dispon\u00edveis na literatura.<\/p>\n<p>&nbsp;<\/p>\n<p style=\"text-align: right\"><a href=\"http:\/\/uenf.br\/posgraduacao\/engenharia-civil\/wp-content\/uploads\/sites\/3\/2018\/01\/Disserta\u00e7\u00e3o-Rafael-da-Silva-Hortencio.pdf\">Download aqui<\/a><\/p>\n<p>&nbsp;<\/p>","protected":false},"excerpt":{"rendered":"<p>Resumo Nesta disserta\u00e7\u00e3o apresenta-se uma metodologia para dimensionamento \u00f3timo de liga\u00e7\u00f5es viga-coluna de p\u00f3rticos planos de a\u00e7o, a fim de&#8230;<\/p>\n","protected":false},"author":7,"featured_media":0,"parent":0,"menu_order":0,"comment_status":"closed","ping_status":"closed","template":"","meta":{"footnotes":""},"class_list":["post-2085","page","type-page","status-publish","hentry"],"_links":{"self":[{"href":"https:\/\/uenf.br\/posgraduacao\/engenharia-civil\/wp-json\/wp\/v2\/pages\/2085","targetHints":{"allow":["GET"]}}],"collection":[{"href":"https:\/\/uenf.br\/posgraduacao\/engenharia-civil\/wp-json\/wp\/v2\/pages"}],"about":[{"href":"https:\/\/uenf.br\/posgraduacao\/engenharia-civil\/wp-json\/wp\/v2\/types\/page"}],"author":[{"embeddable":true,"href":"https:\/\/uenf.br\/posgraduacao\/engenharia-civil\/wp-json\/wp\/v2\/users\/7"}],"replies":[{"embeddable":true,"href":"https:\/\/uenf.br\/posgraduacao\/engenharia-civil\/wp-json\/wp\/v2\/comments?post=2085"}],"version-history":[{"count":0,"href":"https:\/\/uenf.br\/posgraduacao\/engenharia-civil\/wp-json\/wp\/v2\/pages\/2085\/revisions"}],"wp:attachment":[{"href":"https:\/\/uenf.br\/posgraduacao\/engenharia-civil\/wp-json\/wp\/v2\/media?parent=2085"}],"curies":[{"name":"wp","href":"https:\/\/api.w.org\/{rel}","templated":true}]}}