{"id":209,"date":"2015-09-04T14:06:04","date_gmt":"2015-09-04T14:06:04","guid":{"rendered":"http:\/\/uenf.br\/posgraduacao\/engenharia-civil\/?page_id=209"},"modified":"2025-02-12T13:09:00","modified_gmt":"2025-02-12T13:09:00","slug":"area-de-geotecnia","status":"publish","type":"page","link":"https:\/\/uenf.br\/posgraduacao\/engenharia-civil\/areas-de-concentracao-e-linhas-de-pesquisa\/area-de-geotecnia\/","title":{"rendered":"\u00c1rea de Geotecnia"},"content":{"rendered":"<p>&nbsp;<\/p>\n<p>A \u00e1rea de Geotecnia desenvolve estudos voltados a problemas geot\u00e9cnicos b\u00e1sicos e avan\u00e7ados, sendo estes \u00faltimos fortemente relacionados ao contexto regional, seguindo a premissa estabelecida no projeto institucional pelo Prof. Darcy Ribeiro. Neste aspecto, pesquisas t\u00eam sido desenvolvidas com temas relacionados ao setores extrativistas de minera\u00e7\u00e3o, petr\u00f3leo e g\u00e1s (produ\u00e7\u00e3o e transporte), de rochas ornamentais e de caracteriza\u00e7\u00e3o de geogrelhas e geomembranas. A \u00e1rea de Geotecnia conta com duas linhas de pesquisa que abrangem quatro projetos de pesquisa e permitem inter-relacionar atividades com a \u00e1rea de Estruturas, uma vez que os problemas levantados apresentam uma consider\u00e1vel interface entre as duas \u00e1reas, tanto na parte de modelagem num\u00e9rica como na experimental.<\/p>\n<div style=\"text-align: justify\"><\/div>\n<div><\/div>\n<div style=\"text-align: justify\"><\/div>\n<div style=\"text-align: justify\"><a href=\"http:\/\/uenf.br\/posgraduacao\/engenharia-civil\/linhas-de-pesquisa-2\/\"><strong>Linhas de Pesquisas da \u00c1rea de Geotecnia<\/strong><\/a><\/div>\n<p><\/p>","protected":false},"excerpt":{"rendered":"<p>&nbsp; A \u00e1rea de Geotecnia desenvolve estudos voltados a problemas geot\u00e9cnicos b\u00e1sicos e avan\u00e7ados, sendo estes \u00faltimos fortemente relacionados ao&#8230;<\/p>\n","protected":false},"author":8,"featured_media":0,"parent":65,"menu_order":0,"comment_status":"closed","ping_status":"closed","template":"","meta":{"footnotes":""},"class_list":["post-209","page","type-page","status-publish","hentry"],"_links":{"self":[{"href":"https:\/\/uenf.br\/posgraduacao\/engenharia-civil\/wp-json\/wp\/v2\/pages\/209","targetHints":{"allow":["GET"]}}],"collection":[{"href":"https:\/\/uenf.br\/posgraduacao\/engenharia-civil\/wp-json\/wp\/v2\/pages"}],"about":[{"href":"https:\/\/uenf.br\/posgraduacao\/engenharia-civil\/wp-json\/wp\/v2\/types\/page"}],"author":[{"embeddable":true,"href":"https:\/\/uenf.br\/posgraduacao\/engenharia-civil\/wp-json\/wp\/v2\/users\/8"}],"replies":[{"embeddable":true,"href":"https:\/\/uenf.br\/posgraduacao\/engenharia-civil\/wp-json\/wp\/v2\/comments?post=209"}],"version-history":[{"count":0,"href":"https:\/\/uenf.br\/posgraduacao\/engenharia-civil\/wp-json\/wp\/v2\/pages\/209\/revisions"}],"up":[{"embeddable":true,"href":"https:\/\/uenf.br\/posgraduacao\/engenharia-civil\/wp-json\/wp\/v2\/pages\/65"}],"wp:attachment":[{"href":"https:\/\/uenf.br\/posgraduacao\/engenharia-civil\/wp-json\/wp\/v2\/media?parent=209"}],"curies":[{"name":"wp","href":"https:\/\/api.w.org\/{rel}","templated":true}]}}