{"id":2101,"date":"2018-02-15T11:12:34","date_gmt":"2018-02-15T11:12:34","guid":{"rendered":"http:\/\/uenf.br\/posgraduacao\/engenharia-civil\/?page_id=2101"},"modified":"2018-02-15T12:10:07","modified_gmt":"2018-02-15T12:10:07","slug":"tese-de-doutorado-2018-afonso-rangel-garcez-de-azevedo","status":"publish","type":"page","link":"https:\/\/uenf.br\/posgraduacao\/engenharia-civil\/tese-de-doutorado-2018-afonso-rangel-garcez-de-azevedo\/","title":{"rendered":"Tese de Doutorado 2018 &#8211; AFONSO RANGEL GARCEZ DE AZEVEDO"},"content":{"rendered":"<p><\/p>\n<p style=\"text-align: justify\">Resumo<br \/>\nO setor da constru\u00e7\u00e3o civil \u00e9 o maior consumidor de mat\u00e9rias-primas naturais do mundo, gerando grande impacto ambiental. No intuito de adequar a atividade realizada ao desenvolvimento sustent\u00e1vel proposto nas \u00faltimas d\u00e9cadas em todo o mundo, tem-se investido em pesquisas no setor. As placas ciment\u00edcias s\u00e3o estruturas finas (entre 6 a 40 mm) que tem na sua composi\u00e7\u00e3o uma argamassa que pode ou n\u00e3o ser refor\u00e7ada, sejam com pequenas barras e fios de a\u00e7o, ou outro material. Estas placas t\u00eam variadas aplica\u00e7\u00f5es que v\u00e3o desde elementos de veda\u00e7\u00e3o interna, acabamento externo e elemento de divis\u00e3o sanit\u00e1ria. J\u00e1 a ind\u00fastria de papel e celulose, que est\u00e1 em constante crescimento, sendo respons\u00e1vel pela gera\u00e7\u00e3o de uma grande quantidade de res\u00edduos em suas etapas de produ\u00e7\u00e3o que, geralmente, se disp\u00f5em em Esta\u00e7\u00f5es de Tratamento de Efluentes para um posterior destino, como aterros sanit\u00e1rios, o que acaba onerando os custos finais do produto. Assim o objetivo deste trabalho foi o desenvolvimento de placa ciment\u00edcia com estrutura de refor\u00e7o que utiliza uma metodologia inovadora de beneficiamento e incorpora\u00e7\u00e3o do res\u00edduo proveniente da ind\u00fastria de papel e celulose, atendendo o produto final as especifica\u00e7\u00f5es normativas brasileiras e melhorando os padr\u00f5es comerciais dos modelos j\u00e1 existentes. Para tanto foi elaborado um programa experimental que visou a caracteriza\u00e7\u00e3o dos materiais utilizados, desenvolvimento de uma metodologia de beneficiamento do res\u00edduo utilizado, desenvolvimento do tra\u00e7o (ensaios de argamassa simples no estado fresco e endurecido, escolha do material de refor\u00e7o e aditivos incorporadores de ar), defini\u00e7\u00e3o e execu\u00e7\u00e3o do processo de produ\u00e7\u00e3o das placas (PRF, PTIAF e PTIF) e os respectivos ensaios de aceita\u00e7\u00e3o do produto final (resist\u00eancia mec\u00e2nica, toler\u00e2ncia geom\u00e9trica, absor\u00e7\u00e3o de \u00e1gua, densidade aparente, permeabilidade, resist\u00eancia ao fogo, varia\u00e7\u00e3o dimensional e durabilidade). Os resultados indicaram que o uso do res\u00edduo na forma solubilizado em \u00e1gua (7,5% em solu\u00e7\u00e3o de \u00e1gua), passando por peneiramento, denominado de l\u00edquido fino (PTIF), obteve os melhores resultados de conforma\u00e7\u00e3o da placa, adotando o refor\u00e7o com telas de pl\u00e1stico, atendendo aos crit\u00e9rios da norma brasileira. O uso de incorporadores de ar em combina\u00e7\u00e3o com o res\u00edduo n\u00e3o apresentou resultados satisfat\u00f3rios, principalmente quanto a resist\u00eancia e durabilidade. Assim pode-se concluir que a metodologia adotada para incorpora\u00e7\u00e3o e beneficiamento do res\u00edduo da ind\u00fastria de papel e celulose, em seu estado fino,com refor\u00e7o de tela de pl\u00e1stico tem viabilidade no uso e produ\u00e7\u00e3o de placas ciment\u00edcias para utiliza\u00e7\u00e3o na constru\u00e7\u00e3o civil.<\/p>\n<p style=\"text-align: right\"><a href=\"http:\/\/uenf.br\/posgraduacao\/engenharia-civil\/wp-content\/uploads\/sites\/3\/2018\/02\/Tese_Afonso_Revisada.pdf\">Download aqui<\/a><\/p>\n<p><\/p>","protected":false},"excerpt":{"rendered":"<p>Resumo O setor da constru\u00e7\u00e3o civil \u00e9 o maior consumidor de mat\u00e9rias-primas naturais do mundo, gerando grande impacto ambiental. No&#8230;<\/p>\n","protected":false},"author":7,"featured_media":0,"parent":0,"menu_order":0,"comment_status":"closed","ping_status":"closed","template":"","meta":{"footnotes":""},"class_list":["post-2101","page","type-page","status-publish","hentry"],"_links":{"self":[{"href":"https:\/\/uenf.br\/posgraduacao\/engenharia-civil\/wp-json\/wp\/v2\/pages\/2101","targetHints":{"allow":["GET"]}}],"collection":[{"href":"https:\/\/uenf.br\/posgraduacao\/engenharia-civil\/wp-json\/wp\/v2\/pages"}],"about":[{"href":"https:\/\/uenf.br\/posgraduacao\/engenharia-civil\/wp-json\/wp\/v2\/types\/page"}],"author":[{"embeddable":true,"href":"https:\/\/uenf.br\/posgraduacao\/engenharia-civil\/wp-json\/wp\/v2\/users\/7"}],"replies":[{"embeddable":true,"href":"https:\/\/uenf.br\/posgraduacao\/engenharia-civil\/wp-json\/wp\/v2\/comments?post=2101"}],"version-history":[{"count":0,"href":"https:\/\/uenf.br\/posgraduacao\/engenharia-civil\/wp-json\/wp\/v2\/pages\/2101\/revisions"}],"wp:attachment":[{"href":"https:\/\/uenf.br\/posgraduacao\/engenharia-civil\/wp-json\/wp\/v2\/media?parent=2101"}],"curies":[{"name":"wp","href":"https:\/\/api.w.org\/{rel}","templated":true}]}}