{"id":211,"date":"2015-09-04T14:08:45","date_gmt":"2015-09-04T14:08:45","guid":{"rendered":"http:\/\/uenf.br\/posgraduacao\/engenharia-civil\/?page_id=211"},"modified":"2020-12-07T12:59:24","modified_gmt":"2020-12-07T12:59:24","slug":"oficinas-de-ensino-e-pesquisa","status":"publish","type":"page","link":"https:\/\/uenf.br\/posgraduacao\/engenharia-civil\/oficinas-de-ensino-e-pesquisa\/","title":{"rendered":"Oficinas de Ensino e Pesquisa"},"content":{"rendered":"<p><\/p>\n<p style=\"text-align: justify\">Para desenvolvimento de suas atividades de ensino e pesquisa, o LECIV conta com modernos laborat\u00f3rios(oficinas) nas respectivas \u00e1reas de atua\u00e7\u00e3o.<\/p>\n<ul>\n<li><a href=\"http:\/\/uenf.br\/posgraduacao\/engenharia-civil\/oficinas-de-ensino-e-pesquisa\/oamc\/\">Oficina de Argamassas e Materiais Cer\u00e2micos<\/a><\/li>\n<li><a href=\"http:\/\/uenf.br\/posgraduacao\/engenharia-civil\/oficinas-de-ensino-e-pesquisa\/geoled\/\">Oficina de Ensaios de Durabilidade em Materiais Geot\u00e9cnicos (GeoLED)<\/a><\/li>\n<li><a href=\"http:\/\/uenf.br\/posgraduacao\/engenharia-civil\/oficinas-de-ensino-e-pesquisa\/egc\/\">Oficina de Ensaios Geot\u00e9cnicos de Campo<\/a><\/li>\n<li><a href=\"http:\/\/uenf.br\/posgraduacao\/engenharia-civil\/oficinas-de-ensino-e-pesquisa\/msesp\/\">Oficina de Ensaios Especiais em Mec\u00e2nica dos Solos<\/a><\/li>\n<li><a href=\"http:\/\/uenf.br\/posgraduacao\/engenharia-civil\/oficinas-de-ensino-e-pesquisa\/estruturas\/\">Oficina de Estruturas<\/a><\/li>\n<li><a href=\"http:\/\/uenf.br\/posgraduacao\/engenharia-civil\/oficinas-de-ensino-e-pesquisa\/nexmat\/\">Oficina de Materiais Ciment\u00edcios e Pozol\u00e2nicos (N\u00facleo de Excel\u00eancia em Materiais Ciment\u00edcios \u2013 Nexmat)<\/a><\/li>\n<li><a href=\"http:\/\/uenf.br\/posgraduacao\/engenharia-civil\/oficinas-de-ensino-e-pesquisa\/ms\/\">Oficina de Mec\u00e2nica dos Solos<\/a><\/li>\n<li><a href=\"http:\/\/uenf.br\/posgraduacao\/engenharia-civil\/oficinas-de-ensino-e-pesquisa\/modnum\/\">Oficina de Modelagem Num\u00e9rica<\/a><\/li>\n<li><a href=\"http:\/\/uenf.br\/posgraduacao\/engenharia-civil\/oficinas-de-ensino-e-pesquisa\/centrifuga\/\">Oficina de Modelos Reduzidos (Centr\u00edfuga Geot\u00e9cnica)<\/a><\/li>\n<li><a href=\"http:\/\/uenf.br\/posgraduacao\/engenharia-civil\/oficinas-de-ensino-e-pesquisa\/mec\/\">Oficina Mec\u00e2nica de Apoio<\/a><\/li>\n<\/ul>\n<p><\/p>","protected":false},"excerpt":{"rendered":"<p>Para desenvolvimento de suas atividades de ensino e pesquisa, o LECIV conta com modernos laborat\u00f3rios(oficinas) nas respectivas \u00e1reas de atua\u00e7\u00e3o&#8230;.<\/p>\n","protected":false},"author":8,"featured_media":0,"parent":0,"menu_order":7,"comment_status":"closed","ping_status":"closed","template":"","meta":{"footnotes":""},"class_list":["post-211","page","type-page","status-publish","hentry"],"_links":{"self":[{"href":"https:\/\/uenf.br\/posgraduacao\/engenharia-civil\/wp-json\/wp\/v2\/pages\/211","targetHints":{"allow":["GET"]}}],"collection":[{"href":"https:\/\/uenf.br\/posgraduacao\/engenharia-civil\/wp-json\/wp\/v2\/pages"}],"about":[{"href":"https:\/\/uenf.br\/posgraduacao\/engenharia-civil\/wp-json\/wp\/v2\/types\/page"}],"author":[{"embeddable":true,"href":"https:\/\/uenf.br\/posgraduacao\/engenharia-civil\/wp-json\/wp\/v2\/users\/8"}],"replies":[{"embeddable":true,"href":"https:\/\/uenf.br\/posgraduacao\/engenharia-civil\/wp-json\/wp\/v2\/comments?post=211"}],"version-history":[{"count":0,"href":"https:\/\/uenf.br\/posgraduacao\/engenharia-civil\/wp-json\/wp\/v2\/pages\/211\/revisions"}],"wp:attachment":[{"href":"https:\/\/uenf.br\/posgraduacao\/engenharia-civil\/wp-json\/wp\/v2\/media?parent=211"}],"curies":[{"name":"wp","href":"https:\/\/api.w.org\/{rel}","templated":true}]}}