{"id":2116,"date":"2018-02-15T14:22:48","date_gmt":"2018-02-15T14:22:48","guid":{"rendered":"http:\/\/uenf.br\/posgraduacao\/engenharia-civil\/?page_id=2116"},"modified":"2018-07-16T11:06:52","modified_gmt":"2018-07-16T11:06:52","slug":"dissertacoes-de-mestrado-2017-guilherme-venturin-guizardi","status":"publish","type":"page","link":"https:\/\/uenf.br\/posgraduacao\/engenharia-civil\/dissertacoes-de-mestrado-2017-guilherme-venturin-guizardi\/","title":{"rendered":"Disserta\u00e7\u00f5es de Mestrado 2017 &#8211; GUILHERME VENTURIN GUIZARDI"},"content":{"rendered":"<p><\/p>\n<p style=\"text-align: justify\">Resumo<br \/>\nPara obter um aumento na capacidade de ancoragem de funda\u00e7\u00f5es offshore v\u00e1rias alternativas est\u00e3o sendo cogitadas, dentre elas o estudo de novas concep\u00e7\u00f5es de pontos fixos de ancoragem, o aumento dimensional das solu\u00e7\u00f5es convencionais e sua otimiza\u00e7\u00e3o, a aplica\u00e7\u00e3o de novas metodologias de instala\u00e7\u00e3o, a reavalia\u00e7\u00e3o dos crit\u00e9rios de dimensionamento (carregamento e propriedades de resist\u00eancia), o uso de t\u00e9cnicas de melhoramento de solos e de clusters de estacas. Neste trabalho foram realizados ensaios de carregamento de estaca, com velocidade controlada, em centr\u00edfuga geot\u00e9cnica. Esses ensaios foram conduzidos com o intuito de avaliar o comportamento de estacas carregadas sob diferentes dire\u00e7\u00f5es (carregamento vertical, horizontal e inclinado), dessa forma, obtendo uma melhor compreens\u00e3o da distribui\u00e7\u00e3o de for\u00e7as nos pontos de ancoragem. O solo utilizado foi a areia industrial normalizada, comercializada pelo Instituto de Pesquisa Tecnol\u00f3gica (IPT). O presente estudo foi de carregamento de estaca isolada, ou seja, aos ensaios preliminares, que posteriormente fornecer\u00e3o dados para a interpreta\u00e7\u00e3o de ensaios mais complexos, de carregamento em grupo. Todos os ensaios foram executados com areia fofa (15% \u2264 DR &lt; 35%), sendo DR = 30% neste trabalho. Na prepara\u00e7\u00e3o do modelo utilizou-se um container circular e o processo de execu\u00e7\u00e3o do mesmo seguiu-se basicamente em tr\u00eas etapas: pluvia\u00e7\u00e3o, crava\u00e7\u00e3o da estaca e posteriormente o carregamento, no qual cada etapa foi seguida uma metodologia. O n\u00edvel de acelera\u00e7\u00e3o centr\u00edfuga foi de 24g, simulando uma estaca de a\u00e7o de 67 cent\u00edmetros de di\u00e2metro, com comprimento cravado de 6,30 metros. A evolu\u00e7\u00e3o do deslocamento vertical, a for\u00e7a de carregamento, a deforma\u00e7\u00e3o da estaca e a press\u00e3o no fuste da mesma foram monitoradas. As previs\u00f5es de carga aos diferentes tipos de carregamento comparadas aos valores encontrados nos ensaios, apresentaram uma certa diferen\u00e7a, subestimando a carga \u00faltima vertical e superestimando a carga \u00faltima horizontal, mas dentro de uma faixa j\u00e1 encontrada por outros pesquisadores, visto que os m\u00e9todos anal\u00edticos apresentam imprecis\u00f5es e que a modelagem centr\u00edfuga tem imperfei\u00e7\u00f5es.<\/p>\n<p style=\"text-align: right\"><a href=\"http:\/\/uenf.br\/posgraduacao\/engenharia-civil\/wp-content\/uploads\/sites\/3\/2018\/02\/ESTUDO-DO-COMPORTAMENTO-DE-ESTACAS-SUBMETIDAS-AO-ARRANCAMENTO-EM-DIFERENTES-DIRE\u00c7\u00d5ES-ATRAV\u00c9S-DE-ENSAIOS-EM-CENTR\u00cdFUGA-GE1.pdf\">Download aqui<\/a><\/p>\n<p><\/p>","protected":false},"excerpt":{"rendered":"<p>Resumo Para obter um aumento na capacidade de ancoragem de funda\u00e7\u00f5es offshore v\u00e1rias alternativas est\u00e3o sendo cogitadas, dentre elas o&#8230;<\/p>\n","protected":false},"author":7,"featured_media":0,"parent":0,"menu_order":0,"comment_status":"closed","ping_status":"closed","template":"","meta":{"footnotes":""},"class_list":["post-2116","page","type-page","status-publish","hentry"],"_links":{"self":[{"href":"https:\/\/uenf.br\/posgraduacao\/engenharia-civil\/wp-json\/wp\/v2\/pages\/2116","targetHints":{"allow":["GET"]}}],"collection":[{"href":"https:\/\/uenf.br\/posgraduacao\/engenharia-civil\/wp-json\/wp\/v2\/pages"}],"about":[{"href":"https:\/\/uenf.br\/posgraduacao\/engenharia-civil\/wp-json\/wp\/v2\/types\/page"}],"author":[{"embeddable":true,"href":"https:\/\/uenf.br\/posgraduacao\/engenharia-civil\/wp-json\/wp\/v2\/users\/7"}],"replies":[{"embeddable":true,"href":"https:\/\/uenf.br\/posgraduacao\/engenharia-civil\/wp-json\/wp\/v2\/comments?post=2116"}],"version-history":[{"count":0,"href":"https:\/\/uenf.br\/posgraduacao\/engenharia-civil\/wp-json\/wp\/v2\/pages\/2116\/revisions"}],"wp:attachment":[{"href":"https:\/\/uenf.br\/posgraduacao\/engenharia-civil\/wp-json\/wp\/v2\/media?parent=2116"}],"curies":[{"name":"wp","href":"https:\/\/api.w.org\/{rel}","templated":true}]}}