{"id":2128,"date":"2018-02-16T18:23:03","date_gmt":"2018-02-16T18:23:03","guid":{"rendered":"http:\/\/uenf.br\/posgraduacao\/engenharia-civil\/?page_id=2128"},"modified":"2018-02-16T18:29:31","modified_gmt":"2018-02-16T18:29:31","slug":"tese-de-doutorado-2017-fernando-cesar-coelho-franca","status":"publish","type":"page","link":"https:\/\/uenf.br\/posgraduacao\/engenharia-civil\/tese-de-doutorado-2017-fernando-cesar-coelho-franca\/","title":{"rendered":"Tese de Doutorado 2017 &#8211; FERNANDO CESAR COELHO FRAN\u00c7A"},"content":{"rendered":"<p><\/p>\n<p style=\"text-align: justify\">Resumo<br \/>\nEm diversas pesquisas na \u00e1rea de engenharia civil o reparo estrutural em vigas de concreto \u00e9 executado com diferentes tipos de argamassas. O geopol\u00edmero, um pol\u00edmero inorg\u00e2nico amorfo, possui aplica\u00e7\u00f5es j\u00e1 estudadas nesta \u00e1rea. Este material possui propriedades f\u00edsicas, qu\u00edmicas e mec\u00e2nicas que permitem sua utiliza\u00e7\u00e3o como material de reparo. A ader\u00eancia \u00e9 uma propriedade muito importante para que uma argamassa seja considerada adequada para recuperar e\/ou refor\u00e7ar estruturas de concreto. Por isso, o conhecimento desta propriedade junto ao concreto convencional tem grande relev\u00e2ncia na determina\u00e7\u00e3o da carga \u00faltima, das deflex\u00f5es e das deforma\u00e7\u00f5es da estrutura recuperada e\/ou refor\u00e7ada. Assim, o objetivo deste trabalho \u00e9 avaliar a efic\u00e1cia de uma argamassa geopolim\u00e9rica como material para recupera\u00e7\u00e3o de vigas de concreto convencional, de forma que se restaure o car\u00e1ter monol\u00edtico e a capacidade portante da estrutura. Para tanto, um programa experimental foi realizado no Laborat\u00f3rio de Engenharia Civil da Universidade Estadual do Norte Fluminense Darcy Ribeiro com o objetivo de avaliar a ader\u00eancia entre uma argamassa comercial e outra geopolim\u00e9rica na recupera\u00e7\u00e3o de vigas de concreto convencional. Os resultados mostraram que a ader\u00eancia entre o concreto do substrato e a argamassa geopolim\u00e9rica foi 21% superior \u00e0 argamassa comercial. As maiores deflex\u00f5es ocorreram para os corpos de prova reparados com argamassa geopolim\u00e9rica, devido ao baixo m\u00f3dulo de elasticidade longitudinal deste material de reparo. As vigas recuperadas com argamassa geopolim\u00e9rica apresentaram-se monol\u00edticas, ao contr\u00e1rio das recuperadas com argamassa comercial, que apresentaram descolamento da interface substrato\/reparo. Logo, \u00e9 poss\u00edvel concluir que a argamassa geopolim\u00e9rica confeccionada neste estudo pode ser utilizada como material alternativo para reparo de vigas de concreto convencional, devido \u00e0 ader\u00eancia satisfat\u00f3ria ao concreto do substrato, \u00e0 carga de ruptura pr\u00f3xima \u00e0 da viga monol\u00edtica de refer\u00eancia e \u00e0 melhor qualidade em rela\u00e7\u00e3o \u00e0 argamassa comercial, de acordo com os par\u00e2metros estudados nesta pesquisa.<\/p>\n<p>&nbsp;<\/p>\n<p><a href=\"https:\/\/uenf.br\/posgraduacao\/engenharia-civil\/wp-content\/uploads\/sites\/3\/2018\/02\/Tese_FernandoCesarCoelhoFran\u00e7a_Vers\u00e3oFinal.pdf\">Download Aqui<\/a><\/p>\n<p style=\"text-align: right\">\n<p><\/p>","protected":false},"excerpt":{"rendered":"<p>Resumo Em diversas pesquisas na \u00e1rea de engenharia civil o reparo estrutural em vigas de concreto \u00e9 executado com diferentes&#8230;<\/p>\n","protected":false},"author":7,"featured_media":0,"parent":0,"menu_order":0,"comment_status":"closed","ping_status":"closed","template":"","meta":{"footnotes":""},"class_list":["post-2128","page","type-page","status-publish","hentry"],"_links":{"self":[{"href":"https:\/\/uenf.br\/posgraduacao\/engenharia-civil\/wp-json\/wp\/v2\/pages\/2128","targetHints":{"allow":["GET"]}}],"collection":[{"href":"https:\/\/uenf.br\/posgraduacao\/engenharia-civil\/wp-json\/wp\/v2\/pages"}],"about":[{"href":"https:\/\/uenf.br\/posgraduacao\/engenharia-civil\/wp-json\/wp\/v2\/types\/page"}],"author":[{"embeddable":true,"href":"https:\/\/uenf.br\/posgraduacao\/engenharia-civil\/wp-json\/wp\/v2\/users\/7"}],"replies":[{"embeddable":true,"href":"https:\/\/uenf.br\/posgraduacao\/engenharia-civil\/wp-json\/wp\/v2\/comments?post=2128"}],"version-history":[{"count":0,"href":"https:\/\/uenf.br\/posgraduacao\/engenharia-civil\/wp-json\/wp\/v2\/pages\/2128\/revisions"}],"wp:attachment":[{"href":"https:\/\/uenf.br\/posgraduacao\/engenharia-civil\/wp-json\/wp\/v2\/media?parent=2128"}],"curies":[{"name":"wp","href":"https:\/\/api.w.org\/{rel}","templated":true}]}}