{"id":214,"date":"2015-09-04T14:11:22","date_gmt":"2015-09-04T14:11:22","guid":{"rendered":"http:\/\/uenf.br\/posgraduacao\/engenharia-civil\/?page_id=214"},"modified":"2026-02-03T11:31:25","modified_gmt":"2026-02-03T11:31:25","slug":"linhas-de-pesquisa-2","status":"publish","type":"page","link":"https:\/\/uenf.br\/posgraduacao\/engenharia-civil\/linhas-de-pesquisa-2\/","title":{"rendered":"Linhas de Pesquisa da \u00c1rea de Geotecnia"},"content":{"rendered":"<p>&nbsp;<\/p>\n<ol>\n<li><strong>Investiga\u00e7\u00e3o geol\u00f3gico-geot\u00e9cnica<\/strong><\/li>\n<\/ol>\n<p>Projeto 5 \u2013 Intera\u00e7\u00e3o solo-estrutura e caracteriza\u00e7\u00e3o de geot\u00e9xteis e geomembranas (Coordenador: Prof. Paulo Maia)<\/p>\n<p>Projeto 6 \u2013 Caracteriza\u00e7\u00e3o experimental e modelagem num\u00e9rica de materiais de constru\u00e7\u00e3o em geotecnia (Coordenador: Prof. Aldo Farf\u00e1n)<\/p>\n<p><strong>\u00a0<\/strong><\/p>\n<p>&nbsp;<\/p>\n<ol start=\"2\">\n<li><strong> Modelagem f\u00edsica e num\u00e9rica de problemas geot\u00e9cnicos ligados \u00e0s \u00e1reas de petr\u00f3leo e g\u00e1s<\/strong><\/li>\n<\/ol>\n<p>Projeto 7 \u2013 Estabilidade de taludes submarinos e ancoragem de plataformas em \u00e1guas profundas (Coordenador: Prof. S\u00e9rgio Tibana)<\/p>\n<p>Projeto 8 \u2013 Estacas geot\u00e9rmicas (Coordenador: Prof. Fernando Saboya Jr.)<\/p>\n","protected":false},"excerpt":{"rendered":"<p>&nbsp; Investiga\u00e7\u00e3o geol\u00f3gico-geot\u00e9cnica Projeto 5 \u2013 Intera\u00e7\u00e3o solo-estrutura e caracteriza\u00e7\u00e3o de geot\u00e9xteis e geomembranas (Coordenador: Prof. Paulo Maia) Projeto 6&#8230;<\/p>\n","protected":false},"author":8,"featured_media":0,"parent":0,"menu_order":0,"comment_status":"closed","ping_status":"closed","template":"","meta":{"footnotes":""},"class_list":["post-214","page","type-page","status-publish","hentry"],"_links":{"self":[{"href":"https:\/\/uenf.br\/posgraduacao\/engenharia-civil\/wp-json\/wp\/v2\/pages\/214","targetHints":{"allow":["GET"]}}],"collection":[{"href":"https:\/\/uenf.br\/posgraduacao\/engenharia-civil\/wp-json\/wp\/v2\/pages"}],"about":[{"href":"https:\/\/uenf.br\/posgraduacao\/engenharia-civil\/wp-json\/wp\/v2\/types\/page"}],"author":[{"embeddable":true,"href":"https:\/\/uenf.br\/posgraduacao\/engenharia-civil\/wp-json\/wp\/v2\/users\/8"}],"replies":[{"embeddable":true,"href":"https:\/\/uenf.br\/posgraduacao\/engenharia-civil\/wp-json\/wp\/v2\/comments?post=214"}],"version-history":[{"count":0,"href":"https:\/\/uenf.br\/posgraduacao\/engenharia-civil\/wp-json\/wp\/v2\/pages\/214\/revisions"}],"wp:attachment":[{"href":"https:\/\/uenf.br\/posgraduacao\/engenharia-civil\/wp-json\/wp\/v2\/media?parent=214"}],"curies":[{"name":"wp","href":"https:\/\/api.w.org\/{rel}","templated":true}]}}