{"id":2153,"date":"2018-04-04T18:20:38","date_gmt":"2018-04-04T18:20:38","guid":{"rendered":"http:\/\/uenf.br\/posgraduacao\/engenharia-civil\/?page_id=2153"},"modified":"2026-04-23T14:53:22","modified_gmt":"2026-04-23T14:53:22","slug":"dissertacao-de-mestrado-2018","status":"publish","type":"page","link":"https:\/\/uenf.br\/posgraduacao\/engenharia-civil\/dissertacao-de-mestrado-2018\/","title":{"rendered":"DISSERTA\u00c7\u00c3O DE MESTRADO 2018"},"content":{"rendered":"<p>&nbsp;<\/p>\n<fieldset>\n<legend>MODELAGEM CENTR\u00cdFUGA DE DUTO SUJEITO A IMPACTO DE DESLIZAMENTO SUBMARINO <\/legend>\n<p style=\"text-align: left\"><strong>Autor: Talytha Martins Fonte Boa Santos<\/strong><br \/>\n<strong>Orientador:<\/strong> Prof. S\u00e9rgio Tibana<br \/>\n<strong>\u00c1rea de Concentra\u00e7\u00e3o:<\/strong> Geotecnia<br \/>\n<strong>Situa\u00e7\u00e3o:<\/strong> Conclu\u00edda \u2013 Dezembro &#8211; 2018<br \/>\n<a href=\"https:\/\/uenf.br\/posgraduacao\/engenharia-civil\/dissertacoes-de-mestrado-2018-talytha-martins-fonte-boa-santos\/\">Veja mais<\/a><\/p>\n<\/fieldset>\n<p>&nbsp;<\/p>\n<fieldset>\n<legend>DIMENSIONAMENTO \u00d3TIMO DE VIGAS CONT\u00cdNUAS UTILIZADAS EM EDIFICA\u00c7\u00d5ES<\/legend>\n<p style=\"text-align: left\"><strong>Autor: Rodrigo Moulin Ribeiro Pierott<\/strong><br \/>\n<strong>Orientador:<\/strong> Prof. Gines Arturo Santos Falcon<br \/>\n<strong>\u00c1rea de Concentra\u00e7\u00e3o:<\/strong> Estruturas<br \/>\n<strong>Situa\u00e7\u00e3o:<\/strong> Conclu\u00edda \u2013 Novembro &#8211; 2018<br \/>\n<a href=\"https:\/\/uenf.br\/posgraduacao\/engenharia-civil\/dissertacoes-de-mestrado-2018-rodrigo-moulin-ribeiro-pierott\/\">Veja mais<\/a><\/p>\n<\/fieldset>\n<p>&nbsp;<\/p>\n<fieldset>\n<legend>HIDRATA\u00c7\u00c3O E RETRA\u00c7\u00c3O AUT\u00d3GENA DE SISTEMAS CIMENT\u00cdCIOS COM DIFERENTES CINZAS DO BAGA\u00c7O DE CANA-DE-A\u00c7\u00daCAR<\/legend>\n<p style=\"text-align: left\"><strong>Autor: Fabr\u00edcio Lima Barbosa<\/strong><br \/>\n<strong>Orientador:<\/strong> Prof. Guilherme Chagas Cordeiro<br \/>\n<strong>\u00c1rea de Concentra\u00e7\u00e3o:<\/strong> Estruturas<br \/>\n<strong>Situa\u00e7\u00e3o:<\/strong> Conclu\u00edda \u2013 outubro &#8211; 2018<br \/>\n<a href=\"https:\/\/uenf.br\/posgraduacao\/engenharia-civil\/dissertacoes-de-mestrado-2018-fabricio-lima-barbosa\/\">Veja mais<\/a><\/p>\n<\/fieldset>\n<p>&nbsp;<\/p>\n<fieldset>\n<legend>TEORIA\u00a0 ATRITO\u00a0 &#8211;\u00a0 CISALHAMENTO EM CONCRETOS DE DIFERENTES RESIST\u00caNCIAS E DENSIDADES ATRAV\u00c9S DO ENSAIO DE PUSH-OFF<\/legend>\n<p style=\"text-align: left\"><strong>Autor: Tha\u00eds Amaral Soares<\/strong><br \/>\n<strong>Orientador:<\/strong> Prof. Sergio Luis Gonz\u00e1lez Garcia<br \/>\n<strong>\u00c1rea de Concentra\u00e7\u00e3o:<\/strong> Estruturas<br \/>\n<strong>Situa\u00e7\u00e3o:<\/strong> Conclu\u00edda \u2013 setembro &#8211; 2018<br \/>\n<a href=\"https:\/\/uenf.br\/posgraduacao\/engenharia-civil\/dissertacoes-de-mestrado-2018-thais-amaral-soares\/\">Veja mais<\/a><\/p>\n<\/fieldset>\n<p>&nbsp;<\/p>\n<fieldset>\n<legend>MODELAGEM F\u00cdSICA DE TRANSFER\u00caNCIA DE CALOR E MELHORAMENTO T\u00c9RMICO EM ARGILA<\/legend>\n<p style=\"text-align: left\"><strong>Autor: Jo\u00e3o Alberto Machado Leite<\/strong><br \/>\n<strong>Orientador:<\/strong> Prof. S\u00e9rgio Tibana<br \/>\n<strong>\u00c1rea de Concentra\u00e7\u00e3o:<\/strong> Geotecnia<br \/>\n<strong>Situa\u00e7\u00e3o:<\/strong> Conclu\u00edda \u2013 setembro &#8211; 2018<br \/>\n<a href=\"https:\/\/uenf.br\/posgraduacao\/engenharia-civil\/dissertacoes-de-mestrado-2018-joao-victor-silva-rangel-2\/\">Veja mais<\/a><\/p>\n<\/fieldset>\n<p>&nbsp;<\/p>\n<fieldset>\n<legend>PROJETO \u00d3TIMO DE P\u00d3RTICOS DE A\u00c7O COM LIGA\u00c7\u00d5ES SEMIRR\u00cdGIDAS UTILIZANDO ALGORITMOS GEN\u00c9TICOS E ELEMENTOS FINITOS H\u00cdBRIDOS<\/legend>\n<p style=\"text-align: left\"><strong>Autor: S\u00e9rgio da Silva Ferreira J\u00fanior<\/strong><br \/>\n<strong>Orientador:<\/strong> Prof. Gines Arturo Santos Falc\u00f3n<br \/>\n<strong>\u00c1rea de Concentra\u00e7\u00e3o:<\/strong> Estruturas<br \/>\n<strong>Situa\u00e7\u00e3o:<\/strong> Conclu\u00edda \u2013 julho &#8211; 2018<br \/>\n<a href=\"https:\/\/uenf.br\/posgraduacao\/engenharia-civil\/dissertacoes-de-mestrado-2018-sergio-da-silva-ferreira-junior\/\">Veja mais<\/a><\/p>\n<\/fieldset>\n<p>&nbsp;<\/p>\n<fieldset>\n<legend>AN\u00c1LISE DO EFEITO DA SALINIDADE MARINHA NA DURABILIDADE DE CER\u00c2MICOS VERMELHOS CALCINADOS EM DIFERENTES TEMPERATURAS<\/legend>\n<p style=\"text-align: left\"><strong>Autor: Mairyanne Silva Silveira Souza<\/strong><br \/>\n<strong>Orientador:<\/strong> Prof. Jonas Alexandre<br \/>\n<strong>\u00c1rea de Concentra\u00e7\u00e3o:<\/strong> Estruturas<br \/>\n<strong>Situa\u00e7\u00e3o:<\/strong> Conclu\u00edda \u2013 junho &#8211; 2018<br \/>\n<a href=\"https:\/\/uenf.br\/posgraduacao\/engenharia-civil\/dissertacoes-de-mestrado-2018-mairyanne-silva-silveira-souza\/\">Veja mais<\/a><\/p>\n<\/fieldset>\n<p>&nbsp;<\/p>\n<fieldset>\n<legend>AN\u00c1LISE DO COMPORTAMENTO T\u00c9RMICO DE VIGAS MISTAS A\u00c7O-CONCRETO SUBMETIDAS A INC\u00caNDIO<\/legend>\n<p style=\"text-align: left\"><strong>Autor: MATEUS DE SOUZA FURRIEL DIAS<\/strong><br \/>\n<strong>Orientador:<\/strong> Prof. V\u00e2nia Jose Karam<br \/>\n<strong>\u00c1rea de Concentra\u00e7\u00e3o:<\/strong> Estruturas<br \/>\n<strong>Situa\u00e7\u00e3o:<\/strong> Conclu\u00edda \u2013 maio &#8211; 2018<br \/>\n<a href=\"https:\/\/uenf.br\/posgraduacao\/engenharia-civil\/dissertacoes-de-mestrado-2018-mateus-de-souza-furriel-dias\/\">Veja mais<\/a><\/p>\n<\/fieldset>\n<p>&nbsp;<\/p>\n<fieldset>\n<legend>SIMULA\u00c7\u00c3O NUM\u00c9RICA DA RESIST\u00caNCIA AO ARRANCAMENTO VERTICAL DE ESTACAS DE SUC\u00c7\u00c3O ATRAV\u00c9S DO M\u00c9TODO DOS ELEMENTOS FINITOS<\/legend>\n<p style=\"text-align: left\"><strong>Autor: Elisa Maria Benevenuto Barreto Tavares<\/strong><br \/>\n<strong>Orientador:<\/strong> Prof. Aldo Durand Farfan<br \/>\n<strong>\u00c1rea de Concentra\u00e7\u00e3o:<\/strong> Geotecnia<br \/>\n<strong>Situa\u00e7\u00e3o:<\/strong> Conclu\u00edda \u2013 Abril &#8211; 2018<br \/>\n<a href=\"https:\/\/uenf.br\/posgraduacao\/engenharia-civil\/dissertacoes-de-mestrado-2018-elisa-maria-benevenuto-barreto-tavares\/\">Veja mais<\/a><\/p>\n<\/fieldset>\n<p>&nbsp;<\/p>\n<fieldset>\n<legend>DIMENSIONAMENTO \u00d3TIMO DE P\u00d3RTICOS PLANOS DE A\u00c7O COM LIGA\u00c7\u00d5ES SEMIRR\u00cdGIDAS CONSIDERANDO AN\u00c1LISE N\u00c3O-LINEAR GEOM\u00c9TRICA<\/legend>\n<p style=\"text-align: left\"><strong>Autor: Jo\u00e3o Victor Silva Rangel<\/strong><br \/>\n<strong>Orientador:<\/strong> Prof. Gines Arturo Santos Falc\u00f3n<br \/>\n<strong>\u00c1rea de Concentra\u00e7\u00e3o:<\/strong> Estruturas<br \/>\n<strong>Situa\u00e7\u00e3o:<\/strong> Conclu\u00edda \u2013 abril &#8211; 2018<br \/>\n<a href=\"https:\/\/uenf.br\/posgraduacao\/engenharia-civil\/dissertacoes-de-mestrado-2018-joao-victor-silva-rangel\/\">Veja mais<\/a><\/p>\n<\/fieldset>\n<p>&nbsp;<\/p>\n<fieldset>\n<legend>DETEC\u00c7\u00c3O DE PATOLOGIA EM REVESTIMENTO CER\u00c2MICO VISANDO UMA NOVA ALTERNATIVA DE ENSAIO N\u00c3O DESTRUTIVO<\/legend>\n<p style=\"text-align: left\"><strong>Autor: Diogo Florencio Pessanha<\/strong><br \/>\n<strong>Orientador:<\/strong> Prof. Jonas Alexandre<br \/>\n<strong>\u00c1rea de Concentra\u00e7\u00e3o:<\/strong> Estruturas<br \/>\n<strong>Situa\u00e7\u00e3o:<\/strong> Conclu\u00edda \u2013 Abril &#8211; 2018<br \/>\n<a href=\"https:\/\/uenf.br\/posgraduacao\/engenharia-civil\/dissertacoes-de-mestrado-2018-diogo-florencio-pessanha\/\">Veja mais<\/a><\/p>\n<\/fieldset>\n<p>&nbsp;<\/p>\n<fieldset>\n<legend>HIDRATA\u00c7\u00c3O DE SISTEMAS CIMENT\u00cdCIOS COM CINZAS DO BAGA\u00c7O DA CANA-DE-A\u00c7\u00daCAR ULTRAFINAS PRODUZIDAS EM QUEIMA CONJUGADA E MOAGEM CONTROLADAS<\/legend>\n<p style=\"text-align: left\"><strong>Autor: Pryscila Vinco Andre\u00e3o<\/strong><br \/>\n<strong>Orientador:<\/strong> Prof. Guilherme Chagas Cordeiro<br \/>\n<strong>\u00c1rea de Concentra\u00e7\u00e3o:<\/strong> Estruturas<br \/>\n<strong>Situa\u00e7\u00e3o:<\/strong> Conclu\u00edda \u2013 Abril &#8211; 2018<br \/>\n<a href=\"https:\/\/uenf.br\/posgraduacao\/engenharia-civil\/dissertacoes-de-mestrado-2018-pryscila-vinco-andreao\/\">Veja mais<\/a><\/p>\n<\/fieldset>\n<p>&nbsp;<\/p>\n<fieldset>\n<legend>ESTUDO DO FATOR DE COLAPSO EM PROBLEMAS GEOT\u00c9CNICOS<\/legend>\n<p style=\"text-align: left\"><strong>Autor: Carlos Eduardo Couto Conegundes<\/strong><br \/>\n<strong>Orientador:<\/strong> Prof. Aldo Durand Farf\u00e1n<br \/>\n<strong>\u00c1rea de Concentra\u00e7\u00e3o:<\/strong> Geotecnia<br \/>\n<strong>Situa\u00e7\u00e3o:<\/strong> Conclu\u00edda \u2013 Fevereiro &#8211; 2018<br \/>\n<a href=\"https:\/\/uenf.br\/posgraduacao\/engenharia-civil\/dissertacoes-de-mestrado-2018-carlos-eduardo-couto-conegundes\/\">Veja mais<\/a><\/p>\n<\/fieldset>\n<p>&nbsp;<\/p>\n<fieldset>\n<legend>DESENVOLVIMENTO DE UM ADITIVO PARA ARGAMASSAS DE M\u00daLTIPLO USO COM UMA COMPOSI\u00c7\u00c3O ARGILA-CALC\u00c1RIO<\/legend>\n<p style=\"text-align: left\"><strong>Autor: Markssuel Teixeira Marvila<\/strong><br \/>\n<strong>Orientador:<\/strong> Prof. Jonas Alexandre<br \/>\n<strong>\u00c1rea de Concentra\u00e7\u00e3o:<\/strong> Estruturas<br \/>\n<strong>Situa\u00e7\u00e3o:<\/strong> Conclu\u00edda \u2013 Mar\u00e7o &#8211; 2018<br \/>\n<a href=\"https:\/\/uenf.br\/posgraduacao\/engenharia-civil\/dissertacoes-de-mestrado-2018-markssuel-teixeira-marvila\/\">Veja mais<\/a><\/p>\n<\/fieldset>\n<p>&nbsp;<\/p>\n<fieldset>\n<legend>DETERMINA\u00c7\u00c3O DAS PROPRIEDADES F\u00cdSICAS, QU\u00cdMICAS E MEC\u00c2NICAS DE ARGAMASSAS \u00c0 BASE DE METACAULIM ATIVADO POR NaOH, KOH e NaOH + KOH<br \/>\n<\/legend>\n<p style=\"text-align: left\"><strong>Autor: Alexandre Magno Alves de Oliveira<\/strong><br \/>\n<strong>Orientador:<\/strong> Prof. Dylmar Penteado Dias<br \/>\n<strong>\u00c1rea de Concentra\u00e7\u00e3o:<\/strong> Estruturas<br \/>\n<strong>Situa\u00e7\u00e3o:<\/strong> Conclu\u00edda \u2013 Janeiro &#8211; 2018<br \/>\n<a href=\"https:\/\/uenf.br\/posgraduacao\/engenharia-civil\/dissertacoes-de-mestrado-2018-alexandre-magno-alves-de-oliveira\/\">Veja mais<\/a><\/p>\n<\/fieldset>\n<p>&nbsp;<\/p>\n<p><strong>Disserta\u00e7\u00f5es<\/strong><\/p>\n<p><a href=\"https:\/\/uenf.br\/posgraduacao\/engenharia-civil\/2026-2\/\">2026<\/a> &#8211; <a href=\"https:\/\/uenf.br\/posgraduacao\/engenharia-civil\/2025-2\/\">2025<\/a> &#8211;\u00a0<a href=\"https:\/\/uenf.br\/posgraduacao\/engenharia-civil\/2024-2\/\">2024<\/a> &#8211; <a href=\"https:\/\/uenf.br\/posgraduacao\/engenharia-civil\/2023-2\/\">2023<\/a> &#8211;\u00a0<a href=\"https:\/\/uenf.br\/posgraduacao\/engenharia-civil\/dissertacoes-de-mestrado-2022\/\">2022<\/a> &#8211; <a href=\"https:\/\/uenf.br\/posgraduacao\/engenharia-civil\/teses-e-dissertacoes\/dissertacao-de-mestrado-2021\/\">2021<\/a> &#8211; <a href=\"https:\/\/uenf.br\/posgraduacao\/engenharia-civil\/dissertacoes-de-mestrado-2020\/\">2020<\/a> &#8211; <a href=\"https:\/\/uenf.br\/posgraduacao\/engenharia-civil\/dissertacao-de-mestrado-2019\/\">2019<\/a> &#8211;\u00a0<a href=\"https:\/\/uenf.br\/posgraduacao\/engenharia-civil\/dissertacao-de-mestrado-2018\/\">2018<\/a> &#8211;\u00a0<a href=\"https:\/\/uenf.br\/posgraduacao\/engenharia-civil\/dissertacoes-de-mestrado-2017\/\">2017<\/a> &#8211;\u00a0<a href=\"https:\/\/uenf.br\/posgraduacao\/engenharia-civil\/dissertacoes-de-mestrado-2016\/\">2016<\/a>\u00a0&#8211;\u00a0<a href=\"https:\/\/uenf.br\/posgraduacao\/engenharia-civil\/dissertacoes-de-mestrado\/dissertacoes-de-metrado-2015\/\">2015 <\/a>&#8211; <a href=\"https:\/\/uenf.br\/posgraduacao\/engenharia-civil\/dissertacoes-de-mestrado\/dissertacoes-de-mestrado-2014\/\">2014 <\/a>&#8211; <a href=\"https:\/\/uenf.br\/posgraduacao\/engenharia-civil\/dissertacoes-de-mestrado\/dissertacoes-de-mestrado-2013\/\">2013 <\/a>&#8211; <a href=\"https:\/\/uenf.br\/posgraduacao\/engenharia-civil\/dissertacoes-de-mestrado\/dissertacoes-de-mestrado-2012\/\">2012 <\/a>&#8211; <a href=\"https:\/\/uenf.br\/posgraduacao\/engenharia-civil\/dissertacoes-de-mestrado\/dissertacoes-de-mestrado-2011\/\">2011<\/a> &#8211; <a href=\"https:\/\/uenf.br\/posgraduacao\/engenharia-civil\/dissertacoes-de-mestrado\/dissertacoes-de-mestrado-2010\/\">2010 <\/a>&#8211; <a href=\"https:\/\/uenf.br\/posgraduacao\/engenharia-civil\/dissertacoes-de-mestrado\/dissertacoes-de-mestrado-2009\/\">2009 <\/a>&#8211; <a href=\"https:\/\/uenf.br\/posgraduacao\/engenharia-civil\/dissertacoes-de-mestrado\/dissertacoes-de-mestrado-2008\/\">2008 <\/a>&#8211; <a href=\"https:\/\/uenf.br\/posgraduacao\/engenharia-civil\/dissertacoes-de-mestrado\/dissertacoes-de-mestrado-2007\/\">2007 <\/a>&#8211; <a href=\"https:\/\/uenf.br\/posgraduacao\/engenharia-civil\/dissertacoes-de-mestrado\/dissertacoes-de-mestrado-2006\/\" target=\"_blank\" rel=\"noopener noreferrer\">2006 <\/a>&#8211; <a href=\"https:\/\/uenf.br\/posgraduacao\/engenharia-civil\/dissertacoes-de-mestrado\/dissertacoes-de-mestrado-2005\/\">2005<\/a> &#8211; <a href=\"https:\/\/uenf.br\/posgraduacao\/engenharia-civil\/dissertacoes-de-mestrado\/dissertacoes-de-mestrado-2004\/\">2004\u00a0<\/a>&#8211; <a href=\"https:\/\/uenf.br\/posgraduacao\/engenharia-civil\/dissertacoes-de-mestrado\/dissertacoes-de-mestrado-2003\/\">2003<\/a><\/p>","protected":false},"excerpt":{"rendered":"<p>&nbsp; MODELAGEM CENTR\u00cdFUGA DE DUTO SUJEITO A IMPACTO DE DESLIZAMENTO SUBMARINO Autor: Talytha Martins Fonte Boa Santos Orientador: Prof. S\u00e9rgio&#8230;<\/p>\n","protected":false},"author":7,"featured_media":0,"parent":0,"menu_order":0,"comment_status":"closed","ping_status":"closed","template":"","meta":{"footnotes":""},"class_list":["post-2153","page","type-page","status-publish","hentry"],"_links":{"self":[{"href":"https:\/\/uenf.br\/posgraduacao\/engenharia-civil\/wp-json\/wp\/v2\/pages\/2153","targetHints":{"allow":["GET"]}}],"collection":[{"href":"https:\/\/uenf.br\/posgraduacao\/engenharia-civil\/wp-json\/wp\/v2\/pages"}],"about":[{"href":"https:\/\/uenf.br\/posgraduacao\/engenharia-civil\/wp-json\/wp\/v2\/types\/page"}],"author":[{"embeddable":true,"href":"https:\/\/uenf.br\/posgraduacao\/engenharia-civil\/wp-json\/wp\/v2\/users\/7"}],"replies":[{"embeddable":true,"href":"https:\/\/uenf.br\/posgraduacao\/engenharia-civil\/wp-json\/wp\/v2\/comments?post=2153"}],"version-history":[{"count":0,"href":"https:\/\/uenf.br\/posgraduacao\/engenharia-civil\/wp-json\/wp\/v2\/pages\/2153\/revisions"}],"wp:attachment":[{"href":"https:\/\/uenf.br\/posgraduacao\/engenharia-civil\/wp-json\/wp\/v2\/media?parent=2153"}],"curies":[{"name":"wp","href":"https:\/\/api.w.org\/{rel}","templated":true}]}}