{"id":217,"date":"2015-09-04T14:12:32","date_gmt":"2015-09-04T14:12:32","guid":{"rendered":"http:\/\/uenf.br\/posgraduacao\/engenharia-civil\/?page_id=217"},"modified":"2026-02-03T11:28:44","modified_gmt":"2026-02-03T11:28:44","slug":"linhas-de-pesquisa-da-area-de-estruturas","status":"publish","type":"page","link":"https:\/\/uenf.br\/posgraduacao\/engenharia-civil\/linhas-de-pesquisa-2\/linhas-de-pesquisa-da-area-de-estruturas\/","title":{"rendered":"Linhas de Pesquisa da \u00c1rea de Estruturas"},"content":{"rendered":"<p>&nbsp;<\/p>\n<ol>\n<li><strong> Materiais e tecnologias n\u00e3o convencionais<\/strong><\/li>\n<\/ol>\n<p>Projeto 1 \u2013 Desenvolvimento de materiais alternativos para as ind\u00fastrias de argamassa, concreto e cer\u00e2mica<\/p>\n<p>Projeto 2 &#8211; Produ\u00e7\u00e3o e caracteriza\u00e7\u00e3o de misturas ciment\u00edcias e pozolanas ultrafinas (Coordenador: Prof. Guilherme Cordeiro)<\/p>\n<p>Projeto 3 &#8211; Produ\u00e7\u00e3o e caracteriza\u00e7\u00e3o de geopol\u00edmeros<\/p>\n<p><strong>\u00a0<\/strong><\/p>\n<ol start=\"2\">\n<li><strong> An\u00e1lise experimental, modelagem num\u00e9rica e simula\u00e7\u00f5es computacionais de Estruturas<\/strong><\/li>\n<\/ol>\n<p>Projeto 4 &#8211; An\u00e1lise num\u00e9rica e experimental de estruturas (Coordenador: Prof. Gines Falcon)<\/p>\n","protected":false},"excerpt":{"rendered":"<p>&nbsp; Materiais e tecnologias n\u00e3o convencionais Projeto 1 \u2013 Desenvolvimento de materiais alternativos para as ind\u00fastrias de argamassa, concreto e&#8230;<\/p>\n","protected":false},"author":8,"featured_media":0,"parent":214,"menu_order":1,"comment_status":"closed","ping_status":"closed","template":"","meta":{"footnotes":""},"class_list":["post-217","page","type-page","status-publish","hentry"],"_links":{"self":[{"href":"https:\/\/uenf.br\/posgraduacao\/engenharia-civil\/wp-json\/wp\/v2\/pages\/217","targetHints":{"allow":["GET"]}}],"collection":[{"href":"https:\/\/uenf.br\/posgraduacao\/engenharia-civil\/wp-json\/wp\/v2\/pages"}],"about":[{"href":"https:\/\/uenf.br\/posgraduacao\/engenharia-civil\/wp-json\/wp\/v2\/types\/page"}],"author":[{"embeddable":true,"href":"https:\/\/uenf.br\/posgraduacao\/engenharia-civil\/wp-json\/wp\/v2\/users\/8"}],"replies":[{"embeddable":true,"href":"https:\/\/uenf.br\/posgraduacao\/engenharia-civil\/wp-json\/wp\/v2\/comments?post=217"}],"version-history":[{"count":0,"href":"https:\/\/uenf.br\/posgraduacao\/engenharia-civil\/wp-json\/wp\/v2\/pages\/217\/revisions"}],"up":[{"embeddable":true,"href":"https:\/\/uenf.br\/posgraduacao\/engenharia-civil\/wp-json\/wp\/v2\/pages\/214"}],"wp:attachment":[{"href":"https:\/\/uenf.br\/posgraduacao\/engenharia-civil\/wp-json\/wp\/v2\/media?parent=217"}],"curies":[{"name":"wp","href":"https:\/\/api.w.org\/{rel}","templated":true}]}}