{"id":2184,"date":"2018-05-04T14:33:54","date_gmt":"2018-05-04T14:33:54","guid":{"rendered":"http:\/\/uenf.br\/posgraduacao\/engenharia-civil\/?page_id=2184"},"modified":"2025-09-29T02:51:25","modified_gmt":"2025-09-29T02:51:25","slug":"pos-doutorado","status":"publish","type":"page","link":"https:\/\/uenf.br\/posgraduacao\/engenharia-civil\/processos-seletivos\/pos-doutorado\/","title":{"rendered":"P\u00f3s-Doutorado"},"content":{"rendered":"<p><strong>Editais:\u00a0<\/strong><\/p>\n<p><a href=\"http:\/\/uenf.br\/posgraduacao\/engenharia-civil\/wp-content\/uploads\/sites\/3\/2018\/08\/CI-055-Comunica\u00e7\u00e3o-de-aprova\u00e7\u00e3o-PNPD-Rances-Castillo-Lara.pdf\">Edital 2\/2018 &#8211; Resultado Final &#8211; EDITAL ENCERRADO!<\/a><\/p>\n<p>2\/2018 &#8211;\u00a0<a href=\"http:\/\/uenf.br\/posgraduacao\/engenharia-civil\/wp-content\/uploads\/sites\/3\/2018\/06\/EDITAL-PNPD_2018-2.pdf\">Download aqui<\/a>\u00a0&#8211; Inscri\u00e7\u00f5es at\u00e9 29\/07\/2018<\/p>\n<p>1\/2018 &#8211;\u00a0<a href=\"http:\/\/uenf.br\/posgraduacao\/engenharia-civil\/wp-content\/uploads\/sites\/3\/2018\/05\/EDITAL-PNPD_2018-1.pdf\">Download Aqui<\/a>\u00a0&#8211; Inscri\u00e7\u00f5es at\u00e9 29\/06\/2018<\/p>\n<p>&nbsp;<\/p>","protected":false},"excerpt":{"rendered":"<p>Editais:\u00a0 Edital 2\/2018 &#8211; Resultado Final &#8211; EDITAL ENCERRADO! 2\/2018 &#8211;\u00a0Download aqui\u00a0&#8211; Inscri\u00e7\u00f5es at\u00e9 29\/07\/2018 1\/2018 &#8211;\u00a0Download Aqui\u00a0&#8211; Inscri\u00e7\u00f5es at\u00e9&#8230;<\/p>\n","protected":false},"author":7,"featured_media":0,"parent":2180,"menu_order":1,"comment_status":"closed","ping_status":"closed","template":"","meta":{"footnotes":""},"class_list":["post-2184","page","type-page","status-publish","hentry"],"_links":{"self":[{"href":"https:\/\/uenf.br\/posgraduacao\/engenharia-civil\/wp-json\/wp\/v2\/pages\/2184","targetHints":{"allow":["GET"]}}],"collection":[{"href":"https:\/\/uenf.br\/posgraduacao\/engenharia-civil\/wp-json\/wp\/v2\/pages"}],"about":[{"href":"https:\/\/uenf.br\/posgraduacao\/engenharia-civil\/wp-json\/wp\/v2\/types\/page"}],"author":[{"embeddable":true,"href":"https:\/\/uenf.br\/posgraduacao\/engenharia-civil\/wp-json\/wp\/v2\/users\/7"}],"replies":[{"embeddable":true,"href":"https:\/\/uenf.br\/posgraduacao\/engenharia-civil\/wp-json\/wp\/v2\/comments?post=2184"}],"version-history":[{"count":0,"href":"https:\/\/uenf.br\/posgraduacao\/engenharia-civil\/wp-json\/wp\/v2\/pages\/2184\/revisions"}],"up":[{"embeddable":true,"href":"https:\/\/uenf.br\/posgraduacao\/engenharia-civil\/wp-json\/wp\/v2\/pages\/2180"}],"wp:attachment":[{"href":"https:\/\/uenf.br\/posgraduacao\/engenharia-civil\/wp-json\/wp\/v2\/media?parent=2184"}],"curies":[{"name":"wp","href":"https:\/\/api.w.org\/{rel}","templated":true}]}}