{"id":2195,"date":"2018-05-09T18:37:19","date_gmt":"2018-05-09T18:37:19","guid":{"rendered":"http:\/\/uenf.br\/posgraduacao\/engenharia-civil\/?page_id=2195"},"modified":"2018-05-10T11:14:19","modified_gmt":"2018-05-10T11:14:19","slug":"dissertacoes-de-mestrado-2018-markssuel-teixeira-marvila","status":"publish","type":"page","link":"https:\/\/uenf.br\/posgraduacao\/engenharia-civil\/dissertacoes-de-mestrado-2018-markssuel-teixeira-marvila\/","title":{"rendered":"Disserta\u00e7\u00f5es de Mestrado 2018 &#8211; MARKSSUEL TEIXEIRA MARVILA"},"content":{"rendered":"<p><\/p>\n<p style=\"text-align: justify\">Resumo<\/p>\n<p style=\"text-align: justify\">Argamassas de m\u00faltiplo uso s\u00e3o materiais de constru\u00e7\u00e3o, usualmente compostas de\u00a0cimento, cal hidratada, areia e \u00e1gua, utilizadas para assentamento de blocos e para\u00a0revestimento de paredes. Para cumprir essas fun\u00e7\u00f5es, as principais propriedades\u00a0almejadas para esse material s\u00e3o ader\u00eancia com o substrato e trabalhabilidade. O uso\u00a0da cal hidratada \u00e9 justificado por causa dessa \u00faltima propriedade destacada. Por\u00e9m,\u00a0esse aglomerante apresenta elevado valor comercial e sua produ\u00e7\u00e3o emite milhares\u00a0de toneladas de gases poluentes. Em fun\u00e7\u00e3o disso, o objetivo deste trabalho \u00e9\u00a0desenvolver e avaliar um aditivo contendo uma composi\u00e7\u00e3o de argila e res\u00edduo de\u00a0calc\u00e1rio proveniente de uma ind\u00fastria de m\u00e1rmore ornamental para substituir a cal\u00a0hidratada em argamassas de m\u00faltiplo uso, gerando vantagens econ\u00f4micas e\u00a0ambientais. A escolha da argila \u00e9 em fun\u00e7\u00e3o de suas propriedades de plasticidade e\u00a0por causa do seu uso j\u00e1 consagrado em argamassa de m\u00faltiplo uso, enquanto o uso\u00a0do res\u00edduo \u00e9 justificado por sua similaridade qu\u00edmica, mineral\u00f3gica e granulom\u00e9trica\u00a0com a cal hidratada. Para atingir o objetivo foram realizados ensaios de caracteriza\u00e7\u00e3o\u00a0da argila, do res\u00edduo de calc\u00e1rio e da cal hidratada e testes em argamassas na\u00a0composi\u00e7\u00e3o 1:1:6, contendo diversas propor\u00e7\u00f5es de argila e calc\u00e1rio substituindo\u00a0parcialmente e totalmente a cal hidratada. Os ensaios realizados foram o de\u00a0consist\u00eancia, squeeze flow, densidade de massa no estado fresco e teor de ar\u00a0incorporado, reten\u00e7\u00e3o de \u00e1gua, densidade de massa no estado endurecido,\u00a0resist\u00eancia \u00e0 compress\u00e3o, resist\u00eancia \u00e0 tra\u00e7\u00e3o na flex\u00e3o, absor\u00e7\u00e3o de \u00e1gua por\u00a0capilaridade, absor\u00e7\u00e3o de \u00e1gua por imers\u00e3o e \u00edndice de vazios e de resist\u00eancia \u00e0\u00a0ader\u00eancia \u00e0 tra\u00e7\u00e3o. Os resultados foram comparados aos obtidos por outros autores,\u00a0e tratados atrav\u00e9s de ANOVA e Teste de Tukey, coeficiente de correla\u00e7\u00e3o de Pearson,\u00a0An\u00e1lise Hier\u00e1rquica de Pesos (AHP) e rede simplex. Os resultados demonstram a\u00a0possibilidade da substitui\u00e7\u00e3o da 1 parte de cal hidratada por 0,44 a 0,55 partes de\u00a0argila e 0,45 a 0,56 partes de res\u00edduo de calc\u00e1rio, tendo sido obtido dessa forma o\u00a0objetivo proposto.<\/p>\n<p style=\"text-align: right\"><a href=\"https:\/\/uenf.br\/posgraduacao\/engenharia-civil\/wp-content\/uploads\/sites\/3\/2018\/05\/Vers\u00e3o-Final.pdf\">Download aqui<\/a><\/p>\n<p><\/p>","protected":false},"excerpt":{"rendered":"<p>Resumo Argamassas de m\u00faltiplo uso s\u00e3o materiais de constru\u00e7\u00e3o, usualmente compostas de\u00a0cimento, cal hidratada, areia e \u00e1gua, utilizadas para assentamento&#8230;<\/p>\n","protected":false},"author":7,"featured_media":0,"parent":0,"menu_order":0,"comment_status":"closed","ping_status":"closed","template":"","meta":{"footnotes":""},"class_list":["post-2195","page","type-page","status-publish","hentry"],"_links":{"self":[{"href":"https:\/\/uenf.br\/posgraduacao\/engenharia-civil\/wp-json\/wp\/v2\/pages\/2195","targetHints":{"allow":["GET"]}}],"collection":[{"href":"https:\/\/uenf.br\/posgraduacao\/engenharia-civil\/wp-json\/wp\/v2\/pages"}],"about":[{"href":"https:\/\/uenf.br\/posgraduacao\/engenharia-civil\/wp-json\/wp\/v2\/types\/page"}],"author":[{"embeddable":true,"href":"https:\/\/uenf.br\/posgraduacao\/engenharia-civil\/wp-json\/wp\/v2\/users\/7"}],"replies":[{"embeddable":true,"href":"https:\/\/uenf.br\/posgraduacao\/engenharia-civil\/wp-json\/wp\/v2\/comments?post=2195"}],"version-history":[{"count":0,"href":"https:\/\/uenf.br\/posgraduacao\/engenharia-civil\/wp-json\/wp\/v2\/pages\/2195\/revisions"}],"wp:attachment":[{"href":"https:\/\/uenf.br\/posgraduacao\/engenharia-civil\/wp-json\/wp\/v2\/media?parent=2195"}],"curies":[{"name":"wp","href":"https:\/\/api.w.org\/{rel}","templated":true}]}}