{"id":2208,"date":"2018-05-21T11:58:39","date_gmt":"2018-05-21T11:58:39","guid":{"rendered":"http:\/\/uenf.br\/posgraduacao\/engenharia-civil\/?page_id=2208"},"modified":"2018-05-21T12:04:18","modified_gmt":"2018-05-21T12:04:18","slug":"dissertacoes-de-mestrado-2018-carlos-eduardo-couto-conegundes","status":"publish","type":"page","link":"https:\/\/uenf.br\/posgraduacao\/engenharia-civil\/dissertacoes-de-mestrado-2018-carlos-eduardo-couto-conegundes\/","title":{"rendered":"Disserta\u00e7\u00f5es de Mestrado 2018 &#8211; Carlos Eduardo Couto Conegundes"},"content":{"rendered":"<p><\/p>\n<p style=\"text-align: justify\">Resumo<br \/>\nEste trabalho tem como objetivo principal apresentar a aplica\u00e7\u00e3o da An\u00e1lise Limite Num\u00e9rica a problemas geot\u00e9cnicos de estabilidade. A An\u00e1lise Limite est\u00e1 fundamentada em teoremas da plasticidade. Seu tratamento num\u00e9rico envolve o uso do M\u00e9todo dos Elementos Finitos (MEF) e de t\u00e9cnicas de programa\u00e7\u00e3o matem\u00e1tica. Empregou-se, para tanto, a programa\u00e7\u00e3o c\u00f4nica de segunda ordem (ou quadr\u00e1tica), que tem demonstrado grande efic\u00e1cia na resolu\u00e7\u00e3o de problemas de grande escala. Inicialmente, faz-se uma revis\u00e3o das formula\u00e7\u00f5es da an\u00e1lise limite via MEF encontradas na literatura existente. Em seguida, desenvolve-se a implementa\u00e7\u00e3o num\u00e9rica do m\u00e9todo. Por fim, s\u00e3o apresentadas tr\u00eas aplica\u00e7\u00f5es para valida\u00e7\u00e3o da ferramenta desenvolvida: an\u00e1lise de estabilidade de taludes, c\u00e1lculo de capacidade de carga de funda\u00e7\u00e3o rasa e c\u00e1lculo de resist\u00eancia ao arrancamento de dutos enterrados.<\/p>\n<p style=\"text-align: right\"><a href=\"https:\/\/uenf.br\/posgraduacao\/engenharia-civil\/wp-content\/uploads\/sites\/3\/2018\/05\/ESTUDO-DO-FATOR-DE-COLAPSO-EM-PROBLEMAS-GEOT\u00c9CNICOS.pdf\">Download Aqui<\/a><\/p>\n<p><\/p>","protected":false},"excerpt":{"rendered":"<p>Resumo Este trabalho tem como objetivo principal apresentar a aplica\u00e7\u00e3o da An\u00e1lise Limite Num\u00e9rica a problemas geot\u00e9cnicos de estabilidade. A&#8230;<\/p>\n","protected":false},"author":7,"featured_media":0,"parent":0,"menu_order":0,"comment_status":"closed","ping_status":"closed","template":"","meta":{"footnotes":""},"class_list":["post-2208","page","type-page","status-publish","hentry"],"_links":{"self":[{"href":"https:\/\/uenf.br\/posgraduacao\/engenharia-civil\/wp-json\/wp\/v2\/pages\/2208","targetHints":{"allow":["GET"]}}],"collection":[{"href":"https:\/\/uenf.br\/posgraduacao\/engenharia-civil\/wp-json\/wp\/v2\/pages"}],"about":[{"href":"https:\/\/uenf.br\/posgraduacao\/engenharia-civil\/wp-json\/wp\/v2\/types\/page"}],"author":[{"embeddable":true,"href":"https:\/\/uenf.br\/posgraduacao\/engenharia-civil\/wp-json\/wp\/v2\/users\/7"}],"replies":[{"embeddable":true,"href":"https:\/\/uenf.br\/posgraduacao\/engenharia-civil\/wp-json\/wp\/v2\/comments?post=2208"}],"version-history":[{"count":0,"href":"https:\/\/uenf.br\/posgraduacao\/engenharia-civil\/wp-json\/wp\/v2\/pages\/2208\/revisions"}],"wp:attachment":[{"href":"https:\/\/uenf.br\/posgraduacao\/engenharia-civil\/wp-json\/wp\/v2\/media?parent=2208"}],"curies":[{"name":"wp","href":"https:\/\/api.w.org\/{rel}","templated":true}]}}