{"id":2228,"date":"2018-07-03T14:15:25","date_gmt":"2018-07-03T14:15:25","guid":{"rendered":"http:\/\/uenf.br\/posgraduacao\/engenharia-civil\/?page_id=2228"},"modified":"2018-07-04T12:17:22","modified_gmt":"2018-07-04T12:17:22","slug":"dissertacoes-de-mestrado-2018-pryscila-vinco-andreao","status":"publish","type":"page","link":"https:\/\/uenf.br\/posgraduacao\/engenharia-civil\/dissertacoes-de-mestrado-2018-pryscila-vinco-andreao\/","title":{"rendered":"Disserta\u00e7\u00f5es de Mestrado 2018 &#8211; PRYSCILA VINCO ANDRE\u00c3O"},"content":{"rendered":"<p><\/p>\n<p style=\"text-align: justify\">Resumo<\/p>\n<p style=\"text-align: justify\">A presente pesquisa estudou a viabilidade do emprego da cinza do baga\u00e7o da cana-de-a\u00e7\u00facar (CBCA) com elevado teor de carbono em sistemas ciment\u00edcios ap\u00f3s processos controlados de requeima e moagem. Inicialmente, uma CBCA residual foi coletada em uma refinaria de \u00e1lcool e uma parte da amostra foi submetida \u00e0 separa\u00e7\u00e3o por fracionamento densim\u00e9trico para gerar cinzas com diferentes teores de quartzo. As CBCAs foram recalcinadas de maneira conjugada e com dois m\u00e9todos distintos: (1) forno rotativo e mufla, ambos a 600 \u00b0C por 1 h e (2) forno piloto e forno mufla a 600 \u00b0C por 3 h. A cinza resultante da requeima conjugada (1) passou por um processo de moagem com classifica\u00e7\u00e3o para um produto com tamanho m\u00e9dio de 10 \u03bcm e os produtos da queima (2) foram mo\u00eddos em um moinho atritor. Ap\u00f3s produ\u00e7\u00e3o, todas as cinzas foram caracterizadas por meio de ensaios f\u00edsicos e qu\u00edmicos. Um estudo de hidrata\u00e7\u00e3o de pastas com diferentes teores de CBCA em substitui\u00e7\u00e3o ao cimento foi realizado por meio de ensaios de termogravimetria, difratometria de raios X, calorimetria isot\u00e9rmica, microscopia eletr\u00f4nica de varredura e porosimetria por intrus\u00e3o de merc\u00fario. Al\u00e9m disso, o desempenho da CBCA foi avaliado em ensaio de resist\u00eancia \u00e0 compress\u00e3o axial de microconcretos. Os resultados mostraram que os procedimentos controlados de queima e moagem geraram cinzas com caracter\u00edsticas t\u00edpicas de materiais pozol\u00e2nicos. A separa\u00e7\u00e3o densim\u00e9trica promoveu a concentra\u00e7\u00e3o de quartzo na cinza do fundo. As cinzas apresentaram atividade pozol\u00e2nica, assim como elevada superf\u00edcie espec\u00edfica e o desempenho foi inferior para a cinza contendo mais quartzo. A aplica\u00e7\u00e3o das cinzas em pastas promoveu redu\u00e7\u00e3o no calor acumulado total e menor teor de portlandita foi quantificado nas pastas com a cinza. A presen\u00e7a da CBCA nas pastas promoveu refinamento dos poros maiores e aumento da resist\u00eancia mec\u00e2nica dos microconcretos, em especial, em idades avan\u00e7adas. De modo geral, as cinzas se mostraram aptas a serem aplicadas como material ciment\u00edcio suplementar.<\/p>\n<p style=\"text-align: right\"><a href=\"https:\/\/uenf.br\/posgraduacao\/engenharia-civil\/wp-content\/uploads\/sites\/3\/2018\/07\/Dissertacao_Andreao_2018-1.pdf\">Download aqui<\/a><\/p>\n<p><\/p>","protected":false},"excerpt":{"rendered":"<p>Resumo A presente pesquisa estudou a viabilidade do emprego da cinza do baga\u00e7o da cana-de-a\u00e7\u00facar (CBCA) com elevado teor de&#8230;<\/p>\n","protected":false},"author":7,"featured_media":0,"parent":0,"menu_order":0,"comment_status":"closed","ping_status":"closed","template":"","meta":{"footnotes":""},"class_list":["post-2228","page","type-page","status-publish","hentry"],"_links":{"self":[{"href":"https:\/\/uenf.br\/posgraduacao\/engenharia-civil\/wp-json\/wp\/v2\/pages\/2228","targetHints":{"allow":["GET"]}}],"collection":[{"href":"https:\/\/uenf.br\/posgraduacao\/engenharia-civil\/wp-json\/wp\/v2\/pages"}],"about":[{"href":"https:\/\/uenf.br\/posgraduacao\/engenharia-civil\/wp-json\/wp\/v2\/types\/page"}],"author":[{"embeddable":true,"href":"https:\/\/uenf.br\/posgraduacao\/engenharia-civil\/wp-json\/wp\/v2\/users\/7"}],"replies":[{"embeddable":true,"href":"https:\/\/uenf.br\/posgraduacao\/engenharia-civil\/wp-json\/wp\/v2\/comments?post=2228"}],"version-history":[{"count":0,"href":"https:\/\/uenf.br\/posgraduacao\/engenharia-civil\/wp-json\/wp\/v2\/pages\/2228\/revisions"}],"wp:attachment":[{"href":"https:\/\/uenf.br\/posgraduacao\/engenharia-civil\/wp-json\/wp\/v2\/media?parent=2228"}],"curies":[{"name":"wp","href":"https:\/\/api.w.org\/{rel}","templated":true}]}}