{"id":224,"date":"2015-09-04T14:20:32","date_gmt":"2015-09-04T14:20:32","guid":{"rendered":"http:\/\/uenf.br\/posgraduacao\/engenharia-civil\/?page_id=224"},"modified":"2025-10-31T02:19:23","modified_gmt":"2025-10-31T02:19:23","slug":"normas-e-resolucoes-2","status":"publish","type":"page","link":"https:\/\/uenf.br\/posgraduacao\/engenharia-civil\/normas-e-resolucoes-2\/","title":{"rendered":"Regimento, Normas e Resolu\u00e7\u00f5es"},"content":{"rendered":"<p><\/p>\n<h2><strong>Resolu\u00e7\u00f5es do Conselho Universit\u00e1rio da UENF<\/strong><\/h2>\n<p><a href=\"http:\/\/uenf.br\/posgraduacao\/engenharia-civil\/wp-content\/uploads\/sites\/3\/2025\/10\/Normas-Gerais-da-Pos-graduacao.pdf\">Normas Gerais da P\u00f3s-gradua\u00e7\u00e3o<\/a><\/p>\n<p>&nbsp;<\/p>\n<h2><strong>Resolu\u00e7\u00f5es da Comiss\u00e3o Coordenadora do PPGEC<\/strong><\/h2>\n<p><a href=\"http:\/\/uenf.br\/posgraduacao\/engenharia-civil\/wp-content\/uploads\/sites\/3\/2015\/09\/Resolu\u00e7\u00e3o-da-Admiss\u00e3o-no-Programa-LECIV_4633_1257954529.doc\" target=\"_blank\" rel=\"noopener noreferrer\">Resolu\u00e7\u00e3o da Admiss\u00e3o no Programa<\/a><\/p>\n<p><a href=\"http:\/\/uenf.br\/posgraduacao\/engenharia-civil\/wp-content\/uploads\/sites\/3\/2015\/09\/Resolucao-do-Credenciamento-de-Professor-LECIV_4633_1302285954.doc\" target=\"_blank\" rel=\"noopener noreferrer\">Resolu\u00e7\u00e3o do Credenciamento de Professor<\/a><\/p>\n<p><a href=\"http:\/\/uenf.br\/posgraduacao\/engenharia-civil\/wp-content\/uploads\/sites\/3\/2018\/08\/Resolu\u00e7ao-Defesa-de-Tese-001-2017.pdf\">Resolu\u00e7\u00e3o da Defesa de Disserta\u00e7\u00e3o- Composi\u00e7\u00e3o de Banca \u2013 Membro Externo<\/a><\/p>\n<p><a href=\"http:\/\/uenf.br\/posgraduacao\/engenharia-civil\/wp-content\/uploads\/sites\/3\/2015\/09\/Resolucao-da-Disciplina-Seminarios-LECIV_4633_1302285881.doc\" target=\"_blank\" rel=\"noopener noreferrer\">Resolu\u00e7\u00e3o da Disciplina Semin\u00e1rios<\/a><\/p>\n<p><a href=\"http:\/\/uenf.br\/posgraduacao\/engenharia-civil\/wp-content\/uploads\/sites\/3\/2015\/09\/Resolu\u00e7\u00e3o-da-Manuten\u00e7\u00e3o-da-Bolsa-LECIV_4633_1302286790.doc\" target=\"_blank\" rel=\"noopener noreferrer\">Resolu\u00e7\u00e3o da Manuten\u00e7\u00e3o da Bolsa<\/a><\/p>\n<p><a href=\"http:\/\/uenf.br\/posgraduacao\/engenharia-civil\/wp-content\/uploads\/sites\/3\/2015\/09\/Resolu\u00e7\u00e3o-do-Projeto-de-Disserta\u00e7\u00e3o-LECIV_4633_1302285966.doc\" target=\"_blank\" rel=\"noopener noreferrer\">Resolu\u00e7\u00e3o do Projeto de Disserta\u00e7\u00e3o<\/a><\/p>\n<p><a href=\"http:\/\/uenf.br\/posgraduacao\/engenharia-civil\/wp-content\/uploads\/sites\/3\/2015\/09\/Resolu\u00e7\u00e3o-da-Profici\u00eancia-em-L\u00edngua-Inglesa-LECIV_4633_1302285850.doc\" target=\"_blank\" rel=\"noopener noreferrer\">Resolu\u00e7\u00e3o da Profici\u00eancia em L\u00edngua Inglesa<\/a><\/p>\n<p><a href=\"http:\/\/uenf.br\/posgraduacao\/engenharia-civil\/wp-content\/uploads\/sites\/3\/2015\/09\/Resolu\u00e7\u00e3o-da-Tempo-de-Titula\u00e7\u00e3o-de-Mestrado-LECIV_4633_1302286754.doc\" target=\"_blank\" rel=\"noopener noreferrer\">Resolu\u00e7\u00e3o da Tempo de Titula\u00e7\u00e3o de Mestrado<\/a><\/p>\n<p><a href=\"http:\/\/uenf.br\/posgraduacao\/engenharia-civil\/wp-content\/uploads\/sites\/3\/2015\/09\/Exame-de-Qualifica\u00e7\u00e3o.pdf\">Resolu\u00e7\u00e3o do Exame de Qualifica\u00e7\u00e3o<\/a><\/p>\n<p>&nbsp;<\/p>\n<h2><strong>Normas Internas<\/strong><\/h2>\n<p><a href=\"http:\/\/uenf.br\/posgraduacao\/engenharia-civil\/wp-content\/uploads\/sites\/3\/2015\/09\/Normas-para-Elabora\u00e7\u00e3o-de-Teses-e-Disserta\u00e7\u00f5es-LECIV_4633_1186501684.pdf\" target=\"_blank\" rel=\"noopener noreferrer\">Normas para Elabora\u00e7\u00e3o de Teses e Disserta\u00e7\u00f5es<\/a><\/p>\n<p><a href=\"https:\/\/uenf.br\/posgraduacao\/engenharia-civil\/wp-content\/uploads\/sites\/3\/2022\/06\/PPGEC-Procedimento-para-marcacao-de-defesa-e-entrega.pdf\">Procedimentos para marca\u00e7\u00e3o de defesa de disserta\u00e7\u00e3o e entrega da vers\u00e3o final<\/a><\/p>\n<p><a href=\"http:\/\/uenf.br\/posgraduacao\/engenharia-civil\/wp-content\/uploads\/sites\/3\/2019\/10\/Norma-01_2019_-Utiliza\u00e7\u00e3o-da-Sala-de-Modelagem-Computacional.pdf\" target=\"_blank\" rel=\"noopener noreferrer\">Utiliza\u00e7\u00e3o da Sala de Modelagem Computacional<\/a><\/p>\n<p>&nbsp;<\/p>","protected":false},"excerpt":{"rendered":"<p>Resolu\u00e7\u00f5es do Conselho Universit\u00e1rio da UENF Normas Gerais da P\u00f3s-gradua\u00e7\u00e3o &nbsp; Resolu\u00e7\u00f5es da Comiss\u00e3o Coordenadora do PPGEC Resolu\u00e7\u00e3o da Admiss\u00e3o&#8230;<\/p>\n","protected":false},"author":8,"featured_media":0,"parent":0,"menu_order":6,"comment_status":"closed","ping_status":"closed","template":"","meta":{"footnotes":""},"class_list":["post-224","page","type-page","status-publish","hentry"],"_links":{"self":[{"href":"https:\/\/uenf.br\/posgraduacao\/engenharia-civil\/wp-json\/wp\/v2\/pages\/224","targetHints":{"allow":["GET"]}}],"collection":[{"href":"https:\/\/uenf.br\/posgraduacao\/engenharia-civil\/wp-json\/wp\/v2\/pages"}],"about":[{"href":"https:\/\/uenf.br\/posgraduacao\/engenharia-civil\/wp-json\/wp\/v2\/types\/page"}],"author":[{"embeddable":true,"href":"https:\/\/uenf.br\/posgraduacao\/engenharia-civil\/wp-json\/wp\/v2\/users\/8"}],"replies":[{"embeddable":true,"href":"https:\/\/uenf.br\/posgraduacao\/engenharia-civil\/wp-json\/wp\/v2\/comments?post=224"}],"version-history":[{"count":0,"href":"https:\/\/uenf.br\/posgraduacao\/engenharia-civil\/wp-json\/wp\/v2\/pages\/224\/revisions"}],"wp:attachment":[{"href":"https:\/\/uenf.br\/posgraduacao\/engenharia-civil\/wp-json\/wp\/v2\/media?parent=224"}],"curies":[{"name":"wp","href":"https:\/\/api.w.org\/{rel}","templated":true}]}}