{"id":2252,"date":"2018-07-06T12:27:06","date_gmt":"2018-07-06T12:27:06","guid":{"rendered":"http:\/\/uenf.br\/posgraduacao\/engenharia-civil\/?page_id=2252"},"modified":"2018-07-06T12:37:07","modified_gmt":"2018-07-06T12:37:07","slug":"dissertacoes-de-mestrado-2018-mateus-de-souza-furriel-dias","status":"publish","type":"page","link":"https:\/\/uenf.br\/posgraduacao\/engenharia-civil\/dissertacoes-de-mestrado-2018-mateus-de-souza-furriel-dias\/","title":{"rendered":"Disserta\u00e7\u00f5es de Mestrado 2018 &#8211; MATEUS DE SOUZA FURRIEL DIAS"},"content":{"rendered":"<p><\/p>\n<p style=\"text-align: justify\">Resumo<\/p>\n<p style=\"text-align: justify\">Os sistemas estruturais mistos t\u00eam sido bastante utilizados na constru\u00e7\u00e3o civil, tanto no contexto mundial como no Brasil. Pode-se destacar a utiliza\u00e7\u00e3o do elemento estrutural viga mista a\u00e7o-concreto, que consiste na associa\u00e7\u00e3o de vigas de a\u00e7o com lajes de concreto. As vigas mistas a\u00e7o-concreto, assim como qualquer elemento estrutural, quando expostas aos gases quentes do inc\u00eandio, perdem resist\u00eancia e rigidez devido \u00e0 degenera\u00e7\u00e3o das propriedades f\u00edsicas de seus materiais constituintes. O inc\u00eandio constitui um risco consider\u00e1vel \u00e0s propriedades e \u00e0 seguran\u00e7a humana e, dessa forma, a prote\u00e7\u00e3o t\u00e9rmica \u00e9 uma solu\u00e7\u00e3o incorporadora ao sistema construtivo de uma edifica\u00e7\u00e3o. Diante disso, a temperatura atingida por um elemento estrutural durante o inc\u00eandio \u00e9 objeto da an\u00e1lise t\u00e9rmica. Esta disserta\u00e7\u00e3o teve como objetivo realizar a an\u00e1lise t\u00e9rmica de vigas mistas a\u00e7o-concreto em situa\u00e7\u00e3o de inc\u00eandio com e sem material de prote\u00e7\u00e3o t\u00e9rmica dos tipos contorno e caixa. A se\u00e7\u00e3o mista estudada \u00e9 composta por perfis met\u00e1licos do tipo I, conector de cisalhamento stud bolt e laje de concreto. Para a realiza\u00e7\u00e3o dessa an\u00e1lise, foram elaborados modelos num\u00e9ricos bidimensionais no software ABAQUS \u00ae Vers\u00e3o 6.14, que utiliza o M\u00e9todo dos Elementos Finitos (MEF). Como resultados, obt\u00e9m-se conclus\u00f5es sobre o desenvolvimento e comportamento t\u00e9rmico da se\u00e7\u00e3o transversal mista, a efici\u00eancia do material e do tipo de prote\u00e7\u00e3o passiva e como o \u00edndice de aumento de temperatura do perfil do a\u00e7o \u00e9 proporcional ao seu fator de massividade. Al\u00e9m disso, os resultados\u00a0obtidos pela modelagem num\u00e9rica foram comparados com valores obtidos atrav\u00e9s do m\u00e9todo simplificado de c\u00e1lculo prescrito na norma NBR 14323 (ABNT, 2013). Essa compara\u00e7\u00e3o mostrou que, para certo tipo de prote\u00e7\u00e3o e tempo de dura\u00e7\u00e3o de inc\u00eandio, as temperaturas previstas pela Norma Brasileira podem diferir substancialmente daquelas obtidas pela simula\u00e7\u00e3o num\u00e9rica.<\/p>\n<p style=\"text-align: right\"><a href=\"https:\/\/uenf.br\/posgraduacao\/engenharia-civil\/wp-content\/uploads\/sites\/3\/2018\/07\/Disserta\u00e7\u00e3o-Mestrado-UENF-Mateus-de-Souza-Furriel-Dias.pdf\">Download aqui<\/a><\/p>\n<p>&nbsp;<\/p>","protected":false},"excerpt":{"rendered":"<p>Resumo Os sistemas estruturais mistos t\u00eam sido bastante utilizados na constru\u00e7\u00e3o civil, tanto no contexto mundial como no Brasil. Pode-se&#8230;<\/p>\n","protected":false},"author":7,"featured_media":0,"parent":0,"menu_order":0,"comment_status":"closed","ping_status":"closed","template":"","meta":{"footnotes":""},"class_list":["post-2252","page","type-page","status-publish","hentry"],"_links":{"self":[{"href":"https:\/\/uenf.br\/posgraduacao\/engenharia-civil\/wp-json\/wp\/v2\/pages\/2252","targetHints":{"allow":["GET"]}}],"collection":[{"href":"https:\/\/uenf.br\/posgraduacao\/engenharia-civil\/wp-json\/wp\/v2\/pages"}],"about":[{"href":"https:\/\/uenf.br\/posgraduacao\/engenharia-civil\/wp-json\/wp\/v2\/types\/page"}],"author":[{"embeddable":true,"href":"https:\/\/uenf.br\/posgraduacao\/engenharia-civil\/wp-json\/wp\/v2\/users\/7"}],"replies":[{"embeddable":true,"href":"https:\/\/uenf.br\/posgraduacao\/engenharia-civil\/wp-json\/wp\/v2\/comments?post=2252"}],"version-history":[{"count":0,"href":"https:\/\/uenf.br\/posgraduacao\/engenharia-civil\/wp-json\/wp\/v2\/pages\/2252\/revisions"}],"wp:attachment":[{"href":"https:\/\/uenf.br\/posgraduacao\/engenharia-civil\/wp-json\/wp\/v2\/media?parent=2252"}],"curies":[{"name":"wp","href":"https:\/\/api.w.org\/{rel}","templated":true}]}}