{"id":2305,"date":"2018-10-03T13:31:13","date_gmt":"2018-10-03T13:31:13","guid":{"rendered":"http:\/\/uenf.br\/posgraduacao\/engenharia-civil\/?page_id=2305"},"modified":"2018-10-03T13:37:49","modified_gmt":"2018-10-03T13:37:49","slug":"dissertacoes-de-mestrado-2018-sergio-da-silva-ferreira-junior","status":"publish","type":"page","link":"https:\/\/uenf.br\/posgraduacao\/engenharia-civil\/dissertacoes-de-mestrado-2018-sergio-da-silva-ferreira-junior\/","title":{"rendered":"Disserta\u00e7\u00f5es de Mestrado 2018 &#8211; S\u00c9RGIO DA SILVA FERREIRA J\u00daNIOR"},"content":{"rendered":"<p><\/p>\n<p style=\"text-align: justify\">Resumo<\/p>\n<p style=\"text-align: justify\">Nesta disserta\u00e7\u00e3o de mestrado \u00e9 proposta uma metodologia para otimiza\u00e7\u00e3o de p\u00f3rticos planos de a\u00e7o utilizados em edifica\u00e7\u00f5es. O projeto objetiva definir estruturas mecanicamente mais eficientes atrav\u00e9s da determina\u00e7\u00e3o de perfis comerciais \u00f3timos para vigas e colunas concomitantemente com a defini\u00e7\u00e3o das rigidezes rotacionais \u00f3timas das liga\u00e7\u00f5es viga-coluna semirr\u00edgidas. Dessa forma, as\u00a0vari\u00e1veis de projeto s\u00e3o os c\u00f3digos identificadores dos perfis comerciais e as rigidezes rotacionais das liga\u00e7\u00f5es viga-coluna; as primeiras s\u00e3o tratadas como vari\u00e1veis discretas e as segundas vari\u00e1veis cont\u00ednuas. Como restri\u00e7\u00f5es de projeto considerasse o comportamento mec\u00e2nico n\u00e3o linear, de acordo com normas regulamentadoras nacionais para constru\u00e7\u00f5es de a\u00e7o. Foi desenvolvido um banco de dados com as dimens\u00f5es e as propriedades geom\u00e9tricas de perfis comerciais obtidos de fabricantes nacionais, que \u00e9 acessado automaticamente pelos m\u00f3dulos computacionais de an\u00e1lise e otimiza\u00e7\u00e3o. Foram desenvolvidos c\u00f3digos computacionais pr\u00f3prios para an\u00e1lise n\u00e3o linear geom\u00e9trica de estruturas, necess\u00e1rio para o caso de p\u00f3rticos n\u00e3o contraventados com liga\u00e7\u00f5es semirr\u00edgidas. No m\u00f3dulo de otimiza\u00e7\u00e3o foram utilizados algoritmos gen\u00e9ticos, adequado para o problema com vari\u00e1veis discretas e cont\u00ednuas que possibilitam a busca eficiente do m\u00ednimo global do problema. Todos os c\u00f3digos computacionais foram desenvolvidos no ambiente computacional MATLAB\u00ae. S\u00e3o apresentadas algumas aplica\u00e7\u00f5es utilizadas para valida\u00e7\u00e3o da metodologia proposta, confrontando com resultados dispon\u00edveis na literatura. Todavia, apresentam-se compara\u00e7\u00f5es com estudos que consideram liga\u00e7\u00f5es r\u00edgidas, mostrando que a considera\u00e7\u00e3o de liga\u00e7\u00f5es semirr\u00edgidas conduz a estruturas mecanicamente mais eficientes e consequentemente de menor custo.<\/p>\n<p style=\"text-align: right\"><a href=\"https:\/\/uenf.br\/posgraduacao\/engenharia-civil\/wp-content\/uploads\/sites\/3\/2018\/10\/Disserta\u00e7\u00e3o-Mestrado-UENF-Sergio-da-Silva-Ferreira-Junior.pdf\">Download aqui<\/a><\/p>\n<p><\/p>","protected":false},"excerpt":{"rendered":"<p>Resumo Nesta disserta\u00e7\u00e3o de mestrado \u00e9 proposta uma metodologia para otimiza\u00e7\u00e3o de p\u00f3rticos planos de a\u00e7o utilizados em edifica\u00e7\u00f5es. O&#8230;<\/p>\n","protected":false},"author":7,"featured_media":0,"parent":0,"menu_order":0,"comment_status":"closed","ping_status":"closed","template":"","meta":{"footnotes":""},"class_list":["post-2305","page","type-page","status-publish","hentry"],"_links":{"self":[{"href":"https:\/\/uenf.br\/posgraduacao\/engenharia-civil\/wp-json\/wp\/v2\/pages\/2305","targetHints":{"allow":["GET"]}}],"collection":[{"href":"https:\/\/uenf.br\/posgraduacao\/engenharia-civil\/wp-json\/wp\/v2\/pages"}],"about":[{"href":"https:\/\/uenf.br\/posgraduacao\/engenharia-civil\/wp-json\/wp\/v2\/types\/page"}],"author":[{"embeddable":true,"href":"https:\/\/uenf.br\/posgraduacao\/engenharia-civil\/wp-json\/wp\/v2\/users\/7"}],"replies":[{"embeddable":true,"href":"https:\/\/uenf.br\/posgraduacao\/engenharia-civil\/wp-json\/wp\/v2\/comments?post=2305"}],"version-history":[{"count":0,"href":"https:\/\/uenf.br\/posgraduacao\/engenharia-civil\/wp-json\/wp\/v2\/pages\/2305\/revisions"}],"wp:attachment":[{"href":"https:\/\/uenf.br\/posgraduacao\/engenharia-civil\/wp-json\/wp\/v2\/media?parent=2305"}],"curies":[{"name":"wp","href":"https:\/\/api.w.org\/{rel}","templated":true}]}}