{"id":2317,"date":"2018-10-26T13:53:38","date_gmt":"2018-10-26T13:53:38","guid":{"rendered":"http:\/\/uenf.br\/posgraduacao\/engenharia-civil\/?page_id=2317"},"modified":"2018-10-26T13:59:58","modified_gmt":"2018-10-26T13:59:58","slug":"dissertacoes-de-mestrado-2018-elisa-maria-benevenuto-barreto-tavares","status":"publish","type":"page","link":"https:\/\/uenf.br\/posgraduacao\/engenharia-civil\/dissertacoes-de-mestrado-2018-elisa-maria-benevenuto-barreto-tavares\/","title":{"rendered":"Disserta\u00e7\u00f5es de Mestrado 2018 &#8211; ELISA MARIA BENEVENUTO BARRETO TAVARES"},"content":{"rendered":"<p><\/p>\n<p style=\"text-align: justify\">Resumo<\/p>\n<p style=\"text-align: justify\">A instala\u00e7\u00e3o de estruturas offshore em grandes profundidades demanda avan\u00e7os tecnol\u00f3gicos na Engenharia, principalmente no que diz respeito aos sistemas de ancoragem de plataformas. Sendo assim, as funda\u00e7\u00f5es dessas estruturas t\u00eam sido estudadas de forma intensiva para fornecer diretrizes de projeto a plataformas flutuantes. O objetivo deste trabalho foi o desenvolvimento de modelos num\u00e9ricos de estacas de suc\u00e7\u00e3o cravadas em solo argiloso por meio da metodologia de retroan\u00e1lise num\u00e9rica, para estudar o comportamento tens\u00e3o-deforma\u00e7\u00e3o da intera\u00e7\u00e3o soloestaca. A capacidade de carga ao arrancamento vertical de estacas de suc\u00e7\u00e3o foi avaliada em rela\u00e7\u00e3o a geometrias rugosas atribu\u00eddas ao fuste. No intuito de verificar a influ\u00eancia da rugosidade nesses modelos, foram atribu\u00eddos quatro perfis de rugosidade distintos em estacas de mesma dimens\u00e3o, instaladas em um mesmo tipo de solo argiloso, cravadas a uma mesma profundidade. As an\u00e1lises foram baseadas em simula\u00e7\u00f5es num\u00e9ricas tridimensionais e axissim\u00e9tricas, executadas no software computacional Abaqus, que utiliza o M\u00e9todo dos Elementos Finitos para a obten\u00e7\u00e3o\u00a0dos resultados. A fim de se certificar da confiabilidade desses resultados, foi feita uma valida\u00e7\u00e3o, por meio de resultados de estudos anteriores, com estacas de suc\u00e7\u00e3o ensaiadas a partir de modelos centrifugados em escala reduzida, que mostrou boa concord\u00e2ncia entre eles. Os resultados das simula\u00e7\u00f5es num\u00e9ricas mostraram que a ranhura aplicada nas paredes externas das estacas de suc\u00e7\u00e3o tem papel importante na resist\u00eancia ao arrancamento das mesmas e pode ser uma alternativa para o aumento do desempenho deste tipo de funda\u00e7\u00e3o em sistemas de ancoragem vertical.<\/p>\n<p style=\"text-align: right\"><a href=\"https:\/\/uenf.br\/posgraduacao\/engenharia-civil\/wp-content\/uploads\/sites\/3\/2018\/10\/DISSERTA\u00c7\u00c3O-CORRE\u00c7\u00c3O-BANCA-ENTREGA-FINAL.pdf\">Download aqui<\/a><\/p>\n<p><\/p>","protected":false},"excerpt":{"rendered":"<p>Resumo A instala\u00e7\u00e3o de estruturas offshore em grandes profundidades demanda avan\u00e7os tecnol\u00f3gicos na Engenharia, principalmente no que diz respeito aos&#8230;<\/p>\n","protected":false},"author":7,"featured_media":0,"parent":0,"menu_order":0,"comment_status":"closed","ping_status":"closed","template":"","meta":{"footnotes":""},"class_list":["post-2317","page","type-page","status-publish","hentry"],"_links":{"self":[{"href":"https:\/\/uenf.br\/posgraduacao\/engenharia-civil\/wp-json\/wp\/v2\/pages\/2317","targetHints":{"allow":["GET"]}}],"collection":[{"href":"https:\/\/uenf.br\/posgraduacao\/engenharia-civil\/wp-json\/wp\/v2\/pages"}],"about":[{"href":"https:\/\/uenf.br\/posgraduacao\/engenharia-civil\/wp-json\/wp\/v2\/types\/page"}],"author":[{"embeddable":true,"href":"https:\/\/uenf.br\/posgraduacao\/engenharia-civil\/wp-json\/wp\/v2\/users\/7"}],"replies":[{"embeddable":true,"href":"https:\/\/uenf.br\/posgraduacao\/engenharia-civil\/wp-json\/wp\/v2\/comments?post=2317"}],"version-history":[{"count":0,"href":"https:\/\/uenf.br\/posgraduacao\/engenharia-civil\/wp-json\/wp\/v2\/pages\/2317\/revisions"}],"wp:attachment":[{"href":"https:\/\/uenf.br\/posgraduacao\/engenharia-civil\/wp-json\/wp\/v2\/media?parent=2317"}],"curies":[{"name":"wp","href":"https:\/\/api.w.org\/{rel}","templated":true}]}}